{"id":26062,"date":"2022-01-18T13:27:17","date_gmt":"2022-01-18T13:27:17","guid":{"rendered":"https:\/\/neuchatel-vins-terroir.ch\/home\/"},"modified":"2026-03-30T15:26:30","modified_gmt":"2026-03-30T15:26:30","slug":"home","status":"publish","type":"page","link":"https:\/\/neuchatel-vins-terroir.ch\/de\/","title":{"rendered":"Home"},"content":{"rendered":"\n<div class=\"wp-block-cover alignfull has-custom-content-position is-position-bottom-center wp-duotone-unset-1\" style=\"border-style:none;border-width:0px;border-radius:0px;padding-top:0;padding-right:0;padding-bottom:0;padding-left:0;min-height:680px;aspect-ratio:unset;\"><img loading=\"lazy\" decoding=\"async\" width=\"2560\" height=\"1707\" class=\"wp-block-cover__image-background wp-image-47464 size-full\" alt=\"\" src=\"https:\/\/neuchatel-vins-terroir.ch\/wp-content\/uploads\/2026\/03\/16_CavesOuvertes2025-scaled.jpg\" data-object-fit=\"cover\" srcset=\"https:\/\/neuchatel-vins-terroir.ch\/wp-content\/uploads\/2026\/03\/16_CavesOuvertes2025-scaled.jpg 2560w, https:\/\/neuchatel-vins-terroir.ch\/wp-content\/uploads\/2026\/03\/16_CavesOuvertes2025-300x200.jpg 300w, https:\/\/neuchatel-vins-terroir.ch\/wp-content\/uploads\/2026\/03\/16_CavesOuvertes2025-1024x683.jpg 1024w, https:\/\/neuchatel-vins-terroir.ch\/wp-content\/uploads\/2026\/03\/16_CavesOuvertes2025-768x512.jpg 768w, https:\/\/neuchatel-vins-terroir.ch\/wp-content\/uploads\/2026\/03\/16_CavesOuvertes2025-1536x1024.jpg 1536w, https:\/\/neuchatel-vins-terroir.ch\/wp-content\/uploads\/2026\/03\/16_CavesOuvertes2025-2048x1365.jpg 2048w, https:\/\/neuchatel-vins-terroir.ch\/wp-content\/uploads\/2026\/03\/16_CavesOuvertes2025-600x400.jpg 600w\" sizes=\"auto, (max-width: 2560px) 100vw, 2560px\" \/><span aria-hidden=\"true\" class=\"wp-block-cover__background has-secondary-background-color has-background-dim-30 has-background-dim\"><\/span><div class=\"wp-block-cover__inner-container is-layout-constrained wp-container-core-cover-is-layout-639b5052 wp-block-cover-is-layout-constrained\">\n<div class=\"wp-block-group alignwide is-layout-constrained wp-block-group-is-layout-constrained\" style=\"padding-bottom:var(--wp--preset--spacing--70)\">\n<h2 class=\"wp-block-heading has-text-align-center has-white-color has-text-color has-link-color has-xxl-font-size wp-elements-9ae1680c453a1b271a4ba074958c09c9\" id=\"plongez-dans-lunivers-des-vins-de-neuchatel\" style=\"margin-right:0;margin-left:0;padding-right:0;padding-left:0\">OFFENE WEINKELLER NEUENBURG<br\/>8. und 9. MAI 2026<\/h2>\n\n\n\n<div class=\"wp-block-buttons has-custom-font-size has-xl-font-size is-content-justification-center is-layout-flex wp-container-core-buttons-is-layout-adf4db63 wp-block-buttons-is-layout-flex\" style=\"padding-top:0;padding-bottom:0\">\n<div class=\"wp-block-button is-style-fill\"><a class=\"wp-block-button__link has-bordeaux-background-color has-background has-regular-font-size has-text-align-center has-custom-font-size wp-element-button\" href=\"https:\/\/offeneweinkellerneuenburg.ch\/\" target=\"_blank\" rel=\"noreferrer noopener\">Informationen und Ticketverkauf<\/a><\/div>\n<\/div>\n\n\n\n<div class=\"wp-block-buttons is-content-justification-center is-layout-flex wp-container-core-buttons-is-layout-a89b3969 wp-block-buttons-is-layout-flex\"><\/div>\n<\/div>\n<\/div><\/div>\n\n<div style=\"height:30px\" aria-hidden=\"true\" class=\"wp-block-spacer\"><\/div>\n\n<h2 class=\"wp-block-heading has-text-align-center\">Neuch\u00e2tel Vins et Terroir<\/h2>\n\n<p class=\"has-text-align-center has-medium-font-size\">Wir werben f\u00fcr ein Terroir mit Charakter. Neuch\u00e2tel Vins et Terroir wertet die Geschmacksvielfalt unseres Kantons vom Terroir bis auf den Tisch auf. Wir verpflichten uns, die Weine mit der AOC Neuch\u00e2tel, die Produkte mit dem Zertifikat Neuch\u00e2tel Vins et Terroir sowie die traditionellen Produkte unserer Region hervorzuheben.<\/p>\n\n<div class=\"wp-block-buttons is-horizontal is-content-justification-center is-layout-flex wp-container-core-buttons-is-layout-03627597 wp-block-buttons-is-layout-flex\">\n<div class=\"wp-block-button\"><a class=\"wp-block-button__link wp-element-button\" href=\"https:\/\/neuchatelvinsterroir.ch\/association\/\">Mehr erfahren<\/a><\/div>\n<\/div>\n\n<div style=\"height:60px\" aria-hidden=\"true\" class=\"wp-block-spacer\"><\/div>\n\n<p class=\"has-text-align-center has-xl-font-size\">Degustation 2026 von \u018e\u0317\ua4e4\ua4d5\ua4f6I\u15b5 NON <\/p>\n\n<figure class=\"wp-block-embed aligncenter is-type-video is-provider-youtube wp-block-embed-youtube wp-embed-aspect-16-9 wp-has-aspect-ratio\"><div class=\"wp-block-embed__wrapper\">\n<iframe loading=\"lazy\" title=\"Retour sur la d\u00e9gustation publique 2026 du Non Filtr\u00e9\" width=\"500\" height=\"281\" src=\"https:\/\/www.youtube.com\/embed\/uuFL7oYvmp4?feature=oembed\" frameborder=\"0\" allow=\"accelerometer; autoplay; clipboard-write; encrypted-media; gyroscope; picture-in-picture; web-share\" referrerpolicy=\"strict-origin-when-cross-origin\" allowfullscreen><\/iframe>\n<\/div><\/figure>\n\n<div style=\"height:108px\" aria-hidden=\"true\" class=\"wp-block-spacer\"><\/div>\n\n<div class=\"wp-block-columns is-layout-flex wp-container-core-columns-is-layout-28f84493 wp-block-columns-is-layout-flex\">\n<div class=\"wp-block-column p-6 has-lighter-background-color has-background is-layout-flow wp-block-column-is-layout-flow\">\n<h2 class=\"wp-block-heading has-text-align-center\"><a href=\"https:\/\/neuchatel-vins-terroir.ch\/de\/news\/\" data-type=\"URL\" data-id=\"https:\/\/neuchatel-vins-terroir.ch\/blog\/\">Unsere Nachrichten<\/a><\/h2>\n\n\n\n<div style=\"height:11px\" aria-hidden=\"true\" class=\"wp-block-spacer\"><\/div>\n\n\n\n<div class=\"wp-block-query is-layout-flow wp-block-query-is-layout-flow\"><ul class=\"wp-block-post-template is-layout-flow wp-block-post-template-is-layout-flow\"><li class=\"wp-block-post post-39506 post type-post status-publish format-standard has-post-thumbnail hentry category-veranstaltungen-messen-ausstellungen\">\n<h2 class=\"wp-block-post-title\"><a href=\"https:\/\/neuchatel-vins-terroir.ch\/de\/das-winzerdorf-fete-des-vendanges-2025\/\" target=\"_self\" >Das Winzerdorf &#8211; F\u00eate des Vendanges 2025<\/a><\/h2>\n\n<figure style=\"width:250px;\" class=\"aligncenter wp-block-post-featured-image\"><a href=\"https:\/\/neuchatel-vins-terroir.ch\/de\/das-winzerdorf-fete-des-vendanges-2025\/\" target=\"_self\"  ><img loading=\"lazy\" decoding=\"async\" width=\"2560\" height=\"1752\" src=\"https:\/\/neuchatel-vins-terroir.ch\/wp-content\/uploads\/2024\/01\/IMG_4030-Enhanced-NR-scaled.jpg\" class=\"attachment-post-thumbnail size-post-thumbnail wp-post-image\" alt=\"Das Winzerdorf &#8211; F\u00eate des Vendanges 2025\" style=\"object-fit:cover;\" srcset=\"https:\/\/neuchatel-vins-terroir.ch\/wp-content\/uploads\/2024\/01\/IMG_4030-Enhanced-NR-scaled.jpg 2560w, https:\/\/neuchatel-vins-terroir.ch\/wp-content\/uploads\/2024\/01\/IMG_4030-Enhanced-NR-300x205.jpg 300w, https:\/\/neuchatel-vins-terroir.ch\/wp-content\/uploads\/2024\/01\/IMG_4030-Enhanced-NR-1024x701.jpg 1024w, https:\/\/neuchatel-vins-terroir.ch\/wp-content\/uploads\/2024\/01\/IMG_4030-Enhanced-NR-768x526.jpg 768w, https:\/\/neuchatel-vins-terroir.ch\/wp-content\/uploads\/2024\/01\/IMG_4030-Enhanced-NR-1536x1051.jpg 1536w, https:\/\/neuchatel-vins-terroir.ch\/wp-content\/uploads\/2024\/01\/IMG_4030-Enhanced-NR-2048x1401.jpg 2048w, https:\/\/neuchatel-vins-terroir.ch\/wp-content\/uploads\/2024\/01\/IMG_4030-Enhanced-NR-600x411.jpg 600w\" sizes=\"auto, (max-width: 2560px) 100vw, 2560px\" \/><\/a><\/figure>\n\n<div class=\"wp-block-post-excerpt\"><p class=\"wp-block-post-excerpt__excerpt\">Dieses Jahr beherbergt das Winzerdorf w\u00e4hrend des Weinlesefestes 21 Chalets. Winzer, Produzenten und Partner sind Teil des Winzerdorfes. Sie repr\u00e4sentieren<\/p><p class=\"wp-block-post-excerpt__more-text\"><a class=\"wp-block-post-excerpt__more-link\" href=\"https:\/\/neuchatel-vins-terroir.ch\/de\/das-winzerdorf-fete-des-vendanges-2025\/\">&#8222;Lesen Sie mehr&#8220;<\/a><\/p><\/div>\n\n\n<hr class=\"wp-block-separator has-css-opacity\"\/>\n\n\n<div class=\"wp-block-post-date\"><time datetime=\"2025-09-12T09:18:40+00:00\">12. September 2025<\/time><\/div>\n<\/li><\/ul><\/div>\n<\/div>\n\n\n\n<div class=\"wp-block-column is-layout-flow wp-block-column-is-layout-flow\" style=\"flex-basis:15px\">\n<div style=\"height:100px\" aria-hidden=\"true\" class=\"wp-block-spacer\"><\/div>\n<\/div>\n\n\n\n<div class=\"wp-block-column is-layout-flow wp-block-column-is-layout-flow\">\n<h2 class=\"wp-block-heading has-text-align-center\"><a href=\"https:\/\/neuchatel-vins-terroir.ch\/vins\/vigneron%e2%8b%85ne%e2%8b%85s-et-encaveu%e2%8b%85euse%e2%8b%85s\/\">Entdecken Sie die Winzer<\/a><\/h2>\n\n\n\n<figure class=\"wp-block-image size-large\"><a href=\"https:\/\/neuchatel-vins-terroir.ch\/de\/weine\/winzer\/\"><img loading=\"lazy\" decoding=\"async\" width=\"1024\" height=\"683\" src=\"https:\/\/neuchatel-vins-terroir.ch\/wp-content\/uploads\/2022\/06\/GPE-8652-1-1024x683.jpg\" alt=\"\" class=\"wp-image-29502\" srcset=\"https:\/\/neuchatel-vins-terroir.ch\/wp-content\/uploads\/2022\/06\/GPE-8652-1-1024x683.jpg 1024w, https:\/\/neuchatel-vins-terroir.ch\/wp-content\/uploads\/2022\/06\/GPE-8652-1-600x400.jpg 600w, https:\/\/neuchatel-vins-terroir.ch\/wp-content\/uploads\/2022\/06\/GPE-8652-1-300x200.jpg 300w, https:\/\/neuchatel-vins-terroir.ch\/wp-content\/uploads\/2022\/06\/GPE-8652-1-768x512.jpg 768w, https:\/\/neuchatel-vins-terroir.ch\/wp-content\/uploads\/2022\/06\/GPE-8652-1-1536x1024.jpg 1536w, https:\/\/neuchatel-vins-terroir.ch\/wp-content\/uploads\/2022\/06\/GPE-8652-1-2048x1366.jpg 2048w\" sizes=\"auto, (max-width: 1024px) 100vw, 1024px\" \/><\/a><\/figure>\n\n\n\n<p>53 Winzer, verteilt zwischen Le Landeron und Vaumarcus, k\u00fcmmern sich um ein 600 ha gro\u00dfes Weinbaugebiet. Sie produzieren im Jahresdurchschnitt 35-40.000 hl Wein.<\/p>\n\n\n\n<p>Derzeit werden auf 40 % der Fl\u00e4che wei\u00dfe Rebsorten angebaut, haupts\u00e4chlich Chasselas, Pinot Gris und Chardonnay, und auf 60 % rote Rebsorten, haupts\u00e4chlich Pinot Noir. Damit Authentizit\u00e4t und Qualit\u00e4t gew\u00e4hrleistet sind, d\u00fcrfen nur zw\u00f6lf Rebsorten f\u00fcr die Herstellung von Weinen mit der Appellation d&#8217;Origine Contr\u00f4l\u00e9e (AOC) Neuch\u00e2tel verwendet werden. <\/p>\n\n\n\n<p><a href=\"https:\/\/neuchatel-vins-terroir.ch\/de\/weine\/winzer\/\" data-type=\"URL\" data-id=\"https:\/\/neuchatel-vins-terroir.ch\/vins\/vignerons\/\">Die Neuenburger Winzer<\/a><\/p>\n\n\n\n<div class=\"wp-block-buttons is-content-justification-center is-layout-flex wp-container-core-buttons-is-layout-a89b3969 wp-block-buttons-is-layout-flex\"><\/div>\n\n\n\n<p><\/p>\n<\/div>\n\n\n\n<div class=\"wp-block-column is-layout-flow wp-block-column-is-layout-flow\">\n<h2 class=\"wp-block-heading has-text-align-center\"><a href=\"https:\/\/neuchatel-vins-terroir.ch\/de\/terroir\/\">Entdecken Sie Partner und Produzenten<\/a><\/h2>\n\n\n\n<figure class=\"wp-block-image size-full\"><a href=\"https:\/\/neuchatel-vins-terroir.ch\/de\/terroir\/\"><img loading=\"lazy\" decoding=\"async\" width=\"1024\" height=\"860\" src=\"https:\/\/neuchatel-vins-terroir.ch\/wp-content\/uploads\/2022\/06\/Planche_A3_CMJN_2_V1-1.jpg\" alt=\"\" class=\"wp-image-29535\" srcset=\"https:\/\/neuchatel-vins-terroir.ch\/wp-content\/uploads\/2022\/06\/Planche_A3_CMJN_2_V1-1.jpg 1024w, https:\/\/neuchatel-vins-terroir.ch\/wp-content\/uploads\/2022\/06\/Planche_A3_CMJN_2_V1-1-600x504.jpg 600w, https:\/\/neuchatel-vins-terroir.ch\/wp-content\/uploads\/2022\/06\/Planche_A3_CMJN_2_V1-1-300x252.jpg 300w, https:\/\/neuchatel-vins-terroir.ch\/wp-content\/uploads\/2022\/06\/Planche_A3_CMJN_2_V1-1-768x645.jpg 768w\" sizes=\"auto, (max-width: 1024px) 100vw, 1024px\" \/><\/a><\/figure>\n\n\n\n<p> Die bekanntesten Spezialit\u00e4ten sind nat\u00fcrlich die Saucisson neuch\u00e2telois und die Taillaule. Bei den K\u00e4sesorten findet man den Britchon oder den Bleuch\u00e2tel<\/p>\n\n\n\n<p>Zudem erf\u00fcllt eine Vielfalt an weiteren Produkten wie handgemachte Nudeln, Linsen, Kichererbsen oder s\u00fc\u00dfe und salzige Kekse die Kriterien des Labels Neuch\u00e2tel Vins et Terroir und erg\u00e4nzen die Liste der Produkte aus unserer Region.<\/p>\n\n\n\n<p><a href=\"https:\/\/neuchatel-vins-terroir.ch\/de\/terroir\/\">Produkte, Produzenten, Partner und Verkaufsstellen<\/a><\/p>\n<\/div>\n<\/div>\n\n<div style=\"height:96px\" aria-hidden=\"true\" class=\"wp-block-spacer\"><\/div>\n\n<p><\/p>\n\n<hr class=\"wp-block-separator has-text-color has-lighter-color has-alpha-channel-opacity has-lighter-background-color has-background is-style-wide\"\/>\n\n<hr class=\"wp-block-separator has-text-color has-lighter-color has-alpha-channel-opacity has-lighter-background-color has-background is-style-wide\"\/>\n\n<p><\/p>\n","protected":false},"excerpt":{"rendered":"<p>Neuch\u00e2tel Vins et Terroir Wir werben f\u00fcr ein Terroir mit Charakter. Neuch\u00e2tel Vins et Terroir wertet die Geschmacksvielfalt unseres Kantons [&hellip;]<\/p>\n","protected":false},"author":9,"featured_media":29425,"parent":0,"menu_order":87,"comment_status":"closed","ping_status":"open","template":"","meta":{"_acf_changed":false,"_kad_blocks_custom_css":"","_kad_blocks_head_custom_js":"","_kad_blocks_body_custom_js":"","_kad_blocks_footer_custom_js":"","footnotes":""},"class_list":["post-26062","page","type-page","status-publish","has-post-thumbnail","hentry"],"acf":[],"taxonomy_info":[],"featured_image_src_large":["https:\/\/neuchatel-vins-terroir.ch\/wp-content\/uploads\/2022\/06\/NVT_CAVES_OUVERTES-6702-1024x683.jpg",1024,683,true],"author_info":{"display_name":"dc-admin","author_link":"https:\/\/neuchatel-vins-terroir.ch\/de\/author\/tm-admin\/"},"comment_info":0,"publishpress_future_workflow_manual_trigger":{"enabledWorkflows":[]},"_links":{"self":[{"href":"https:\/\/neuchatel-vins-terroir.ch\/de\/wp-json\/wp\/v2\/pages\/26062","targetHints":{"allow":["GET"]}}],"collection":[{"href":"https:\/\/neuchatel-vins-terroir.ch\/de\/wp-json\/wp\/v2\/pages"}],"about":[{"href":"https:\/\/neuchatel-vins-terroir.ch\/de\/wp-json\/wp\/v2\/types\/page"}],"author":[{"embeddable":true,"href":"https:\/\/neuchatel-vins-terroir.ch\/de\/wp-json\/wp\/v2\/users\/9"}],"replies":[{"embeddable":true,"href":"https:\/\/neuchatel-vins-terroir.ch\/de\/wp-json\/wp\/v2\/comments?post=26062"}],"version-history":[{"count":69,"href":"https:\/\/neuchatel-vins-terroir.ch\/de\/wp-json\/wp\/v2\/pages\/26062\/revisions"}],"predecessor-version":[{"id":47481,"href":"https:\/\/neuchatel-vins-terroir.ch\/de\/wp-json\/wp\/v2\/pages\/26062\/revisions\/47481"}],"wp:featuredmedia":[{"embeddable":true,"href":"https:\/\/neuchatel-vins-terroir.ch\/de\/wp-json\/wp\/v2\/media\/29425"}],"wp:attachment":[{"href":"https:\/\/neuchatel-vins-terroir.ch\/de\/wp-json\/wp\/v2\/media?parent=26062"}],"curies":[{"name":"wp","href":"https:\/\/api.w.org\/{rel}","templated":true}]}}