{"id":26276,"date":"2022-01-26T08:10:01","date_gmt":"2022-01-26T08:10:01","guid":{"rendered":"https:\/\/neuchatel-vins-terroir.ch\/weine\/"},"modified":"2025-06-06T09:49:50","modified_gmt":"2025-06-06T09:49:50","slug":"weine","status":"publish","type":"page","link":"https:\/\/neuchatel-vins-terroir.ch\/de\/weine\/","title":{"rendered":"Weine"},"content":{"rendered":"\n<div style=\"height:42px\" aria-hidden=\"true\" id=\"non-filtrer\" class=\"wp-block-spacer\"><\/div>\n\n\n\n<p class=\"has-text-align-center\">Auf der Suche nach Authentizit\u00e4t und Qualit\u00e4t konzentriert sich das Neuenburger Weinbaugebiet auf charakterstarke Rebsorten. Derzeit tragen 12 Rebsorten die kontrollierte Ursprungsbezeichnung Neuch\u00e2tel. (AOC Neuch\u00e2tel). Drei Weine spiegeln die typischen Charakterz\u00fcge der Neuenburger wider: der Non Filtr\u00e9 durch seine Lebendigkeit, der \u0152il de Perdrix durch seine Frische und der Pinot Noir durch seine Authentizit\u00e4t. <\/p>\n\n\n\n<p class=\"has-text-align-center\">Trotz seiner kleinen Fl\u00e4che wei\u00df das Neuenburger Weinbaugebiet bei verschiedenen schweizerischen und internationalen Wettbewerben auf sich aufmerksam zu machen. Auf der Neuenburger Seite wird jedes Jahr bei der kantonalen Weinauswahl die t\u00e4gliche Arbeit der Winzer hervorgehoben und der Neuenburger Einkellerer-Botschafter f\u00fcr das Jahr gew\u00e4hlt.<br><a href=\"https:\/\/neuchatel-vins-terroir.ch\/de\/resultate-und-preisverleihung-der-auswahl-der-neuenburger-weine\/\">Entdecken Sie die preisgekr\u00f6nten Weine <\/a><\/p>\n\n\n\n<div style=\"height:42px\" aria-hidden=\"true\" id=\"non-filtrer\" class=\"wp-block-spacer\"><\/div>\n\n\n\n<div class=\"wp-block-group has-lighter-background-color has-background is-layout-flow wp-block-group-is-layout-flow\">\n<div class=\"wp-block-columns is-layout-flex wp-container-core-columns-is-layout-28f84493 wp-block-columns-is-layout-flex\">\n<div class=\"wp-block-column is-layout-flow wp-block-column-is-layout-flow\">\n<h2 class=\"wp-block-heading\">Neuch\u00e2tel<br>Non Filtr\u00e9<\/h2>\n\n\n\n<h3 class=\"wp-block-heading\">Der erste Wein des Jahres<\/h3>\n\n\n\n<figure class=\"wp-block-image aligncenter size-large\"><a href=\"https:\/\/neuchatel-vins-terroir.ch\/de\/neuenburg-non-filtre\/\"><img loading=\"lazy\" decoding=\"async\" width=\"1599\" height=\"2560\" src=\"https:\/\/neuchatel-vins-terroir.ch\/wp-content\/uploads\/2022\/10\/Vins_Page_3-edited.jpg\" alt=\"\" class=\"wp-image-31579\" srcset=\"https:\/\/neuchatel-vins-terroir.ch\/wp-content\/uploads\/2022\/10\/Vins_Page_3-edited.jpg 1599w, https:\/\/neuchatel-vins-terroir.ch\/wp-content\/uploads\/2022\/10\/Vins_Page_3-edited-187x300.jpg 187w, https:\/\/neuchatel-vins-terroir.ch\/wp-content\/uploads\/2022\/10\/Vins_Page_3-edited-640x1024.jpg 640w, https:\/\/neuchatel-vins-terroir.ch\/wp-content\/uploads\/2022\/10\/Vins_Page_3-edited-768x1230.jpg 768w, https:\/\/neuchatel-vins-terroir.ch\/wp-content\/uploads\/2022\/10\/Vins_Page_3-edited-959x1536.jpg 959w, https:\/\/neuchatel-vins-terroir.ch\/wp-content\/uploads\/2022\/10\/Vins_Page_3-edited-1279x2048.jpg 1279w, https:\/\/neuchatel-vins-terroir.ch\/wp-content\/uploads\/2022\/10\/Vins_Page_3-edited-600x961.jpg 600w\" sizes=\"auto, (max-width: 1599px) 100vw, 1599px\" \/><\/a><\/figure>\n\n\n\n<p>Dank seiner verbl\u00fcffenden Frische und glatten Rundheit ist der Neuch\u00e2tel Non Filtr\u00e9 f\u00fcr Kenner und Liebhaber ein echter Vorbote des Fr\u00fchlings.<\/p>\n\n\n\n<div class=\"wp-block-buttons is-content-justification-center is-layout-flex wp-container-core-buttons-is-layout-a89b3969 wp-block-buttons-is-layout-flex\">\n<div class=\"wp-block-button\"><a class=\"wp-block-button__link wp-element-button\" href=\"https:\/\/neuchatel-vins-terroir.ch\/de\/neuenburg-non-filtre\/\">Mehr erfahren<\/a><\/div>\n<\/div>\n<\/div>\n\n\n\n<div class=\"wp-block-column is-layout-flow wp-block-column-is-layout-flow\">\n<h2 class=\"wp-block-heading\">Neuch\u00e2tel<br>\u0152il de Perdrix<\/h2>\n\n\n\n<h3 class=\"wp-block-heading\">Die Ikone und das Original<\/h3>\n\n\n\n<figure class=\"wp-block-image size-large\"><a href=\"https:\/\/neuchatel-vins-terroir.ch\/de\/neuenburger-oeil-de-perdrix\/\"><img loading=\"lazy\" decoding=\"async\" width=\"1599\" height=\"2560\" src=\"https:\/\/neuchatel-vins-terroir.ch\/wp-content\/uploads\/2022\/10\/Vins_Page_4-edited-1.jpg\" alt=\"\" class=\"wp-image-31576\" srcset=\"https:\/\/neuchatel-vins-terroir.ch\/wp-content\/uploads\/2022\/10\/Vins_Page_4-edited-1.jpg 1599w, https:\/\/neuchatel-vins-terroir.ch\/wp-content\/uploads\/2022\/10\/Vins_Page_4-edited-1-187x300.jpg 187w, https:\/\/neuchatel-vins-terroir.ch\/wp-content\/uploads\/2022\/10\/Vins_Page_4-edited-1-640x1024.jpg 640w, https:\/\/neuchatel-vins-terroir.ch\/wp-content\/uploads\/2022\/10\/Vins_Page_4-edited-1-768x1230.jpg 768w, https:\/\/neuchatel-vins-terroir.ch\/wp-content\/uploads\/2022\/10\/Vins_Page_4-edited-1-959x1536.jpg 959w, https:\/\/neuchatel-vins-terroir.ch\/wp-content\/uploads\/2022\/10\/Vins_Page_4-edited-1-1279x2048.jpg 1279w, https:\/\/neuchatel-vins-terroir.ch\/wp-content\/uploads\/2022\/10\/Vins_Page_4-edited-1-600x961.jpg 600w\" sizes=\"auto, (max-width: 1599px) 100vw, 1599px\" \/><\/a><\/figure>\n\n\n\n<p>Der aus kurz verg\u00e4rten Pinot-Noir-Trauben gewonnene \u00ab\u0152il de Perdrix\u00bb wird hier, an seinem Ursprungsort, immer weiter entwickelt. Die Winzer sind stolz auf ihren \u00ab\u0152il\u00bb, dessen erste Belege bis ins 19. Jahrhundert zur\u00fcckreichen. Der ikonische Ros\u00e9 stammt urspr\u00fcnglich aus dem Kanton Neuenburg, deshalb ist der Neuch\u00e2tel \u0152il de Perdrix f\u00fcr Kenner \u00abdas Original\u00bb.<\/p>\n\n\n\n<div class=\"wp-block-buttons is-content-justification-center is-layout-flex wp-container-core-buttons-is-layout-a89b3969 wp-block-buttons-is-layout-flex\">\n<div class=\"wp-block-button\"><a class=\"wp-block-button__link wp-element-button\" href=\"https:\/\/neuchatel-vins-terroir.ch\/de\/neuenburger-oeil-de-perdrix\/\">Mehr erfahren<\/a><\/div>\n<\/div>\n<\/div>\n\n\n\n<div class=\"wp-block-column is-layout-flow wp-block-column-is-layout-flow\">\n<h2 class=\"wp-block-heading\">Neuch\u00e2tel<br>Pinot Noir<\/h2>\n\n\n\n<h3 class=\"wp-block-heading\">Das Unvermeidliche<\/h3>\n\n\n\n<figure class=\"wp-block-image size-large\"><a href=\"https:\/\/neuchatel-vins-terroir.ch\/de\/neuenburger-pinot-noir\/\"><img loading=\"lazy\" decoding=\"async\" width=\"1599\" height=\"2560\" src=\"https:\/\/neuchatel-vins-terroir.ch\/wp-content\/uploads\/2022\/10\/Vins_Page_2-edited.jpg\" alt=\"\" class=\"wp-image-31582\" srcset=\"https:\/\/neuchatel-vins-terroir.ch\/wp-content\/uploads\/2022\/10\/Vins_Page_2-edited.jpg 1599w, https:\/\/neuchatel-vins-terroir.ch\/wp-content\/uploads\/2022\/10\/Vins_Page_2-edited-187x300.jpg 187w, https:\/\/neuchatel-vins-terroir.ch\/wp-content\/uploads\/2022\/10\/Vins_Page_2-edited-640x1024.jpg 640w, https:\/\/neuchatel-vins-terroir.ch\/wp-content\/uploads\/2022\/10\/Vins_Page_2-edited-768x1230.jpg 768w, https:\/\/neuchatel-vins-terroir.ch\/wp-content\/uploads\/2022\/10\/Vins_Page_2-edited-959x1536.jpg 959w, https:\/\/neuchatel-vins-terroir.ch\/wp-content\/uploads\/2022\/10\/Vins_Page_2-edited-1279x2048.jpg 1279w, https:\/\/neuchatel-vins-terroir.ch\/wp-content\/uploads\/2022\/10\/Vins_Page_2-edited-600x961.jpg 600w\" sizes=\"auto, (max-width: 1599px) 100vw, 1599px\" \/><\/a><\/figure>\n\n\n\n<p>Der Pinot Noir wird in der Region Neuch\u00e2tel seit \u00fcber tausend Jahren angebaut und ist hier ebenso heimisch, wie im Nordosten Frankreichs, zwischen dem Burgund und dem Elsass.<\/p>\n\n\n\n<div class=\"wp-block-buttons is-content-justification-center is-layout-flex wp-container-core-buttons-is-layout-a89b3969 wp-block-buttons-is-layout-flex\">\n<div class=\"wp-block-button\"><a class=\"wp-block-button__link wp-element-button\" href=\"https:\/\/neuchatel-vins-terroir.ch\/de\/neuenburger-pinot-noir\/\">Mehr erfahren<\/a><\/div>\n<\/div>\n<\/div>\n<\/div>\n<\/div>\n\n\n\n<div style=\"height:100px\" aria-hidden=\"true\" class=\"wp-block-spacer\"><\/div>\n","protected":false},"excerpt":{"rendered":"<p>Auf der Suche nach Authentizit\u00e4t und Qualit\u00e4t konzentriert sich das Neuenburger Weinbaugebiet auf charakterstarke Rebsorten. Derzeit tragen 12 Rebsorten die [&hellip;]<\/p>\n","protected":false},"author":9,"featured_media":0,"parent":0,"menu_order":101,"comment_status":"closed","ping_status":"closed","template":"","meta":{"_acf_changed":false,"_kad_blocks_custom_css":"","_kad_blocks_head_custom_js":"","_kad_blocks_body_custom_js":"","_kad_blocks_footer_custom_js":"","footnotes":""},"class_list":["post-26276","page","type-page","status-publish","hentry"],"acf":[],"yoast_head":"<!-- This site is optimized with the Yoast SEO plugin v27.4 - https:\/\/yoast.com\/product\/yoast-seo-wordpress\/ -->\n<title>Weine - Neuch\u00e2tel vins et terroir<\/title>\n<meta name=\"robots\" content=\"index, follow, max-snippet:-1, max-image-preview:large, max-video-preview:-1\" \/>\n<link rel=\"canonical\" href=\"https:\/\/neuchatel-vins-terroir.ch\/de\/weine\/\" \/>\n<meta property=\"og:locale\" content=\"de_DE\" \/>\n<meta property=\"og:type\" content=\"article\" \/>\n<meta property=\"og:title\" content=\"Weine - Neuch\u00e2tel vins et terroir\" \/>\n<meta property=\"og:description\" content=\"Auf der Suche nach Authentizit\u00e4t und Qualit\u00e4t konzentriert sich das Neuenburger Weinbaugebiet auf charakterstarke Rebsorten. Derzeit tragen 12 Rebsorten die [&hellip;]\" \/>\n<meta property=\"og:url\" content=\"https:\/\/neuchatel-vins-terroir.ch\/de\/weine\/\" \/>\n<meta property=\"og:site_name\" content=\"Neuch\u00e2tel vins et terroir\" \/>\n<meta property=\"article:modified_time\" content=\"2025-06-06T09:49:50+00:00\" \/>\n<meta property=\"og:image\" content=\"https:\/\/neuchatel-vins-terroir.ch\/wp-content\/uploads\/2022\/10\/Vins_Page_3-edited.jpg\" \/>\n\t<meta property=\"og:image:width\" content=\"1599\" \/>\n\t<meta property=\"og:image:height\" content=\"2560\" \/>\n\t<meta property=\"og:image:type\" content=\"image\/jpeg\" \/>\n<meta name=\"twitter:card\" content=\"summary_large_image\" \/>\n<meta name=\"twitter:label1\" content=\"Gesch\u00e4tzte Lesezeit\" \/>\n\t<meta name=\"twitter:data1\" content=\"1\u00a0Minute\" \/>\n<script type=\"application\/ld+json\" class=\"yoast-schema-graph\">{\"@context\":\"https:\\\/\\\/schema.org\",\"@graph\":[{\"@type\":\"WebPage\",\"@id\":\"https:\\\/\\\/neuchatel-vins-terroir.ch\\\/de\\\/weine\\\/\",\"url\":\"https:\\\/\\\/neuchatel-vins-terroir.ch\\\/de\\\/weine\\\/\",\"name\":\"Weine - Neuch\u00e2tel vins et terroir\",\"isPartOf\":{\"@id\":\"https:\\\/\\\/neuchatel-vins-terroir.ch\\\/#website\"},\"primaryImageOfPage\":{\"@id\":\"https:\\\/\\\/neuchatel-vins-terroir.ch\\\/de\\\/weine\\\/#primaryimage\"},\"image\":{\"@id\":\"https:\\\/\\\/neuchatel-vins-terroir.ch\\\/de\\\/weine\\\/#primaryimage\"},\"thumbnailUrl\":\"https:\\\/\\\/neuchatel-vins-terroir.ch\\\/wp-content\\\/uploads\\\/2022\\\/10\\\/Vins_Page_3-edited.jpg\",\"datePublished\":\"2022-01-26T08:10:01+00:00\",\"dateModified\":\"2025-06-06T09:49:50+00:00\",\"breadcrumb\":{\"@id\":\"https:\\\/\\\/neuchatel-vins-terroir.ch\\\/de\\\/weine\\\/#breadcrumb\"},\"inLanguage\":\"de\",\"potentialAction\":[{\"@type\":\"ReadAction\",\"target\":[\"https:\\\/\\\/neuchatel-vins-terroir.ch\\\/de\\\/weine\\\/\"]}]},{\"@type\":\"ImageObject\",\"inLanguage\":\"de\",\"@id\":\"https:\\\/\\\/neuchatel-vins-terroir.ch\\\/de\\\/weine\\\/#primaryimage\",\"url\":\"https:\\\/\\\/neuchatel-vins-terroir.ch\\\/wp-content\\\/uploads\\\/2022\\\/10\\\/Vins_Page_3-edited.jpg\",\"contentUrl\":\"https:\\\/\\\/neuchatel-vins-terroir.ch\\\/wp-content\\\/uploads\\\/2022\\\/10\\\/Vins_Page_3-edited.jpg\"},{\"@type\":\"BreadcrumbList\",\"@id\":\"https:\\\/\\\/neuchatel-vins-terroir.ch\\\/de\\\/weine\\\/#breadcrumb\",\"itemListElement\":[{\"@type\":\"ListItem\",\"position\":1,\"name\":\"Accueil\",\"item\":\"https:\\\/\\\/neuchatel-vins-terroir.ch\\\/de\\\/home\\\/\"},{\"@type\":\"ListItem\",\"position\":2,\"name\":\"Weine\"}]},{\"@type\":\"WebSite\",\"@id\":\"https:\\\/\\\/neuchatel-vins-terroir.ch\\\/#website\",\"url\":\"https:\\\/\\\/neuchatel-vins-terroir.ch\\\/\",\"name\":\"Neuch\u00e2tel vins et terroir\",\"description\":\"Neuch\u00e2tel vins et terroir\",\"publisher\":{\"@id\":\"https:\\\/\\\/neuchatel-vins-terroir.ch\\\/#organization\"},\"potentialAction\":[{\"@type\":\"SearchAction\",\"target\":{\"@type\":\"EntryPoint\",\"urlTemplate\":\"https:\\\/\\\/neuchatel-vins-terroir.ch\\\/?s={search_term_string}\"},\"query-input\":{\"@type\":\"PropertyValueSpecification\",\"valueRequired\":true,\"valueName\":\"search_term_string\"}}],\"inLanguage\":\"de\"},{\"@type\":\"Organization\",\"@id\":\"https:\\\/\\\/neuchatel-vins-terroir.ch\\\/#organization\",\"name\":\"Neuch\u00e2tel vins et terroir\",\"url\":\"https:\\\/\\\/neuchatel-vins-terroir.ch\\\/\",\"logo\":{\"@type\":\"ImageObject\",\"inLanguage\":\"de\",\"@id\":\"https:\\\/\\\/neuchatel-vins-terroir.ch\\\/#\\\/schema\\\/logo\\\/image\\\/\",\"url\":\"https:\\\/\\\/neuchatel-vins-terroir.ch\\\/wp-content\\\/uploads\\\/2021\\\/11\\\/logo_nvt.svg\",\"contentUrl\":\"https:\\\/\\\/neuchatel-vins-terroir.ch\\\/wp-content\\\/uploads\\\/2021\\\/11\\\/logo_nvt.svg\",\"width\":156,\"height\":82,\"caption\":\"Neuch\u00e2tel vins et terroir\"},\"image\":{\"@id\":\"https:\\\/\\\/neuchatel-vins-terroir.ch\\\/#\\\/schema\\\/logo\\\/image\\\/\"}}]}<\/script>\n<!-- \/ Yoast SEO plugin. -->","yoast_head_json":{"title":"Weine - Neuch\u00e2tel vins et terroir","robots":{"index":"index","follow":"follow","max-snippet":"max-snippet:-1","max-image-preview":"max-image-preview:large","max-video-preview":"max-video-preview:-1"},"canonical":"https:\/\/neuchatel-vins-terroir.ch\/de\/weine\/","og_locale":"de_DE","og_type":"article","og_title":"Weine - Neuch\u00e2tel vins et terroir","og_description":"Auf der Suche nach Authentizit\u00e4t und Qualit\u00e4t konzentriert sich das Neuenburger Weinbaugebiet auf charakterstarke Rebsorten. Derzeit tragen 12 Rebsorten die [&hellip;]","og_url":"https:\/\/neuchatel-vins-terroir.ch\/de\/weine\/","og_site_name":"Neuch\u00e2tel vins et terroir","article_modified_time":"2025-06-06T09:49:50+00:00","og_image":[{"width":1599,"height":2560,"url":"https:\/\/neuchatel-vins-terroir.ch\/wp-content\/uploads\/2022\/10\/Vins_Page_3-edited.jpg","type":"image\/jpeg"}],"twitter_card":"summary_large_image","twitter_misc":{"Gesch\u00e4tzte Lesezeit":"1\u00a0Minute"},"schema":{"@context":"https:\/\/schema.org","@graph":[{"@type":"WebPage","@id":"https:\/\/neuchatel-vins-terroir.ch\/de\/weine\/","url":"https:\/\/neuchatel-vins-terroir.ch\/de\/weine\/","name":"Weine - Neuch\u00e2tel vins et terroir","isPartOf":{"@id":"https:\/\/neuchatel-vins-terroir.ch\/#website"},"primaryImageOfPage":{"@id":"https:\/\/neuchatel-vins-terroir.ch\/de\/weine\/#primaryimage"},"image":{"@id":"https:\/\/neuchatel-vins-terroir.ch\/de\/weine\/#primaryimage"},"thumbnailUrl":"https:\/\/neuchatel-vins-terroir.ch\/wp-content\/uploads\/2022\/10\/Vins_Page_3-edited.jpg","datePublished":"2022-01-26T08:10:01+00:00","dateModified":"2025-06-06T09:49:50+00:00","breadcrumb":{"@id":"https:\/\/neuchatel-vins-terroir.ch\/de\/weine\/#breadcrumb"},"inLanguage":"de","potentialAction":[{"@type":"ReadAction","target":["https:\/\/neuchatel-vins-terroir.ch\/de\/weine\/"]}]},{"@type":"ImageObject","inLanguage":"de","@id":"https:\/\/neuchatel-vins-terroir.ch\/de\/weine\/#primaryimage","url":"https:\/\/neuchatel-vins-terroir.ch\/wp-content\/uploads\/2022\/10\/Vins_Page_3-edited.jpg","contentUrl":"https:\/\/neuchatel-vins-terroir.ch\/wp-content\/uploads\/2022\/10\/Vins_Page_3-edited.jpg"},{"@type":"BreadcrumbList","@id":"https:\/\/neuchatel-vins-terroir.ch\/de\/weine\/#breadcrumb","itemListElement":[{"@type":"ListItem","position":1,"name":"Accueil","item":"https:\/\/neuchatel-vins-terroir.ch\/de\/home\/"},{"@type":"ListItem","position":2,"name":"Weine"}]},{"@type":"WebSite","@id":"https:\/\/neuchatel-vins-terroir.ch\/#website","url":"https:\/\/neuchatel-vins-terroir.ch\/","name":"Neuch\u00e2tel vins et terroir","description":"Neuch\u00e2tel vins et terroir","publisher":{"@id":"https:\/\/neuchatel-vins-terroir.ch\/#organization"},"potentialAction":[{"@type":"SearchAction","target":{"@type":"EntryPoint","urlTemplate":"https:\/\/neuchatel-vins-terroir.ch\/?s={search_term_string}"},"query-input":{"@type":"PropertyValueSpecification","valueRequired":true,"valueName":"search_term_string"}}],"inLanguage":"de"},{"@type":"Organization","@id":"https:\/\/neuchatel-vins-terroir.ch\/#organization","name":"Neuch\u00e2tel vins et terroir","url":"https:\/\/neuchatel-vins-terroir.ch\/","logo":{"@type":"ImageObject","inLanguage":"de","@id":"https:\/\/neuchatel-vins-terroir.ch\/#\/schema\/logo\/image\/","url":"https:\/\/neuchatel-vins-terroir.ch\/wp-content\/uploads\/2021\/11\/logo_nvt.svg","contentUrl":"https:\/\/neuchatel-vins-terroir.ch\/wp-content\/uploads\/2021\/11\/logo_nvt.svg","width":156,"height":82,"caption":"Neuch\u00e2tel vins et terroir"},"image":{"@id":"https:\/\/neuchatel-vins-terroir.ch\/#\/schema\/logo\/image\/"}}]}},"taxonomy_info":[],"featured_image_src_large":false,"author_info":{"display_name":"dc-admin","author_link":"https:\/\/neuchatel-vins-terroir.ch\/de\/author\/tm-admin\/"},"comment_info":0,"publishpress_future_workflow_manual_trigger":{"enabledWorkflows":[]},"_links":{"self":[{"href":"https:\/\/neuchatel-vins-terroir.ch\/de\/wp-json\/wp\/v2\/pages\/26276","targetHints":{"allow":["GET"]}}],"collection":[{"href":"https:\/\/neuchatel-vins-terroir.ch\/de\/wp-json\/wp\/v2\/pages"}],"about":[{"href":"https:\/\/neuchatel-vins-terroir.ch\/de\/wp-json\/wp\/v2\/types\/page"}],"author":[{"embeddable":true,"href":"https:\/\/neuchatel-vins-terroir.ch\/de\/wp-json\/wp\/v2\/users\/9"}],"replies":[{"embeddable":true,"href":"https:\/\/neuchatel-vins-terroir.ch\/de\/wp-json\/wp\/v2\/comments?post=26276"}],"version-history":[{"count":11,"href":"https:\/\/neuchatel-vins-terroir.ch\/de\/wp-json\/wp\/v2\/pages\/26276\/revisions"}],"predecessor-version":[{"id":42355,"href":"https:\/\/neuchatel-vins-terroir.ch\/de\/wp-json\/wp\/v2\/pages\/26276\/revisions\/42355"}],"wp:attachment":[{"href":"https:\/\/neuchatel-vins-terroir.ch\/de\/wp-json\/wp\/v2\/media?parent=26276"}],"curies":[{"name":"wp","href":"https:\/\/api.w.org\/{rel}","templated":true}]}}