{"id":26278,"date":"2022-01-26T08:17:28","date_gmt":"2022-01-26T08:17:28","guid":{"rendered":"https:\/\/neuchatel-vins-terroir.ch\/weine\/weinbauregion\/"},"modified":"2023-04-13T14:11:25","modified_gmt":"2023-04-13T14:11:25","slug":"weinbauregion","status":"publish","type":"page","link":"https:\/\/neuchatel-vins-terroir.ch\/de\/weine\/weinbauregion\/","title":{"rendered":"Weinbauregion"},"content":{"rendered":"\n<div style=\"height:100px\" aria-hidden=\"true\" class=\"wp-block-spacer\"><\/div>\n\n<div class=\"wp-block-columns are-vertically-aligned-center is-layout-flex wp-container-core-columns-is-layout-28f84493 wp-block-columns-is-layout-flex\">\n<div class=\"wp-block-column is-vertically-aligned-center is-layout-flow wp-block-column-is-layout-flow\">\n<h2 class=\"wp-block-heading\">Die Nat\u00fcrliche Umgebung<\/h2>\n\n\n\n<h3 class=\"wp-block-heading\">Das Klima<\/h3>\n\n\n\n<p>Die N\u00e4he zum Neuenburgersee ist f\u00fcr die Weinberge an seinem S\u00fcdufer von Vorteil. Der See gleicht im Winter die K\u00e4lte und im Sommer die Hitze aus und sorgt er f\u00fcr ein mildes Klima. Die H\u00e4nge des Jurabogens sch\u00fctzen die Weinberge vor den feuchten atlantischen Westwinden. Ihre Lage und insbesondere die Ausrichtung nach Osten sorgen f\u00fcr eine optimale Bel\u00fcftung und Sonneneinstrahlung, so dass hier namhafte, abgerundete und elegante Crus reifen k\u00f6nnen.<\/p>\n\n\n\n<h3 class=\"wp-block-heading\">Die B\u00f6den<\/h3>\n\n\n\n<p>Die Neuenburger Weinberge erstrecken sich entlang der ersten Jurakette, und ihre B\u00f6den bestehen aus dem typischen Juragestein. Meistens sind sie steinig und leicht, mancherorts auch mergelig und etwas schwerer, teilweise sogar tiefes Schwemmland. Der omnipr\u00e4sente Kalkstein ist allen gemeinsam. Die B\u00f6den sind gleichzeitig arm an Humus und reich an Mineralsalzen. Das pr\u00e4destiniert sie f\u00fcr die Herstellung grosser Crus. Auf den besten Parzellen tauchen die Reben ihre Wurzeln tief in die Erde und holen so den Reichtum des Buketts und die ganze Spannbreite m\u00f6glicher Aromen der edlen Rebsorten in die Trauben.<\/p>\n<\/div>\n\n\n\n<div class=\"wp-block-column is-vertically-aligned-center is-layout-flow wp-block-column-is-layout-flow\" style=\"flex-basis:20%\"><\/div>\n\n\n\n<div class=\"wp-block-column is-vertically-aligned-center is-layout-flow wp-block-column-is-layout-flow\" style=\"flex-basis:40%\">\n<div class=\"wp-block-cover is-light\" style=\"min-height:567px;aspect-ratio:unset;\"><span aria-hidden=\"true\" class=\"wp-block-cover__background has-background-dim-0 has-background-dim\"><\/span><img loading=\"lazy\" decoding=\"async\" width=\"2560\" height=\"1707\" class=\"wp-block-cover__image-background wp-image-163\" alt=\"\" src=\"https:\/\/neuchatelvinsterroir.ch\/wp-content\/uploads\/2021\/11\/NEUCHATEL-VINS-TERROIR_Vignoble-HD_20_282_29-scaled.jpg\" style=\"object-position:87% 56%\" data-object-fit=\"cover\" data-object-position=\"87% 56%\" srcset=\"https:\/\/neuchatel-vins-terroir.ch\/wp-content\/uploads\/2021\/11\/NEUCHATEL-VINS-TERROIR_Vignoble-HD_20_282_29-scaled.jpg 2560w, https:\/\/neuchatel-vins-terroir.ch\/wp-content\/uploads\/2021\/11\/NEUCHATEL-VINS-TERROIR_Vignoble-HD_20_282_29-scaled-600x400.jpg 600w, https:\/\/neuchatel-vins-terroir.ch\/wp-content\/uploads\/2021\/11\/NEUCHATEL-VINS-TERROIR_Vignoble-HD_20_282_29-300x200.jpg 300w, https:\/\/neuchatel-vins-terroir.ch\/wp-content\/uploads\/2021\/11\/NEUCHATEL-VINS-TERROIR_Vignoble-HD_20_282_29-1024x683.jpg 1024w, https:\/\/neuchatel-vins-terroir.ch\/wp-content\/uploads\/2021\/11\/NEUCHATEL-VINS-TERROIR_Vignoble-HD_20_282_29-768x512.jpg 768w, https:\/\/neuchatel-vins-terroir.ch\/wp-content\/uploads\/2021\/11\/NEUCHATEL-VINS-TERROIR_Vignoble-HD_20_282_29-1536x1024.jpg 1536w, https:\/\/neuchatel-vins-terroir.ch\/wp-content\/uploads\/2021\/11\/NEUCHATEL-VINS-TERROIR_Vignoble-HD_20_282_29-2048x1365.jpg 2048w\" sizes=\"auto, (max-width: 2560px) 100vw, 2560px\" \/><div class=\"wp-block-cover__inner-container is-layout-flow wp-block-cover-is-layout-flow\">\n<p class=\"has-text-align-center has-large-font-size\"><\/p>\n<\/div><\/div>\n<\/div>\n<\/div>\n\n<div class=\"wp-block-columns are-vertically-aligned-center is-layout-flex wp-container-core-columns-is-layout-28f84493 wp-block-columns-is-layout-flex\">\n<div class=\"wp-block-column is-vertically-aligned-center is-layout-flow wp-block-column-is-layout-flow\" style=\"flex-basis:40%\">\n<div class=\"wp-block-cover is-light\" style=\"min-height:567px;aspect-ratio:unset;\"><span aria-hidden=\"true\" class=\"wp-block-cover__background has-background-dim-0 has-background-dim\"><\/span><img loading=\"lazy\" decoding=\"async\" width=\"2560\" height=\"1707\" class=\"wp-block-cover__image-background wp-image-167\" alt=\"\" src=\"https:\/\/neuchatelvinsterroir.ch\/wp-content\/uploads\/2021\/11\/NEUCHATEL-VINS-TERROIR_Vignoble-HD_20_283_29-scaled.jpg\" style=\"object-position:65% 52%\" data-object-fit=\"cover\" data-object-position=\"65% 52%\" srcset=\"https:\/\/neuchatel-vins-terroir.ch\/wp-content\/uploads\/2021\/11\/NEUCHATEL-VINS-TERROIR_Vignoble-HD_20_283_29-scaled.jpg 2560w, https:\/\/neuchatel-vins-terroir.ch\/wp-content\/uploads\/2021\/11\/NEUCHATEL-VINS-TERROIR_Vignoble-HD_20_283_29-scaled-600x400.jpg 600w, https:\/\/neuchatel-vins-terroir.ch\/wp-content\/uploads\/2021\/11\/NEUCHATEL-VINS-TERROIR_Vignoble-HD_20_283_29-300x200.jpg 300w, https:\/\/neuchatel-vins-terroir.ch\/wp-content\/uploads\/2021\/11\/NEUCHATEL-VINS-TERROIR_Vignoble-HD_20_283_29-1024x683.jpg 1024w, https:\/\/neuchatel-vins-terroir.ch\/wp-content\/uploads\/2021\/11\/NEUCHATEL-VINS-TERROIR_Vignoble-HD_20_283_29-768x512.jpg 768w, https:\/\/neuchatel-vins-terroir.ch\/wp-content\/uploads\/2021\/11\/NEUCHATEL-VINS-TERROIR_Vignoble-HD_20_283_29-1536x1024.jpg 1536w, https:\/\/neuchatel-vins-terroir.ch\/wp-content\/uploads\/2021\/11\/NEUCHATEL-VINS-TERROIR_Vignoble-HD_20_283_29-2048x1365.jpg 2048w\" sizes=\"auto, (max-width: 2560px) 100vw, 2560px\" \/><div class=\"wp-block-cover__inner-container is-layout-flow wp-block-cover-is-layout-flow\">\n<p class=\"has-text-align-center has-large-font-size\"><\/p>\n<\/div><\/div>\n<\/div>\n\n\n\n<div class=\"wp-block-column is-vertically-aligned-center is-layout-flow wp-block-column-is-layout-flow\" style=\"flex-basis:20%\"><\/div>\n\n\n\n<div class=\"wp-block-column is-vertically-aligned-center is-layout-flow wp-block-column-is-layout-flow\">\n<h2 class=\"wp-block-heading\">Zweitausend Jahre Geschichte<\/h2>\n\n\n\n<p>Seit zwei Jahrtausenden geh\u00f6ren die Weinberge zur Landschaft entlang des Neuenburgersees. Vermutlich begannen die R\u00f6mer damit, Wein anzubauen und zu keltern, als sie die Region kolonisierten. Mit dem Untergang des R\u00f6mischen Reiches und dem Aufkommen des Christentums haben danach vor allem christliche M\u00f6nche die Kunst des Weinbaus entwickelt und gef\u00f6rdert. Unerm\u00fcdlich rodeten sie ungenutztes Land und legten Weinberge an.<\/p>\n\n\n\n<p>So erhielt das Priorat Bevaix bei seiner Gr\u00fcndung im Jahr 998 auch die Erlaubnis, den ersten Weinberg des Kantons anzupflanzen. Heute gilt die Domaine de l\u2019Abbaye als der &#8222;Ur-Weinberg&#8220; von Neuenburg.<\/p>\n\n\n\n<p>Wie viele andere, kannten auch die Neuenburger Weinberge Zeiten des Wachstums und des R\u00fcckschritts. Ihre gr\u00f6sste Ausdehnung erreichten sie Mitte des 17. Jahrhunderts, wahrscheinlich weil w\u00e4hrend des Dreissigj\u00e4hrigen Krieges die Nachfrage stark angestiegen war.<\/p>\n\n\n\n<p>Genaue Aufzeichnungen \u00fcber die Entwicklung der Weinbaufl\u00e4chen des Kantons wurden jedoch erst seit Ende des 19. Jahrhunderts gemacht. Man kann feststellen, dass die Weinberge von mehr als 1200 Hektar im Jahr 1884 auf 603 Hektar im Jahr 2014 schrumpften. In den fr\u00fchen 1970er Jahren waren sie mit 560 Hektar am kleinsten und bis 2002 dehnten sie sich dann wieder \u00fcber 606 Hektar aus. Diese Schwankungen haben haupts\u00e4chlich mit der Gesundheit der Reben zu tun (Krankheiten, Sch\u00e4dlinge), es gab aber auch strukturelle, konjunkturelle und politische Gr\u00fcnde.<\/p>\n<\/div>\n<\/div>\n\n<div class=\"wp-block-columns are-vertically-aligned-center is-layout-flex wp-container-core-columns-is-layout-28f84493 wp-block-columns-is-layout-flex\">\n<div class=\"wp-block-column is-vertically-aligned-center is-layout-flow wp-block-column-is-layout-flow\">\n<h2 class=\"wp-block-heading\">Die Rebsorten<\/h2>\n\n\n\n<h3 class=\"wp-block-heading\">Rot<\/h3>\n\n\n\n<p> 379 Hektar sind mit roten Rebsorten bepflanzt, was 63% der Neuenburger Weinberge entspricht. Der Pinot Noir ist der Prinz unseres Weinbergs, denn er belegt 334 Hektar (55 %). Gamaret und Garanoir machen zusammen 4% des Weinbergs aus, mit 14 Hektar bzw. 9 Hektar. <\/p>\n\n\n\n<h3 class=\"wp-block-heading\">Weiss<\/h3>\n\n\n\n<p>Siebenunddrei\u00dfig Prozent der Weinberge sind mit wei\u00dfen Rebsorten bepflanzt, was einer Fl\u00e4che von 225 Hektar entspricht. Der Chasselas macht 25% der Gesamtfl\u00e4che (150ha) aus, der Chardonnay 4% (26ha) und der Pinot Gris 4% (24ha).<\/p>\n<\/div>\n\n\n\n<div class=\"wp-block-column is-vertically-aligned-center is-layout-flow wp-block-column-is-layout-flow\" style=\"flex-basis:20%\"><\/div>\n\n\n\n<div class=\"wp-block-column is-vertically-aligned-center is-layout-flow wp-block-column-is-layout-flow\" style=\"flex-basis:40%\">\n<div class=\"wp-block-cover is-light\" style=\"min-height:567px;aspect-ratio:unset;\"><span aria-hidden=\"true\" class=\"wp-block-cover__background has-background-dim-0 has-background-dim\"><\/span><img loading=\"lazy\" decoding=\"async\" width=\"2560\" height=\"1707\" class=\"wp-block-cover__image-background wp-image-31458\" alt=\"\" src=\"https:\/\/neuchatel-vins-terroir.ch\/wp-content\/uploads\/2022\/10\/NVT_CAVES_OUVERTES-7018-scaled.jpg\" style=\"object-position:87% 56%\" data-object-fit=\"cover\" data-object-position=\"87% 56%\" srcset=\"https:\/\/neuchatel-vins-terroir.ch\/wp-content\/uploads\/2022\/10\/NVT_CAVES_OUVERTES-7018-scaled.jpg 2560w, https:\/\/neuchatel-vins-terroir.ch\/wp-content\/uploads\/2022\/10\/NVT_CAVES_OUVERTES-7018-300x200.jpg 300w, https:\/\/neuchatel-vins-terroir.ch\/wp-content\/uploads\/2022\/10\/NVT_CAVES_OUVERTES-7018-1024x683.jpg 1024w, https:\/\/neuchatel-vins-terroir.ch\/wp-content\/uploads\/2022\/10\/NVT_CAVES_OUVERTES-7018-768x512.jpg 768w, https:\/\/neuchatel-vins-terroir.ch\/wp-content\/uploads\/2022\/10\/NVT_CAVES_OUVERTES-7018-1536x1024.jpg 1536w, https:\/\/neuchatel-vins-terroir.ch\/wp-content\/uploads\/2022\/10\/NVT_CAVES_OUVERTES-7018-2048x1365.jpg 2048w, https:\/\/neuchatel-vins-terroir.ch\/wp-content\/uploads\/2022\/10\/NVT_CAVES_OUVERTES-7018-600x400.jpg 600w\" sizes=\"auto, (max-width: 2560px) 100vw, 2560px\" \/><div class=\"wp-block-cover__inner-container is-layout-flow wp-block-cover-is-layout-flow\">\n<p class=\"has-text-align-center has-large-font-size\"><\/p>\n<\/div><\/div>\n<\/div>\n<\/div>\n\n<div class=\"wp-block-group alignfull has-lighter-background-color has-background is-layout-flow wp-block-group-is-layout-flow\">\n<p><\/p>\n\n\n\n<p><\/p>\n\n\n\n<div style=\"height:100px\" aria-hidden=\"true\" class=\"wp-block-spacer\"><\/div>\n\n\n\n<div style=\"height:100px\" aria-hidden=\"true\" class=\"wp-block-spacer\"><\/div>\n<\/div>\n","protected":false},"excerpt":{"rendered":"<p>Die Nat\u00fcrliche Umgebung Das Klima Die N\u00e4he zum Neuenburgersee ist f\u00fcr die Weinberge an seinem S\u00fcdufer von Vorteil. Der See [&hellip;]<\/p>\n","protected":false},"author":9,"featured_media":0,"parent":26276,"menu_order":103,"comment_status":"closed","ping_status":"closed","template":"","meta":{"_acf_changed":false,"_kad_blocks_custom_css":"","_kad_blocks_head_custom_js":"","_kad_blocks_body_custom_js":"","_kad_blocks_footer_custom_js":"","footnotes":""},"class_list":["post-26278","page","type-page","status-publish","hentry"],"acf":[],"taxonomy_info":[],"featured_image_src_large":false,"author_info":{"display_name":"dc-admin","author_link":"https:\/\/neuchatel-vins-terroir.ch\/de\/author\/tm-admin\/"},"comment_info":0,"publishpress_future_workflow_manual_trigger":{"enabledWorkflows":[]},"_links":{"self":[{"href":"https:\/\/neuchatel-vins-terroir.ch\/de\/wp-json\/wp\/v2\/pages\/26278","targetHints":{"allow":["GET"]}}],"collection":[{"href":"https:\/\/neuchatel-vins-terroir.ch\/de\/wp-json\/wp\/v2\/pages"}],"about":[{"href":"https:\/\/neuchatel-vins-terroir.ch\/de\/wp-json\/wp\/v2\/types\/page"}],"author":[{"embeddable":true,"href":"https:\/\/neuchatel-vins-terroir.ch\/de\/wp-json\/wp\/v2\/users\/9"}],"replies":[{"embeddable":true,"href":"https:\/\/neuchatel-vins-terroir.ch\/de\/wp-json\/wp\/v2\/comments?post=26278"}],"version-history":[{"count":6,"href":"https:\/\/neuchatel-vins-terroir.ch\/de\/wp-json\/wp\/v2\/pages\/26278\/revisions"}],"predecessor-version":[{"id":33832,"href":"https:\/\/neuchatel-vins-terroir.ch\/de\/wp-json\/wp\/v2\/pages\/26278\/revisions\/33832"}],"up":[{"embeddable":true,"href":"https:\/\/neuchatel-vins-terroir.ch\/de\/wp-json\/wp\/v2\/pages\/26276"}],"wp:attachment":[{"href":"https:\/\/neuchatel-vins-terroir.ch\/de\/wp-json\/wp\/v2\/media?parent=26278"}],"curies":[{"name":"wp","href":"https:\/\/api.w.org\/{rel}","templated":true}]}}