{"id":26282,"date":"2022-01-26T08:21:14","date_gmt":"2022-01-26T08:21:14","guid":{"rendered":"https:\/\/neuchatel-vins-terroir.ch\/weine\/rebsorten\/"},"modified":"2022-02-02T10:31:26","modified_gmt":"2022-02-02T10:31:26","slug":"rebsorten","status":"publish","type":"page","link":"https:\/\/neuchatel-vins-terroir.ch\/de\/weine\/rebsorten\/","title":{"rendered":"Rebsorten"},"content":{"rendered":"\n<h3 class=\"has-text-align-center wp-block-heading\">Auf der Suche nach Authentizit\u00e4t und Qualit\u00e4t haben sich die Neuenburger Weing\u00fcter bei der Wahl der Rebsorten bewusst eingeschr\u00e4nkt. Hier finden Sie die Beschreibungen der wichtigsten Rebsorten, die im Kanton Neuenburg angepflanzten werden.<\/h3>\n\n<p class=\"has-text-align-center\">Zur Zeit belegen weisse Rebsorten 40% der Fl\u00e4che, darunter haupts\u00e4chlich Chasselas, Pinot Gris und Chardonnay.<br\/>Rote Sorten, haupts\u00e4chlich Pinot Noir, machen 60% aus. Damit Authentizit\u00e4t und Qualit\u00e4t gew\u00e4hrleistet sind, d\u00fcrfen nur zw\u00f6lf Rebsorten f\u00fcr die Herstellung von Weinen mit der Appellation d&#8217;Origine Contr\u00f4l\u00e9e (AOC) Neuch\u00e2tel verwendet werden. Entdecken Sie diese verschiedenen Sorten.<\/p>\n\n<div style=\"height:41px\" aria-hidden=\"true\" class=\"wp-block-spacer\"><\/div>\n","protected":false},"excerpt":{"rendered":"<p>Auf der Suche nach Authentizit\u00e4t und Qualit\u00e4t haben sich die Neuenburger Weing\u00fcter bei der Wahl der Rebsorten bewusst eingeschr\u00e4nkt. Hier [&hellip;]<\/p>\n","protected":false},"author":9,"featured_media":0,"parent":26276,"menu_order":110,"comment_status":"closed","ping_status":"closed","template":"template-cepage.php","meta":{"_acf_changed":false,"_kad_blocks_custom_css":"","_kad_blocks_head_custom_js":"","_kad_blocks_body_custom_js":"","_kad_blocks_footer_custom_js":"","footnotes":""},"class_list":["post-26282","page","type-page","status-publish","hentry"],"acf":[],"yoast_head":"<!-- This site is optimized with the Yoast SEO plugin v27.4 - https:\/\/yoast.com\/product\/yoast-seo-wordpress\/ -->\n<title>Rebsorten - Neuch\u00e2tel vins et terroir<\/title>\n<meta name=\"robots\" content=\"index, follow, max-snippet:-1, max-image-preview:large, max-video-preview:-1\" \/>\n<link rel=\"canonical\" href=\"https:\/\/neuchatel-vins-terroir.ch\/de\/weine\/rebsorten\/\" \/>\n<meta property=\"og:locale\" content=\"de_DE\" \/>\n<meta property=\"og:type\" content=\"article\" \/>\n<meta property=\"og:title\" content=\"Rebsorten - Neuch\u00e2tel vins et terroir\" \/>\n<meta property=\"og:description\" content=\"Auf der Suche nach Authentizit\u00e4t und Qualit\u00e4t haben sich die Neuenburger Weing\u00fcter bei der Wahl der Rebsorten bewusst eingeschr\u00e4nkt. Hier [&hellip;]\" \/>\n<meta property=\"og:url\" content=\"https:\/\/neuchatel-vins-terroir.ch\/de\/weine\/rebsorten\/\" \/>\n<meta property=\"og:site_name\" content=\"Neuch\u00e2tel vins et terroir\" \/>\n<meta property=\"article:modified_time\" content=\"2022-02-02T10:31:26+00:00\" \/>\n<meta name=\"twitter:card\" content=\"summary_large_image\" \/>\n<script type=\"application\/ld+json\" class=\"yoast-schema-graph\">{\"@context\":\"https:\\\/\\\/schema.org\",\"@graph\":[{\"@type\":\"WebPage\",\"@id\":\"https:\\\/\\\/neuchatel-vins-terroir.ch\\\/de\\\/weine\\\/rebsorten\\\/\",\"url\":\"https:\\\/\\\/neuchatel-vins-terroir.ch\\\/de\\\/weine\\\/rebsorten\\\/\",\"name\":\"Rebsorten - Neuch\u00e2tel vins et terroir\",\"isPartOf\":{\"@id\":\"https:\\\/\\\/neuchatel-vins-terroir.ch\\\/#website\"},\"datePublished\":\"2022-01-26T08:21:14+00:00\",\"dateModified\":\"2022-02-02T10:31:26+00:00\",\"breadcrumb\":{\"@id\":\"https:\\\/\\\/neuchatel-vins-terroir.ch\\\/de\\\/weine\\\/rebsorten\\\/#breadcrumb\"},\"inLanguage\":\"de\",\"potentialAction\":[{\"@type\":\"ReadAction\",\"target\":[\"https:\\\/\\\/neuchatel-vins-terroir.ch\\\/de\\\/weine\\\/rebsorten\\\/\"]}]},{\"@type\":\"BreadcrumbList\",\"@id\":\"https:\\\/\\\/neuchatel-vins-terroir.ch\\\/de\\\/weine\\\/rebsorten\\\/#breadcrumb\",\"itemListElement\":[{\"@type\":\"ListItem\",\"position\":1,\"name\":\"Accueil\",\"item\":\"https:\\\/\\\/neuchatel-vins-terroir.ch\\\/de\\\/home\\\/\"},{\"@type\":\"ListItem\",\"position\":2,\"name\":\"Weine\",\"item\":\"https:\\\/\\\/neuchatel-vins-terroir.ch\\\/de\\\/weine\\\/\"},{\"@type\":\"ListItem\",\"position\":3,\"name\":\"Rebsorten\"}]},{\"@type\":\"WebSite\",\"@id\":\"https:\\\/\\\/neuchatel-vins-terroir.ch\\\/#website\",\"url\":\"https:\\\/\\\/neuchatel-vins-terroir.ch\\\/\",\"name\":\"Neuch\u00e2tel vins et terroir\",\"description\":\"Neuch\u00e2tel vins et terroir\",\"publisher\":{\"@id\":\"https:\\\/\\\/neuchatel-vins-terroir.ch\\\/#organization\"},\"potentialAction\":[{\"@type\":\"SearchAction\",\"target\":{\"@type\":\"EntryPoint\",\"urlTemplate\":\"https:\\\/\\\/neuchatel-vins-terroir.ch\\\/?s={search_term_string}\"},\"query-input\":{\"@type\":\"PropertyValueSpecification\",\"valueRequired\":true,\"valueName\":\"search_term_string\"}}],\"inLanguage\":\"de\"},{\"@type\":\"Organization\",\"@id\":\"https:\\\/\\\/neuchatel-vins-terroir.ch\\\/#organization\",\"name\":\"Neuch\u00e2tel vins et terroir\",\"url\":\"https:\\\/\\\/neuchatel-vins-terroir.ch\\\/\",\"logo\":{\"@type\":\"ImageObject\",\"inLanguage\":\"de\",\"@id\":\"https:\\\/\\\/neuchatel-vins-terroir.ch\\\/#\\\/schema\\\/logo\\\/image\\\/\",\"url\":\"https:\\\/\\\/neuchatel-vins-terroir.ch\\\/wp-content\\\/uploads\\\/2021\\\/11\\\/logo_nvt.svg\",\"contentUrl\":\"https:\\\/\\\/neuchatel-vins-terroir.ch\\\/wp-content\\\/uploads\\\/2021\\\/11\\\/logo_nvt.svg\",\"width\":156,\"height\":82,\"caption\":\"Neuch\u00e2tel vins et terroir\"},\"image\":{\"@id\":\"https:\\\/\\\/neuchatel-vins-terroir.ch\\\/#\\\/schema\\\/logo\\\/image\\\/\"}}]}<\/script>\n<!-- \/ Yoast SEO plugin. -->","yoast_head_json":{"title":"Rebsorten - Neuch\u00e2tel vins et terroir","robots":{"index":"index","follow":"follow","max-snippet":"max-snippet:-1","max-image-preview":"max-image-preview:large","max-video-preview":"max-video-preview:-1"},"canonical":"https:\/\/neuchatel-vins-terroir.ch\/de\/weine\/rebsorten\/","og_locale":"de_DE","og_type":"article","og_title":"Rebsorten - Neuch\u00e2tel vins et terroir","og_description":"Auf der Suche nach Authentizit\u00e4t und Qualit\u00e4t haben sich die Neuenburger Weing\u00fcter bei der Wahl der Rebsorten bewusst eingeschr\u00e4nkt. Hier [&hellip;]","og_url":"https:\/\/neuchatel-vins-terroir.ch\/de\/weine\/rebsorten\/","og_site_name":"Neuch\u00e2tel vins et terroir","article_modified_time":"2022-02-02T10:31:26+00:00","twitter_card":"summary_large_image","schema":{"@context":"https:\/\/schema.org","@graph":[{"@type":"WebPage","@id":"https:\/\/neuchatel-vins-terroir.ch\/de\/weine\/rebsorten\/","url":"https:\/\/neuchatel-vins-terroir.ch\/de\/weine\/rebsorten\/","name":"Rebsorten - Neuch\u00e2tel vins et terroir","isPartOf":{"@id":"https:\/\/neuchatel-vins-terroir.ch\/#website"},"datePublished":"2022-01-26T08:21:14+00:00","dateModified":"2022-02-02T10:31:26+00:00","breadcrumb":{"@id":"https:\/\/neuchatel-vins-terroir.ch\/de\/weine\/rebsorten\/#breadcrumb"},"inLanguage":"de","potentialAction":[{"@type":"ReadAction","target":["https:\/\/neuchatel-vins-terroir.ch\/de\/weine\/rebsorten\/"]}]},{"@type":"BreadcrumbList","@id":"https:\/\/neuchatel-vins-terroir.ch\/de\/weine\/rebsorten\/#breadcrumb","itemListElement":[{"@type":"ListItem","position":1,"name":"Accueil","item":"https:\/\/neuchatel-vins-terroir.ch\/de\/home\/"},{"@type":"ListItem","position":2,"name":"Weine","item":"https:\/\/neuchatel-vins-terroir.ch\/de\/weine\/"},{"@type":"ListItem","position":3,"name":"Rebsorten"}]},{"@type":"WebSite","@id":"https:\/\/neuchatel-vins-terroir.ch\/#website","url":"https:\/\/neuchatel-vins-terroir.ch\/","name":"Neuch\u00e2tel vins et terroir","description":"Neuch\u00e2tel vins et terroir","publisher":{"@id":"https:\/\/neuchatel-vins-terroir.ch\/#organization"},"potentialAction":[{"@type":"SearchAction","target":{"@type":"EntryPoint","urlTemplate":"https:\/\/neuchatel-vins-terroir.ch\/?s={search_term_string}"},"query-input":{"@type":"PropertyValueSpecification","valueRequired":true,"valueName":"search_term_string"}}],"inLanguage":"de"},{"@type":"Organization","@id":"https:\/\/neuchatel-vins-terroir.ch\/#organization","name":"Neuch\u00e2tel vins et terroir","url":"https:\/\/neuchatel-vins-terroir.ch\/","logo":{"@type":"ImageObject","inLanguage":"de","@id":"https:\/\/neuchatel-vins-terroir.ch\/#\/schema\/logo\/image\/","url":"https:\/\/neuchatel-vins-terroir.ch\/wp-content\/uploads\/2021\/11\/logo_nvt.svg","contentUrl":"https:\/\/neuchatel-vins-terroir.ch\/wp-content\/uploads\/2021\/11\/logo_nvt.svg","width":156,"height":82,"caption":"Neuch\u00e2tel vins et terroir"},"image":{"@id":"https:\/\/neuchatel-vins-terroir.ch\/#\/schema\/logo\/image\/"}}]}},"taxonomy_info":[],"featured_image_src_large":false,"author_info":{"display_name":"dc-admin","author_link":"https:\/\/neuchatel-vins-terroir.ch\/de\/author\/tm-admin\/"},"comment_info":0,"publishpress_future_workflow_manual_trigger":{"enabledWorkflows":[]},"_links":{"self":[{"href":"https:\/\/neuchatel-vins-terroir.ch\/de\/wp-json\/wp\/v2\/pages\/26282","targetHints":{"allow":["GET"]}}],"collection":[{"href":"https:\/\/neuchatel-vins-terroir.ch\/de\/wp-json\/wp\/v2\/pages"}],"about":[{"href":"https:\/\/neuchatel-vins-terroir.ch\/de\/wp-json\/wp\/v2\/types\/page"}],"author":[{"embeddable":true,"href":"https:\/\/neuchatel-vins-terroir.ch\/de\/wp-json\/wp\/v2\/users\/9"}],"replies":[{"embeddable":true,"href":"https:\/\/neuchatel-vins-terroir.ch\/de\/wp-json\/wp\/v2\/comments?post=26282"}],"version-history":[{"count":1,"href":"https:\/\/neuchatel-vins-terroir.ch\/de\/wp-json\/wp\/v2\/pages\/26282\/revisions"}],"predecessor-version":[{"id":26283,"href":"https:\/\/neuchatel-vins-terroir.ch\/de\/wp-json\/wp\/v2\/pages\/26282\/revisions\/26283"}],"up":[{"embeddable":true,"href":"https:\/\/neuchatel-vins-terroir.ch\/de\/wp-json\/wp\/v2\/pages\/26276"}],"wp:attachment":[{"href":"https:\/\/neuchatel-vins-terroir.ch\/de\/wp-json\/wp\/v2\/media?parent=26282"}],"curies":[{"name":"wp","href":"https:\/\/api.w.org\/{rel}","templated":true}]}}