{"id":31706,"date":"2022-10-25T10:00:28","date_gmt":"2022-10-25T10:00:28","guid":{"rendered":"https:\/\/neuchatel-vins-terroir.ch\/?page_id=31706"},"modified":"2024-09-04T10:17:08","modified_gmt":"2024-09-04T10:17:08","slug":"neuenburger-pinot-noir","status":"publish","type":"page","link":"https:\/\/neuchatel-vins-terroir.ch\/de\/neuenburger-pinot-noir\/","title":{"rendered":"Neuenburger Pinot Noir, Der Unverzichtbare"},"content":{"rendered":"\n<p class=\"has-text-align-center\"><\/p>\n\n<div class=\"wp-block-columns are-vertically-aligned-center is-layout-flex wp-container-core-columns-is-layout-28f84493 wp-block-columns-is-layout-flex\">\n<div class=\"wp-block-column is-vertically-aligned-center is-layout-flow wp-block-column-is-layout-flow\">\n<h2 class=\"wp-block-heading\">Der Pinot Noir,<\/h2>\n\n\n\n<p>wird in der Region Neuenburg seit \u00fcber 1 000 Jahren angebaut und ist hier ebenso heimisch<br\/>wie im Nordosten Frankreichs, zwischen dem Burgund und dem Elsass. Im 19. und 20. Jahrhundert wurden Pinot-Noir-Reben auch in die Weinberge der Vereinigten Staaten und nach Australien exportiert.<\/p>\n\n\n\n<p>Die steinigen und kalkhaltigen B\u00f6den des Neuenburger Seeufers sind f\u00fcr diese Traubensorte geradezu pr\u00e4destiniert. Pinot Noir w\u00e4chst zur Zeit auf ca. 304 Hektar, also etwas mehr als der H\u00e4lfte der Neuenburger Weinberge.<\/p>\n\n\n\n<p>Durch eine sorgf\u00e4ltige Kontrolle der Ertr\u00e4ge wachen die Winzerinnen und Winzer im Kanton Neuenburg \u00fcber die hohe Qualit\u00e4t ihres Pinot Noirs. Die Bestimmungen der Appellations d&#8217;Origine Contr\u00f4l\u00e9e von Neuenburg erlauben die Produktion von maximal 800 Gramm Pinot Noir pro m2, das ist der niedrigste Ertrag in der Schweiz.<\/p>\n\n\n\n<p>Die zahlreichen Medaillen, die Pinot Noirs aus Neuenburg bei nationalen und internationalen Wettbewerben gewonnen haben, zeugen von der hervorragenden Qualit\u00e4t dieser Weine. Mehrere von ihnen wurden in diesem Jahr von dem ber\u00fchmten Weinf\u00fchrer &#8222;Robert Parker&#8217;s The Wine Advocat&#8220; ausgezeichnet, ebenso gab es Pr\u00e4mierungen beim Grand Prix du Vin Suisse und der Mondial des Pinots.<\/p>\n<\/div>\n\n\n\n<div class=\"wp-block-column is-vertically-aligned-center is-layout-flow wp-block-column-is-layout-flow\" style=\"flex-basis:1%\"><\/div>\n\n\n\n<div class=\"wp-block-column is-vertically-aligned-center is-layout-flow wp-block-column-is-layout-flow\" style=\"flex-basis:40%\">\n<div class=\"wp-block-cover is-light\" style=\"min-height:567px;aspect-ratio:unset;\"><span aria-hidden=\"true\" class=\"wp-block-cover__background has-background-dim-0 has-background-dim\"><\/span><img loading=\"lazy\" decoding=\"async\" width=\"800\" height=\"600\" class=\"wp-block-cover__image-background wp-image-122\" alt=\"Pinot noir\" src=\"https:\/\/neuchatelvinsterroir.ch\/wp-content\/uploads\/2021\/11\/583.jpg\" data-object-fit=\"cover\" srcset=\"https:\/\/neuchatel-vins-terroir.ch\/wp-content\/uploads\/2021\/11\/583.jpg 800w, https:\/\/neuchatel-vins-terroir.ch\/wp-content\/uploads\/2021\/11\/583-600x450.jpg 600w, https:\/\/neuchatel-vins-terroir.ch\/wp-content\/uploads\/2021\/11\/583-300x225.jpg 300w, https:\/\/neuchatel-vins-terroir.ch\/wp-content\/uploads\/2021\/11\/583-768x576.jpg 768w\" sizes=\"auto, (max-width: 800px) 100vw, 800px\" \/><div class=\"wp-block-cover__inner-container is-layout-flow wp-block-cover-is-layout-flow\">\n<p class=\"has-text-align-center has-large-font-size\"><\/p>\n<\/div><\/div>\n<\/div>\n<\/div>\n\n<div class=\"wp-block-columns are-vertically-aligned-center is-layout-flex wp-container-core-columns-is-layout-28f84493 wp-block-columns-is-layout-flex\">\n<div class=\"wp-block-column is-vertically-aligned-center is-layout-flow wp-block-column-is-layout-flow\" style=\"flex-basis:40%\">\n<div class=\"wp-block-cover is-light\" style=\"min-height:567px;aspect-ratio:unset;\"><span aria-hidden=\"true\" class=\"wp-block-cover__background has-background-dim-0 has-background-dim\"><\/span><img loading=\"lazy\" decoding=\"async\" width=\"800\" height=\"600\" class=\"wp-block-cover__image-background wp-image-123\" alt=\"vendange du pinot noir\" src=\"https:\/\/neuchatelvinsterroir.ch\/wp-content\/uploads\/2021\/11\/582.jpg\" style=\"object-position:65% 52%\" data-object-fit=\"cover\" data-object-position=\"65% 52%\" srcset=\"https:\/\/neuchatel-vins-terroir.ch\/wp-content\/uploads\/2021\/11\/582.jpg 800w, https:\/\/neuchatel-vins-terroir.ch\/wp-content\/uploads\/2021\/11\/582-600x450.jpg 600w, https:\/\/neuchatel-vins-terroir.ch\/wp-content\/uploads\/2021\/11\/582-300x225.jpg 300w, https:\/\/neuchatel-vins-terroir.ch\/wp-content\/uploads\/2021\/11\/582-768x576.jpg 768w\" sizes=\"auto, (max-width: 800px) 100vw, 800px\" \/><div class=\"wp-block-cover__inner-container is-layout-flow wp-block-cover-is-layout-flow\">\n<p class=\"has-text-align-center has-large-font-size\"><\/p>\n<\/div><\/div>\n<\/div>\n\n\n\n<div class=\"wp-block-column is-vertically-aligned-center is-layout-flow wp-block-column-is-layout-flow\" style=\"flex-basis:1%\"><\/div>\n\n\n\n<div class=\"wp-block-column is-vertically-aligned-center is-layout-flow wp-block-column-is-layout-flow\">\n<h2 class=\"wp-block-heading\">Ein kr\u00e4ftiger und komplexer Wein<\/h2>\n\n\n\n<p>Der Neuch\u00e2tel Pinot Noir ist ein rassiger, vollmundiger und grossz\u00fcgiger Wein, der mehrere Jahre gelagert werden kann. Seit fast drei Jahrzehnten bauen immer mehr Winzerinnen und Winzer ihre intensivsten und komplexesten Jahrg\u00e4nge in Eichenf\u00e4ssern aus, was dem Wein subtile Vanillenuancen und ein l\u00e4ngeres Alterungspotenzial verleiht.<\/p>\n\n\n\n<p>Der Pinot Noir ist der perfekte Begleiter zu regionalen Neuenburger Spezialit\u00e4ten wie dem Neuenburger Saucisson IGP oder dem Tomme Fermi\u00e8re. Er passt aber auch ausgezeichnet zu traditionell oder modern zubereiteten Gerichten mit weissem oder rotem Fleisch.<\/p>\n\n\n\n<p>Die Neuenburger Winzerinnen und Winzer sind stolz auf ihren Pinot Noir und werden Ihnen gerne diesen typischen und authentischen Wein zur Degustation anbieten. Entdecken Sie diese Spezialit\u00e4t direkt bei den Neuenburger Winzern oder w\u00e4hrend eines kulinarischen Ausflugs in die Restaurants, Weinbars und Vinotheken des Kantons.<br\/><br\/>Entdecken Sie eine breite Auswahl an Pinot Noir in der <a href=\"https:\/\/chateaudeboudry.ch\/\">Kantonalen \u00d6nothek auf Ch\u00e2teau de Boudry<\/a><\/p>\n<\/div>\n<\/div>\n\n<p>Entdecken Sie den Charakter der Neuenburger Weinregion, indem Sie den Neuch\u00e2tel <a href=\"http:\/\/www.neuchatelnonfiltre.ch\">Non Filtr\u00e9 <\/a>und den <a href=\"https:\/\/neuchatel-vins-terroir.ch\/de\/neunburger-oeil-de-perdrix\/\" data-type=\"page\" data-id=\"31474\">Oeil de Perdrix<\/a> l&#8217;Original probieren!<\/p>\n\n<div style=\"height:100px\" aria-hidden=\"true\" class=\"wp-block-spacer\"><\/div>\n","protected":false},"excerpt":{"rendered":"<p>Der Pinot Noir, wird in der Region Neuenburg seit \u00fcber 1 000 Jahren angebaut und ist hier ebenso heimischwie im [&hellip;]<\/p>\n","protected":false},"author":25,"featured_media":0,"parent":0,"menu_order":33,"comment_status":"closed","ping_status":"closed","template":"","meta":{"_acf_changed":false,"_kad_blocks_custom_css":"","_kad_blocks_head_custom_js":"","_kad_blocks_body_custom_js":"","_kad_blocks_footer_custom_js":"","footnotes":""},"class_list":["post-31706","page","type-page","status-publish","hentry"],"acf":[],"yoast_head":"<!-- This site is optimized with the Yoast SEO plugin v27.5 - https:\/\/yoast.com\/product\/yoast-seo-wordpress\/ -->\n<title>Neuenburger Pinot Noir, Der Unverzichtbare - Neuch\u00e2tel vins et terroir<\/title>\n<meta name=\"robots\" content=\"index, follow, max-snippet:-1, max-image-preview:large, max-video-preview:-1\" \/>\n<link rel=\"canonical\" href=\"https:\/\/neuchatel-vins-terroir.ch\/de\/neuenburger-pinot-noir\/\" \/>\n<meta property=\"og:locale\" content=\"de_DE\" \/>\n<meta property=\"og:type\" content=\"article\" \/>\n<meta property=\"og:title\" content=\"Neuenburger Pinot Noir, Der Unverzichtbare - Neuch\u00e2tel vins et terroir\" \/>\n<meta property=\"og:description\" content=\"Der Pinot Noir, wird in der Region Neuenburg seit \u00fcber 1 000 Jahren angebaut und ist hier ebenso heimischwie im [&hellip;]\" \/>\n<meta property=\"og:url\" content=\"https:\/\/neuchatel-vins-terroir.ch\/de\/neuenburger-pinot-noir\/\" \/>\n<meta property=\"og:site_name\" content=\"Neuch\u00e2tel vins et terroir\" \/>\n<meta property=\"article:modified_time\" content=\"2024-09-04T10:17:08+00:00\" \/>\n<meta property=\"og:image\" content=\"https:\/\/neuchatel-vins-terroir.ch\/wp-content\/uploads\/2021\/11\/583.jpg\" \/>\n\t<meta property=\"og:image:width\" content=\"800\" \/>\n\t<meta property=\"og:image:height\" content=\"600\" \/>\n\t<meta property=\"og:image:type\" content=\"image\/jpeg\" \/>\n<meta name=\"twitter:card\" content=\"summary_large_image\" \/>\n<meta name=\"twitter:label1\" content=\"Gesch\u00e4tzte Lesezeit\" \/>\n\t<meta name=\"twitter:data1\" content=\"2\u00a0Minuten\" \/>\n<script type=\"application\/ld+json\" class=\"yoast-schema-graph\">{\"@context\":\"https:\\\/\\\/schema.org\",\"@graph\":[{\"@type\":\"WebPage\",\"@id\":\"https:\\\/\\\/neuchatel-vins-terroir.ch\\\/de\\\/neuenburger-pinot-noir\\\/\",\"url\":\"https:\\\/\\\/neuchatel-vins-terroir.ch\\\/de\\\/neuenburger-pinot-noir\\\/\",\"name\":\"Neuenburger Pinot Noir, Der Unverzichtbare - Neuch\u00e2tel vins et terroir\",\"isPartOf\":{\"@id\":\"https:\\\/\\\/neuchatel-vins-terroir.ch\\\/#website\"},\"primaryImageOfPage\":{\"@id\":\"https:\\\/\\\/neuchatel-vins-terroir.ch\\\/de\\\/neuenburger-pinot-noir\\\/#primaryimage\"},\"image\":{\"@id\":\"https:\\\/\\\/neuchatel-vins-terroir.ch\\\/de\\\/neuenburger-pinot-noir\\\/#primaryimage\"},\"thumbnailUrl\":\"https:\\\/\\\/neuchatelvinsterroir.ch\\\/wp-content\\\/uploads\\\/2021\\\/11\\\/583.jpg\",\"datePublished\":\"2022-10-25T10:00:28+00:00\",\"dateModified\":\"2024-09-04T10:17:08+00:00\",\"breadcrumb\":{\"@id\":\"https:\\\/\\\/neuchatel-vins-terroir.ch\\\/de\\\/neuenburger-pinot-noir\\\/#breadcrumb\"},\"inLanguage\":\"de\",\"potentialAction\":[{\"@type\":\"ReadAction\",\"target\":[\"https:\\\/\\\/neuchatel-vins-terroir.ch\\\/de\\\/neuenburger-pinot-noir\\\/\"]}]},{\"@type\":\"ImageObject\",\"inLanguage\":\"de\",\"@id\":\"https:\\\/\\\/neuchatel-vins-terroir.ch\\\/de\\\/neuenburger-pinot-noir\\\/#primaryimage\",\"url\":\"https:\\\/\\\/neuchatelvinsterroir.ch\\\/wp-content\\\/uploads\\\/2021\\\/11\\\/583.jpg\",\"contentUrl\":\"https:\\\/\\\/neuchatelvinsterroir.ch\\\/wp-content\\\/uploads\\\/2021\\\/11\\\/583.jpg\"},{\"@type\":\"BreadcrumbList\",\"@id\":\"https:\\\/\\\/neuchatel-vins-terroir.ch\\\/de\\\/neuenburger-pinot-noir\\\/#breadcrumb\",\"itemListElement\":[{\"@type\":\"ListItem\",\"position\":1,\"name\":\"Accueil\",\"item\":\"https:\\\/\\\/neuchatel-vins-terroir.ch\\\/de\\\/home\\\/\"},{\"@type\":\"ListItem\",\"position\":2,\"name\":\"Neuenburger Pinot Noir, Der Unverzichtbare\"}]},{\"@type\":\"WebSite\",\"@id\":\"https:\\\/\\\/neuchatel-vins-terroir.ch\\\/#website\",\"url\":\"https:\\\/\\\/neuchatel-vins-terroir.ch\\\/\",\"name\":\"Neuch\u00e2tel vins et terroir\",\"description\":\"Neuch\u00e2tel vins et terroir\",\"publisher\":{\"@id\":\"https:\\\/\\\/neuchatel-vins-terroir.ch\\\/#organization\"},\"potentialAction\":[{\"@type\":\"SearchAction\",\"target\":{\"@type\":\"EntryPoint\",\"urlTemplate\":\"https:\\\/\\\/neuchatel-vins-terroir.ch\\\/?s={search_term_string}\"},\"query-input\":{\"@type\":\"PropertyValueSpecification\",\"valueRequired\":true,\"valueName\":\"search_term_string\"}}],\"inLanguage\":\"de\"},{\"@type\":\"Organization\",\"@id\":\"https:\\\/\\\/neuchatel-vins-terroir.ch\\\/#organization\",\"name\":\"Neuch\u00e2tel vins et terroir\",\"url\":\"https:\\\/\\\/neuchatel-vins-terroir.ch\\\/\",\"logo\":{\"@type\":\"ImageObject\",\"inLanguage\":\"de\",\"@id\":\"https:\\\/\\\/neuchatel-vins-terroir.ch\\\/#\\\/schema\\\/logo\\\/image\\\/\",\"url\":\"https:\\\/\\\/neuchatel-vins-terroir.ch\\\/wp-content\\\/uploads\\\/2021\\\/11\\\/logo_nvt.svg\",\"contentUrl\":\"https:\\\/\\\/neuchatel-vins-terroir.ch\\\/wp-content\\\/uploads\\\/2021\\\/11\\\/logo_nvt.svg\",\"width\":156,\"height\":82,\"caption\":\"Neuch\u00e2tel vins et terroir\"},\"image\":{\"@id\":\"https:\\\/\\\/neuchatel-vins-terroir.ch\\\/#\\\/schema\\\/logo\\\/image\\\/\"}}]}<\/script>\n<!-- \/ Yoast SEO plugin. -->","yoast_head_json":{"title":"Neuenburger Pinot Noir, Der Unverzichtbare - Neuch\u00e2tel vins et terroir","robots":{"index":"index","follow":"follow","max-snippet":"max-snippet:-1","max-image-preview":"max-image-preview:large","max-video-preview":"max-video-preview:-1"},"canonical":"https:\/\/neuchatel-vins-terroir.ch\/de\/neuenburger-pinot-noir\/","og_locale":"de_DE","og_type":"article","og_title":"Neuenburger Pinot Noir, Der Unverzichtbare - Neuch\u00e2tel vins et terroir","og_description":"Der Pinot Noir, wird in der Region Neuenburg seit \u00fcber 1 000 Jahren angebaut und ist hier ebenso heimischwie im [&hellip;]","og_url":"https:\/\/neuchatel-vins-terroir.ch\/de\/neuenburger-pinot-noir\/","og_site_name":"Neuch\u00e2tel vins et terroir","article_modified_time":"2024-09-04T10:17:08+00:00","og_image":[{"width":800,"height":600,"url":"https:\/\/neuchatel-vins-terroir.ch\/wp-content\/uploads\/2021\/11\/583.jpg","type":"image\/jpeg"}],"twitter_card":"summary_large_image","twitter_misc":{"Gesch\u00e4tzte Lesezeit":"2\u00a0Minuten"},"schema":{"@context":"https:\/\/schema.org","@graph":[{"@type":"WebPage","@id":"https:\/\/neuchatel-vins-terroir.ch\/de\/neuenburger-pinot-noir\/","url":"https:\/\/neuchatel-vins-terroir.ch\/de\/neuenburger-pinot-noir\/","name":"Neuenburger Pinot Noir, Der Unverzichtbare - Neuch\u00e2tel vins et terroir","isPartOf":{"@id":"https:\/\/neuchatel-vins-terroir.ch\/#website"},"primaryImageOfPage":{"@id":"https:\/\/neuchatel-vins-terroir.ch\/de\/neuenburger-pinot-noir\/#primaryimage"},"image":{"@id":"https:\/\/neuchatel-vins-terroir.ch\/de\/neuenburger-pinot-noir\/#primaryimage"},"thumbnailUrl":"https:\/\/neuchatelvinsterroir.ch\/wp-content\/uploads\/2021\/11\/583.jpg","datePublished":"2022-10-25T10:00:28+00:00","dateModified":"2024-09-04T10:17:08+00:00","breadcrumb":{"@id":"https:\/\/neuchatel-vins-terroir.ch\/de\/neuenburger-pinot-noir\/#breadcrumb"},"inLanguage":"de","potentialAction":[{"@type":"ReadAction","target":["https:\/\/neuchatel-vins-terroir.ch\/de\/neuenburger-pinot-noir\/"]}]},{"@type":"ImageObject","inLanguage":"de","@id":"https:\/\/neuchatel-vins-terroir.ch\/de\/neuenburger-pinot-noir\/#primaryimage","url":"https:\/\/neuchatelvinsterroir.ch\/wp-content\/uploads\/2021\/11\/583.jpg","contentUrl":"https:\/\/neuchatelvinsterroir.ch\/wp-content\/uploads\/2021\/11\/583.jpg"},{"@type":"BreadcrumbList","@id":"https:\/\/neuchatel-vins-terroir.ch\/de\/neuenburger-pinot-noir\/#breadcrumb","itemListElement":[{"@type":"ListItem","position":1,"name":"Accueil","item":"https:\/\/neuchatel-vins-terroir.ch\/de\/home\/"},{"@type":"ListItem","position":2,"name":"Neuenburger Pinot Noir, Der Unverzichtbare"}]},{"@type":"WebSite","@id":"https:\/\/neuchatel-vins-terroir.ch\/#website","url":"https:\/\/neuchatel-vins-terroir.ch\/","name":"Neuch\u00e2tel vins et terroir","description":"Neuch\u00e2tel vins et terroir","publisher":{"@id":"https:\/\/neuchatel-vins-terroir.ch\/#organization"},"potentialAction":[{"@type":"SearchAction","target":{"@type":"EntryPoint","urlTemplate":"https:\/\/neuchatel-vins-terroir.ch\/?s={search_term_string}"},"query-input":{"@type":"PropertyValueSpecification","valueRequired":true,"valueName":"search_term_string"}}],"inLanguage":"de"},{"@type":"Organization","@id":"https:\/\/neuchatel-vins-terroir.ch\/#organization","name":"Neuch\u00e2tel vins et terroir","url":"https:\/\/neuchatel-vins-terroir.ch\/","logo":{"@type":"ImageObject","inLanguage":"de","@id":"https:\/\/neuchatel-vins-terroir.ch\/#\/schema\/logo\/image\/","url":"https:\/\/neuchatel-vins-terroir.ch\/wp-content\/uploads\/2021\/11\/logo_nvt.svg","contentUrl":"https:\/\/neuchatel-vins-terroir.ch\/wp-content\/uploads\/2021\/11\/logo_nvt.svg","width":156,"height":82,"caption":"Neuch\u00e2tel vins et terroir"},"image":{"@id":"https:\/\/neuchatel-vins-terroir.ch\/#\/schema\/logo\/image\/"}}]}},"taxonomy_info":[],"featured_image_src_large":false,"author_info":{"display_name":"Neuchatel Vins et Terroir NVT","author_link":"https:\/\/neuchatel-vins-terroir.ch\/de\/author\/nvt\/"},"comment_info":0,"publishpress_future_workflow_manual_trigger":{"enabledWorkflows":[]},"_links":{"self":[{"href":"https:\/\/neuchatel-vins-terroir.ch\/de\/wp-json\/wp\/v2\/pages\/31706","targetHints":{"allow":["GET"]}}],"collection":[{"href":"https:\/\/neuchatel-vins-terroir.ch\/de\/wp-json\/wp\/v2\/pages"}],"about":[{"href":"https:\/\/neuchatel-vins-terroir.ch\/de\/wp-json\/wp\/v2\/types\/page"}],"author":[{"embeddable":true,"href":"https:\/\/neuchatel-vins-terroir.ch\/de\/wp-json\/wp\/v2\/users\/25"}],"replies":[{"embeddable":true,"href":"https:\/\/neuchatel-vins-terroir.ch\/de\/wp-json\/wp\/v2\/comments?post=31706"}],"version-history":[{"count":5,"href":"https:\/\/neuchatel-vins-terroir.ch\/de\/wp-json\/wp\/v2\/pages\/31706\/revisions"}],"predecessor-version":[{"id":39557,"href":"https:\/\/neuchatel-vins-terroir.ch\/de\/wp-json\/wp\/v2\/pages\/31706\/revisions\/39557"}],"wp:attachment":[{"href":"https:\/\/neuchatel-vins-terroir.ch\/de\/wp-json\/wp\/v2\/media?parent=31706"}],"curies":[{"name":"wp","href":"https:\/\/api.w.org\/{rel}","templated":true}]}}