{"id":33806,"date":"2023-04-13T08:38:35","date_gmt":"2023-04-13T08:38:35","guid":{"rendered":"https:\/\/neuchatel-vins-terroir.ch\/markt-der-regionalen-produkte\/"},"modified":"2025-09-16T12:29:11","modified_gmt":"2025-09-16T12:29:11","slug":"markt-der-regionalen-produkte","status":"publish","type":"page","link":"https:\/\/neuchatel-vins-terroir.ch\/de\/terroir\/markt-der-regionalen-produkte\/","title":{"rendered":"MARKT DER REGIONALEN PRODUKTE"},"content":{"rendered":"\n<div class=\"wp-block-cover alignfull\"><img loading=\"lazy\" decoding=\"async\" width=\"2560\" height=\"1706\" class=\"wp-block-cover__image-background wp-image-43044 size-full\" alt=\"\" src=\"https:\/\/neuchatel-vins-terroir.ch\/wp-content\/uploads\/2025\/07\/VinTerroir_Mycorama-23-2-scaled.jpg\" style=\"object-position:86% 54%\" data-object-fit=\"cover\" data-object-position=\"86% 54%\" srcset=\"https:\/\/neuchatel-vins-terroir.ch\/wp-content\/uploads\/2025\/07\/VinTerroir_Mycorama-23-2-scaled.jpg 2560w, https:\/\/neuchatel-vins-terroir.ch\/wp-content\/uploads\/2025\/07\/VinTerroir_Mycorama-23-2-300x200.jpg 300w, https:\/\/neuchatel-vins-terroir.ch\/wp-content\/uploads\/2025\/07\/VinTerroir_Mycorama-23-2-1024x683.jpg 1024w, https:\/\/neuchatel-vins-terroir.ch\/wp-content\/uploads\/2025\/07\/VinTerroir_Mycorama-23-2-768x512.jpg 768w, https:\/\/neuchatel-vins-terroir.ch\/wp-content\/uploads\/2025\/07\/VinTerroir_Mycorama-23-2-50x33.jpg 50w, https:\/\/neuchatel-vins-terroir.ch\/wp-content\/uploads\/2025\/07\/VinTerroir_Mycorama-23-2-1600x1067.jpg 1600w, https:\/\/neuchatel-vins-terroir.ch\/wp-content\/uploads\/2025\/07\/VinTerroir_Mycorama-23-2-1536x1024.jpg 1536w, https:\/\/neuchatel-vins-terroir.ch\/wp-content\/uploads\/2025\/07\/VinTerroir_Mycorama-23-2-2048x1365.jpg 2048w, https:\/\/neuchatel-vins-terroir.ch\/wp-content\/uploads\/2025\/07\/VinTerroir_Mycorama-23-2-600x400.jpg 600w\" sizes=\"auto, (max-width: 2560px) 100vw, 2560px\" \/><span aria-hidden=\"true\" class=\"wp-block-cover__background has-secondary-background-color has-background-dim\"><\/span><div class=\"wp-block-cover__inner-container is-layout-flow wp-block-cover-is-layout-flow\">\n<h2 class=\"wp-block-heading has-text-align-center has-lighter-color has-text-color has-link-color has-xxl-font-size wp-elements-2e3ce32d235ab538f5402426d0565069\"><strong>MARKT DER LANDWIRTSCHAFTLICHEN PRODUKTE<\/strong><br\/>im Mycorama &#8211; Cernier<br\/>25. &amp; 26. Oktober 2025<\/h2>\n<\/div><\/div>\n\n<div style=\"height:44px\" aria-hidden=\"true\" class=\"wp-block-spacer\"><\/div>\n\n<h4 class=\"wp-block-heading has-text-align-center\"><a href=\"#info\" data-type=\"internal\" data-id=\"#info\"><span style=\"text-decoration: underline;\">Info \u00fcber den Markt<\/span><\/a> \/ <a href=\"#exposants\" data-type=\"internal\" data-id=\"#exposants\"><span style=\"text-decoration: underline;\">Aussteller <\/span><\/a>\/ <span style=\"text-decoration: underline;\"><a href=\"#famille\" data-type=\"internal\" data-id=\"#famille\">Familienaktivit\u00e4ten<\/a><\/span> <\/h4>\n\n<div style=\"height:44px\" aria-hidden=\"true\" class=\"wp-block-spacer\"><\/div>\n\n<h3 class=\"wp-block-heading\">Ein Wochenende lang k\u00f6nnen Sie im Mycorama in Cernier Neuenburger Produkte entdecken oder wiederentdecken.<\/h3>\n\n<p>24 Aussteller, Winzer und Produzenten pr\u00e4sentieren ihre Produkte auf drei Etagen. Entdecken oder wiederentdecken Sie die zertifizierten Produkte von Neuch\u00e2tel Vins et Terroir und profitieren Sie von der Zubereitung Ihrer Men\u00fcs aus der Region.<br\/>Die Gastronomie von Les Cinq Sens, erm\u00f6glicht es Ihnen, sich auf dem Markt mit frischen und saisonalen Produkten zu verpflegen. <\/p>\n\n<p>Probieren Sie die Weine der anwesenden Selbsteinkellerer f\u00fcr CHF 10.<\/p>\n\n<div class=\"wp-block-group is-layout-constrained wp-block-group-is-layout-constrained\">\n<hr class=\"wp-block-separator has-alpha-channel-opacity\"\/>\n<\/div>\n\n<div style=\"height:55px\" aria-hidden=\"true\" class=\"wp-block-spacer\"><\/div>\n\n<div class=\"wp-block-columns is-layout-flex wp-container-core-columns-is-layout-28f84493 wp-block-columns-is-layout-flex\" id=\"info\">\n<div class=\"wp-block-column is-layout-flow wp-block-column-is-layout-flow\" style=\"flex-basis:66.66%\">\n<div style=\"height:25px\" aria-hidden=\"true\" class=\"wp-block-spacer\"><\/div>\n\n\n\n<h2 class=\"wp-block-heading has-text-align-center\" id=\"Infos\">N\u00fctzliche Infos<\/h2>\n\n\n\n<figure class=\"wp-block-table is-style-stripes\"><table><tbody><tr><td class=\"has-text-align-left\" data-align=\"left\">Samstag, 25. Oktober<\/td><td>10:00 &#8211; 18:00 Uhr<\/td><\/tr><tr><td class=\"has-text-align-left\" data-align=\"left\">Sonntag, 26. Oktober<\/td><td>10:00 &#8211; 17:00 Uhr<\/td><\/tr><\/tbody><\/table><\/figure>\n\n\n\n<ul class=\"wp-block-list\">\n<li>Verkauf und Verkostung von Weinen und Produkten aus der Region.<\/li>\n\n\n\n<li>Keksdekoration vorgeschlagen von <a href=\"https:\/\/www.la-gourmandise.ch\/\" target=\"_blank\" rel=\"noreferrer noopener\">La Gourmandise<\/a><\/li>\n\n\n\n<li>Kreativ-Workshop von <a href=\"https:\/\/www.facebook.com\/p\/Paysannes-du-Val-de-Ruz-100069884884652\/\">den Landfrauen des Val-de-Ruz<\/a><\/li>\n\n\n\n<li>Er\u00f6ffnung von <a href=\"https:\/\/www.espaceabeilles.ch\/\" data-type=\"link\" data-id=\"https:\/\/www.espaceabeilles.ch\/\">Espace Abeille,<\/a> Herstellung von Kerzen aus Bienenwachs am Samstag und Sonntag<\/li>\n\n\n\n<li><a href=\"https:\/\/www.chevalpourtous.org\/\" data-type=\"link\" data-id=\"https:\/\/www.chevalpourtous.org\/\">Cheval pour tous<\/a> am Samstag von 11:00 bis 15:00. Ponyreiten <\/li>\n<\/ul>\n\n\n\n<div style=\"height:25px\" aria-hidden=\"true\" class=\"wp-block-spacer\"><\/div>\n\n\n\n<div class=\"wp-block-columns is-layout-flex wp-container-core-columns-is-layout-28f84493 wp-block-columns-is-layout-flex\">\n<div class=\"wp-block-column is-vertically-aligned-center is-layout-flow wp-block-column-is-layout-flow\">\n<h4 class=\"wp-block-heading\">Mycorama, Cernier<\/h4>\n\n\n\n<p>Verf\u00fcgbare Pl\u00e4tze in der Passage des C\u00e8pes in der N\u00e4he der Landi Val-de-Ruz<\/p>\n<\/div>\n\n\n\n<div class=\"wp-block-column is-layout-flow wp-block-column-is-layout-flow\">\n<div class=\"wp-block-buttons is-content-justification-center is-layout-flex wp-container-core-buttons-is-layout-098cc607 wp-block-buttons-is-layout-flex\">\n<div class=\"wp-block-button\"><a class=\"wp-block-button__link wp-element-button\" href=\"https:\/\/goo.gl\/maps\/UddMiqJRLxFeKJ258\" target=\"_blank\" rel=\"noreferrer noopener\">Auf den Markt kommen<\/a><\/div>\n<\/div>\n<\/div>\n<\/div>\n<\/div>\n\n\n\n<div class=\"wp-block-column is-layout-flow wp-block-column-is-layout-flow\" style=\"flex-basis:33.33%\">\n<div style=\"height:54px\" aria-hidden=\"true\" class=\"wp-block-spacer\"><\/div>\n\n\n\n<figure class=\"wp-block-image size-full\"><img loading=\"lazy\" decoding=\"async\" width=\"1024\" height=\"860\" src=\"https:\/\/neuchatel-vins-terroir.ch\/wp-content\/uploads\/2022\/06\/Planche_A3_CMJN_2_V1-1.jpg\" alt=\"\" class=\"wp-image-29535\" srcset=\"https:\/\/neuchatel-vins-terroir.ch\/wp-content\/uploads\/2022\/06\/Planche_A3_CMJN_2_V1-1.jpg 1024w, https:\/\/neuchatel-vins-terroir.ch\/wp-content\/uploads\/2022\/06\/Planche_A3_CMJN_2_V1-1-600x504.jpg 600w, https:\/\/neuchatel-vins-terroir.ch\/wp-content\/uploads\/2022\/06\/Planche_A3_CMJN_2_V1-1-300x252.jpg 300w, https:\/\/neuchatel-vins-terroir.ch\/wp-content\/uploads\/2022\/06\/Planche_A3_CMJN_2_V1-1-768x645.jpg 768w\" sizes=\"auto, (max-width: 1024px) 100vw, 1024px\" \/><\/figure>\n<\/div>\n<\/div>\n\n<div style=\"height:40px\" aria-hidden=\"true\" class=\"wp-block-spacer\"><\/div>\n\n<div class=\"wp-block-group is-layout-constrained wp-block-group-is-layout-constrained\">\n<hr class=\"wp-block-separator has-alpha-channel-opacity\"\/>\n<\/div>\n\n<h2 class=\"wp-block-heading\" id=\"exposants\">Aussteller auf dem Markt<\/h2>\n\n<div class=\"wp-block-columns are-vertically-aligned-top is-layout-flex wp-container-core-columns-is-layout-28f84493 wp-block-columns-is-layout-flex\">\n<div class=\"wp-block-column is-vertically-aligned-top is-layout-flow wp-block-column-is-layout-flow\">\n<h3 class=\"wp-block-heading\">Winzer<\/h3>\n\n\n\n<ul class=\"wp-block-list\">\n<li>Cave et Distillerie de la Ruelle<\/li>\n\n\n\n<li>Domaine Brunner<\/li>\n\n\n\n<li>Domaine Divernois<\/li>\n\n\n\n<li>Domaine du Pampre<\/li>\n\n\n\n<li>Lavanchy Vins<\/li>\n\n\n\n<li>Lionel Gasser Vins<\/li>\n\n\n\n<li>Nicolet Vins<\/li>\n\n\n\n<li>Sandoz Vins <\/li>\n\n\n\n<li>Maison Muster<\/li>\n<\/ul>\n\n\n\n<div style=\"height:46px\" aria-hidden=\"true\" class=\"wp-block-spacer\"><\/div>\n\n\n\n<h3 class=\"wp-block-heading\">Kunsthandwerk<\/h3>\n\n\n\n<ul class=\"wp-block-list\">\n<li>Evologia &#8211; <em>Atelier menuiserie et cr\u00e9ation<\/em><\/li>\n\n\n\n<li>Fondation les Perce-Neige<\/li>\n<\/ul>\n\n\n\n<p><\/p>\n<\/div>\n\n\n\n<div class=\"wp-block-column is-vertically-aligned-top is-layout-flow wp-block-column-is-layout-flow\">\n<h3 class=\"wp-block-heading\">Produzenten<\/h3>\n\n\n\n<ul class=\"wp-block-list\">\n<li>Ferme des Bouleaux &#8211; <em>Chapelon Hahn auf dem Bauernhof<\/em> <\/li>\n\n\n\n<li>La Ferme des Tourbi\u00e8res &#8211; <em>Produkte vom Bauernhof<\/em><\/li>\n\n\n\n<li>La Ferme du Breuil &#8211; <em>Produkte vom Bauernhof<\/em> <\/li>\n\n\n\n<li>La Gourmandise &#8211; <em>B\u00e4ckerei<\/em><\/li>\n\n\n\n<li>Le Chanteur du Chasseral &#8211; <em>Ziegenk\u00e4se<\/em><\/li>\n\n\n\n<li>Les Graines de l&#8217;Ami Luron &#8211; <em>Produkte auf dem Bauernhof<\/em> <\/li>\n\n\n\n<li>Les Saveurs Marguerite &#8211; <em>Eiskrem<\/em><\/li>\n\n\n\n<li>La Volont\u00e9 du D. &#8211; <em>Gew\u00fcrze und W\u00fcrzmittel<\/em><\/li>\n\n\n\n<li>Fromagerie de Ch\u00e9zard-Saint-Martin, Julien Linford &#8211; <em>Raclette<\/em><\/li>\n\n\n\n<li>Boucherie de la Pairie &#8211; Perroud &#8211; <em>Fleischprodukte<\/em> <\/li>\n\n\n\n<li>Au gr\u00e9 des Saveurs &#8211; <em>Honig und K\u00f6rbe<\/em><\/li>\n\n\n\n<li>Brasserie du Groin &#8211; <em>Biere<\/em><\/li>\n\n\n\n<li>Brasserie de la Meute &#8211; <em>Biere<\/em><\/li>\n<\/ul>\n<\/div>\n\n\n\n<div class=\"wp-block-column is-layout-flow wp-block-column-is-layout-flow\">\n<figure class=\"wp-block-image size-large\"><img loading=\"lazy\" decoding=\"async\" width=\"1024\" height=\"683\" src=\"https:\/\/neuchatel-vins-terroir.ch\/wp-content\/uploads\/2025\/07\/VinTerroir_Mycorama-31-1024x683.jpg\" alt=\"\" class=\"wp-image-43007\" srcset=\"https:\/\/neuchatel-vins-terroir.ch\/wp-content\/uploads\/2025\/07\/VinTerroir_Mycorama-31-1024x683.jpg 1024w, https:\/\/neuchatel-vins-terroir.ch\/wp-content\/uploads\/2025\/07\/VinTerroir_Mycorama-31-300x200.jpg 300w, https:\/\/neuchatel-vins-terroir.ch\/wp-content\/uploads\/2025\/07\/VinTerroir_Mycorama-31-768x512.jpg 768w, https:\/\/neuchatel-vins-terroir.ch\/wp-content\/uploads\/2025\/07\/VinTerroir_Mycorama-31-50x33.jpg 50w, https:\/\/neuchatel-vins-terroir.ch\/wp-content\/uploads\/2025\/07\/VinTerroir_Mycorama-31-1600x1067.jpg 1600w, https:\/\/neuchatel-vins-terroir.ch\/wp-content\/uploads\/2025\/07\/VinTerroir_Mycorama-31-1536x1024.jpg 1536w, https:\/\/neuchatel-vins-terroir.ch\/wp-content\/uploads\/2025\/07\/VinTerroir_Mycorama-31-2048x1365.jpg 2048w, https:\/\/neuchatel-vins-terroir.ch\/wp-content\/uploads\/2025\/07\/VinTerroir_Mycorama-31-600x400.jpg 600w\" sizes=\"auto, (max-width: 1024px) 100vw, 1024px\" \/><\/figure>\n\n\n\n<figure class=\"wp-block-image size-large\"><img loading=\"lazy\" decoding=\"async\" width=\"1024\" height=\"683\" src=\"https:\/\/neuchatel-vins-terroir.ch\/wp-content\/uploads\/2025\/07\/VinTerroir_Mycorama-86-1024x683.jpg\" alt=\"\" class=\"wp-image-43010\" srcset=\"https:\/\/neuchatel-vins-terroir.ch\/wp-content\/uploads\/2025\/07\/VinTerroir_Mycorama-86-1024x683.jpg 1024w, https:\/\/neuchatel-vins-terroir.ch\/wp-content\/uploads\/2025\/07\/VinTerroir_Mycorama-86-300x200.jpg 300w, https:\/\/neuchatel-vins-terroir.ch\/wp-content\/uploads\/2025\/07\/VinTerroir_Mycorama-86-768x512.jpg 768w, https:\/\/neuchatel-vins-terroir.ch\/wp-content\/uploads\/2025\/07\/VinTerroir_Mycorama-86-50x33.jpg 50w, https:\/\/neuchatel-vins-terroir.ch\/wp-content\/uploads\/2025\/07\/VinTerroir_Mycorama-86-1600x1067.jpg 1600w, https:\/\/neuchatel-vins-terroir.ch\/wp-content\/uploads\/2025\/07\/VinTerroir_Mycorama-86-1536x1024.jpg 1536w, https:\/\/neuchatel-vins-terroir.ch\/wp-content\/uploads\/2025\/07\/VinTerroir_Mycorama-86-2048x1365.jpg 2048w, https:\/\/neuchatel-vins-terroir.ch\/wp-content\/uploads\/2025\/07\/VinTerroir_Mycorama-86-600x400.jpg 600w\" sizes=\"auto, (max-width: 1024px) 100vw, 1024px\" \/><\/figure>\n<\/div>\n<\/div>\n\n<div style=\"height:40px\" aria-hidden=\"true\" class=\"wp-block-spacer\"><\/div>\n\n<h2 class=\"wp-block-heading\" id=\"famille\">Familienaktivit\u00e4ten<\/h2>\n\n<div class=\"wp-block-columns is-layout-flex wp-container-core-columns-is-layout-28f84493 wp-block-columns-is-layout-flex\">\n<div class=\"wp-block-column is-layout-flow wp-block-column-is-layout-flow\">\n<figure class=\"wp-block-image size-full\"><img loading=\"lazy\" decoding=\"async\" width=\"500\" height=\"500\" src=\"https:\/\/neuchatel-vins-terroir.ch\/wp-content\/uploads\/2025\/07\/3-1.png\" alt=\"\" class=\"wp-image-43055\" srcset=\"https:\/\/neuchatel-vins-terroir.ch\/wp-content\/uploads\/2025\/07\/3-1.png 500w, https:\/\/neuchatel-vins-terroir.ch\/wp-content\/uploads\/2025\/07\/3-1-300x300.png 300w, https:\/\/neuchatel-vins-terroir.ch\/wp-content\/uploads\/2025\/07\/3-1-150x150.png 150w, https:\/\/neuchatel-vins-terroir.ch\/wp-content\/uploads\/2025\/07\/3-1-50x50.png 50w, https:\/\/neuchatel-vins-terroir.ch\/wp-content\/uploads\/2025\/07\/3-1-100x100.png 100w\" sizes=\"auto, (max-width: 500px) 100vw, 500px\" \/><\/figure>\n\n\n\n<p><strong>D\u00e9coration de biscuits<\/strong><br\/><em>CHF 6.-<\/em><br\/>Mycorama<br\/>Stand de la <a href=\"https:\/\/www.la-gourmandise.ch\/\" target=\"_blank\" rel=\"noreferrer noopener\">Gourmandise<\/a><\/p>\n<\/div>\n\n\n\n<div class=\"wp-block-column is-layout-flow wp-block-column-is-layout-flow\">\n<figure class=\"wp-block-image size-full\"><img loading=\"lazy\" decoding=\"async\" width=\"1080\" height=\"1080\" src=\"https:\/\/neuchatel-vins-terroir.ch\/wp-content\/uploads\/2025\/07\/Journaliste-2.png\" alt=\"\" class=\"wp-image-43017\" style=\"aspect-ratio:1;object-fit:cover\" srcset=\"https:\/\/neuchatel-vins-terroir.ch\/wp-content\/uploads\/2025\/07\/Journaliste-2.png 1080w, https:\/\/neuchatel-vins-terroir.ch\/wp-content\/uploads\/2025\/07\/Journaliste-2-300x300.png 300w, https:\/\/neuchatel-vins-terroir.ch\/wp-content\/uploads\/2025\/07\/Journaliste-2-1024x1024.png 1024w, https:\/\/neuchatel-vins-terroir.ch\/wp-content\/uploads\/2025\/07\/Journaliste-2-150x150.png 150w, https:\/\/neuchatel-vins-terroir.ch\/wp-content\/uploads\/2025\/07\/Journaliste-2-768x768.png 768w, https:\/\/neuchatel-vins-terroir.ch\/wp-content\/uploads\/2025\/07\/Journaliste-2-50x50.png 50w, https:\/\/neuchatel-vins-terroir.ch\/wp-content\/uploads\/2025\/07\/Journaliste-2-600x600.png 600w, https:\/\/neuchatel-vins-terroir.ch\/wp-content\/uploads\/2025\/07\/Journaliste-2-100x100.png 100w\" sizes=\"auto, (max-width: 1080px) 100vw, 1080px\" \/><\/figure>\n\n\n\n<p><strong>Ponyreiten<\/strong><br\/><em>CHF 5.-<\/em><br\/><span style=\"text-decoration: underline;\">Nur am Sonntag, 26. Oktober &#8211; 11h &#8211; 15h<\/span><br\/>Start neben dem Mycorama<br\/>von <a href=\"https:\/\/www.chevalpourtous.org\/\" target=\"_blank\" rel=\"noreferrer noopener\">Cheval pour tous<\/a><br\/><\/p>\n<\/div>\n\n\n\n<div class=\"wp-block-column is-layout-flow wp-block-column-is-layout-flow\">\n<figure class=\"wp-block-image size-full\"><img loading=\"lazy\" decoding=\"async\" width=\"500\" height=\"500\" src=\"https:\/\/neuchatel-vins-terroir.ch\/wp-content\/uploads\/2025\/07\/1-3.png\" alt=\"\" class=\"wp-image-43058\" srcset=\"https:\/\/neuchatel-vins-terroir.ch\/wp-content\/uploads\/2025\/07\/1-3.png 500w, https:\/\/neuchatel-vins-terroir.ch\/wp-content\/uploads\/2025\/07\/1-3-300x300.png 300w, https:\/\/neuchatel-vins-terroir.ch\/wp-content\/uploads\/2025\/07\/1-3-150x150.png 150w, https:\/\/neuchatel-vins-terroir.ch\/wp-content\/uploads\/2025\/07\/1-3-50x50.png 50w, https:\/\/neuchatel-vins-terroir.ch\/wp-content\/uploads\/2025\/07\/1-3-100x100.png 100w\" sizes=\"auto, (max-width: 500px) 100vw, 500px\" \/><\/figure>\n\n\n\n<p><strong>Entdeckung und Herstellung von gerollten Bienenwachskerzen<\/strong><br\/><em>CHF 3,50<\/em><br\/><a href=\"https:\/\/www.espaceabeilles.ch\/\" target=\"_blank\" rel=\"noreferrer noopener\">Espace Abeilles<\/a><\/p>\n<\/div>\n\n\n\n<div class=\"wp-block-column is-layout-flow wp-block-column-is-layout-flow\">\n<figure class=\"wp-block-image size-full\"><img loading=\"lazy\" decoding=\"async\" width=\"1080\" height=\"1350\" src=\"https:\/\/neuchatel-vins-terroir.ch\/wp-content\/uploads\/2025\/08\/Journaliste-1.png\" alt=\"\" class=\"wp-image-44174\" style=\"aspect-ratio:1;object-fit:cover\" srcset=\"https:\/\/neuchatel-vins-terroir.ch\/wp-content\/uploads\/2025\/08\/Journaliste-1.png 1080w, https:\/\/neuchatel-vins-terroir.ch\/wp-content\/uploads\/2025\/08\/Journaliste-1-240x300.png 240w, https:\/\/neuchatel-vins-terroir.ch\/wp-content\/uploads\/2025\/08\/Journaliste-1-819x1024.png 819w, https:\/\/neuchatel-vins-terroir.ch\/wp-content\/uploads\/2025\/08\/Journaliste-1-768x960.png 768w, https:\/\/neuchatel-vins-terroir.ch\/wp-content\/uploads\/2025\/08\/Journaliste-1-50x63.png 50w, https:\/\/neuchatel-vins-terroir.ch\/wp-content\/uploads\/2025\/08\/Journaliste-1-600x750.png 600w\" sizes=\"auto, (max-width: 1080px) 100vw, 1080px\" \/><\/figure>\n\n\n\n<p><strong>Kreativ-Workshop<\/strong><br\/><em>CHF 5.-<\/em><br\/>Mycorama<br\/><a href=\"https:\/\/www.facebook.com\/p\/Paysannes-du-Val-de-Ruz-100069884884652\/\" data-type=\"link\" data-id=\"https:\/\/www.facebook.com\/p\/Paysannes-du-Val-de-Ruz-100069884884652\/\">Von den Landfrauen des Val-de-Ruz<\/a><\/p>\n<\/div>\n<\/div>\n\n<div style=\"height:43px\" aria-hidden=\"true\" class=\"wp-block-spacer\"><\/div>\n\n<h3 class=\"wp-block-heading\">Eine Pauschale f\u00fcr alle Aktivit\u00e4ten<\/h3>\n\n<p>Das <em>Carnet des Explorateurs du Terroir <\/em>kostet CHF 16.- und Ihre Kinder k\u00f6nnen an allen Aktivit\u00e4ten teilnehmen, die auf der Website angeboten werden. <\/p>\n\n<p>In Partnerschaft mit <\/p>\n\n<figure class=\"wp-block-image size-large is-resized\"><a href=\"https:\/\/www.terrenature.ch\/\" target=\"_blank\" rel=\"noreferrer noopener\"><img loading=\"lazy\" decoding=\"async\" width=\"1024\" height=\"214\" src=\"https:\/\/neuchatel-vins-terroir.ch\/wp-content\/uploads\/2022\/10\/Logo-TerreNature-quadri-sans-base-1024x214.jpg\" alt=\"\" class=\"wp-image-31182\" style=\"width:156px;height:33px\" srcset=\"https:\/\/neuchatel-vins-terroir.ch\/wp-content\/uploads\/2022\/10\/Logo-TerreNature-quadri-sans-base-1024x214.jpg 1024w, https:\/\/neuchatel-vins-terroir.ch\/wp-content\/uploads\/2022\/10\/Logo-TerreNature-quadri-sans-base-300x63.jpg 300w, https:\/\/neuchatel-vins-terroir.ch\/wp-content\/uploads\/2022\/10\/Logo-TerreNature-quadri-sans-base-768x161.jpg 768w, https:\/\/neuchatel-vins-terroir.ch\/wp-content\/uploads\/2022\/10\/Logo-TerreNature-quadri-sans-base-1536x322.jpg 1536w, https:\/\/neuchatel-vins-terroir.ch\/wp-content\/uploads\/2022\/10\/Logo-TerreNature-quadri-sans-base-2048x429.jpg 2048w, https:\/\/neuchatel-vins-terroir.ch\/wp-content\/uploads\/2022\/10\/Logo-TerreNature-quadri-sans-base-600x126.jpg 600w\" sizes=\"auto, (max-width: 1024px) 100vw, 1024px\" \/><\/a><\/figure>\n\n<p><a href=\"https:\/\/neuchatel-vins-terroir.ch\/de\/terroir\/\" data-type=\"page\" data-id=\"16\">Entdecken Sie alle Produzenten mit dem Label Neuch\u00e2tel Vins et Terroir<\/a><\/p>\n\n<div style=\"height:28px\" aria-hidden=\"true\" class=\"wp-block-spacer\"><\/div>\n\n<div class=\"wp-block-columns is-layout-flex wp-container-core-columns-is-layout-28f84493 wp-block-columns-is-layout-flex\">\n<div class=\"wp-block-column is-layout-flow wp-block-column-is-layout-flow\">\n<figure class=\"wp-block-image size-full is-resized\"><img loading=\"lazy\" decoding=\"async\" width=\"621\" height=\"199\" src=\"https:\/\/neuchatel-vins-terroir.ch\/wp-content\/uploads\/2025\/09\/sans-fond_SWP_Neuchatel.png\" alt=\"\" class=\"wp-image-44523\" style=\"width:159px;height:auto\" srcset=\"https:\/\/neuchatel-vins-terroir.ch\/wp-content\/uploads\/2025\/09\/sans-fond_SWP_Neuchatel.png 621w, https:\/\/neuchatel-vins-terroir.ch\/wp-content\/uploads\/2025\/09\/sans-fond_SWP_Neuchatel-300x96.png 300w, https:\/\/neuchatel-vins-terroir.ch\/wp-content\/uploads\/2025\/09\/sans-fond_SWP_Neuchatel-50x16.png 50w, https:\/\/neuchatel-vins-terroir.ch\/wp-content\/uploads\/2025\/09\/sans-fond_SWP_Neuchatel-600x192.png 600w\" sizes=\"auto, (max-width: 621px) 100vw, 621px\" \/><\/figure>\n<\/div>\n\n\n\n<div class=\"wp-block-column is-layout-flow wp-block-column-is-layout-flow\">\n<figure class=\"wp-block-image aligncenter size-large is-resized\"><img loading=\"lazy\" decoding=\"async\" width=\"769\" height=\"1024\" src=\"https:\/\/neuchatel-vins-terroir.ch\/wp-content\/uploads\/2025\/09\/rg_NE-1a-769x1024.png\" alt=\"\" class=\"wp-image-44526\" style=\"width:80px;height:auto\" srcset=\"https:\/\/neuchatel-vins-terroir.ch\/wp-content\/uploads\/2025\/09\/rg_NE-1a-769x1024.png 769w, https:\/\/neuchatel-vins-terroir.ch\/wp-content\/uploads\/2025\/09\/rg_NE-1a-225x300.png 225w, https:\/\/neuchatel-vins-terroir.ch\/wp-content\/uploads\/2025\/09\/rg_NE-1a-768x1023.png 768w, https:\/\/neuchatel-vins-terroir.ch\/wp-content\/uploads\/2025\/09\/rg_NE-1a-50x67.png 50w, https:\/\/neuchatel-vins-terroir.ch\/wp-content\/uploads\/2025\/09\/rg_NE-1a-1600x2131.png 1600w, https:\/\/neuchatel-vins-terroir.ch\/wp-content\/uploads\/2025\/09\/rg_NE-1a-1153x1536.png 1153w, https:\/\/neuchatel-vins-terroir.ch\/wp-content\/uploads\/2025\/09\/rg_NE-1a-1537x2048.png 1537w, https:\/\/neuchatel-vins-terroir.ch\/wp-content\/uploads\/2025\/09\/rg_NE-1a-600x799.png 600w, https:\/\/neuchatel-vins-terroir.ch\/wp-content\/uploads\/2025\/09\/rg_NE-1a-scaled.png 1922w\" sizes=\"auto, (max-width: 769px) 100vw, 769px\" \/><\/figure>\n<\/div>\n\n\n\n<div class=\"wp-block-column is-layout-flow wp-block-column-is-layout-flow\">\n<figure class=\"wp-block-image alignright size-large is-resized\"><img loading=\"lazy\" decoding=\"async\" width=\"1024\" height=\"293\" src=\"https:\/\/neuchatel-vins-terroir.ch\/wp-content\/uploads\/2025\/09\/OFAG-FR-1024x293.jpg\" alt=\"\" class=\"wp-image-44529\" style=\"width:157px;height:auto\" srcset=\"https:\/\/neuchatel-vins-terroir.ch\/wp-content\/uploads\/2025\/09\/OFAG-FR-1024x293.jpg 1024w, https:\/\/neuchatel-vins-terroir.ch\/wp-content\/uploads\/2025\/09\/OFAG-FR-300x86.jpg 300w, https:\/\/neuchatel-vins-terroir.ch\/wp-content\/uploads\/2025\/09\/OFAG-FR-768x220.jpg 768w, https:\/\/neuchatel-vins-terroir.ch\/wp-content\/uploads\/2025\/09\/OFAG-FR-50x14.jpg 50w, https:\/\/neuchatel-vins-terroir.ch\/wp-content\/uploads\/2025\/09\/OFAG-FR-600x172.jpg 600w, https:\/\/neuchatel-vins-terroir.ch\/wp-content\/uploads\/2025\/09\/OFAG-FR.jpg 1489w\" sizes=\"auto, (max-width: 1024px) 100vw, 1024px\" \/><\/figure>\n<\/div>\n<\/div>\n","protected":false},"excerpt":{"rendered":"<p>Info \u00fcber den Markt \/ Aussteller \/ Familienaktivit\u00e4ten Ein Wochenende lang k\u00f6nnen Sie im Mycorama in Cernier Neuenburger Produkte entdecken [&hellip;]<\/p>\n","protected":false},"author":25,"featured_media":0,"parent":26275,"menu_order":22,"comment_status":"closed","ping_status":"closed","template":"","meta":{"_acf_changed":false,"_kad_blocks_custom_css":"","_kad_blocks_head_custom_js":"","_kad_blocks_body_custom_js":"","_kad_blocks_footer_custom_js":"","footnotes":""},"class_list":["post-33806","page","type-page","status-publish","hentry"],"acf":[],"taxonomy_info":[],"featured_image_src_large":false,"author_info":{"display_name":"Neuchatel Vins et Terroir NVT","author_link":"https:\/\/neuchatel-vins-terroir.ch\/de\/author\/nvt\/"},"comment_info":0,"publishpress_future_workflow_manual_trigger":{"enabledWorkflows":[]},"_links":{"self":[{"href":"https:\/\/neuchatel-vins-terroir.ch\/de\/wp-json\/wp\/v2\/pages\/33806","targetHints":{"allow":["GET"]}}],"collection":[{"href":"https:\/\/neuchatel-vins-terroir.ch\/de\/wp-json\/wp\/v2\/pages"}],"about":[{"href":"https:\/\/neuchatel-vins-terroir.ch\/de\/wp-json\/wp\/v2\/types\/page"}],"author":[{"embeddable":true,"href":"https:\/\/neuchatel-vins-terroir.ch\/de\/wp-json\/wp\/v2\/users\/25"}],"replies":[{"embeddable":true,"href":"https:\/\/neuchatel-vins-terroir.ch\/de\/wp-json\/wp\/v2\/comments?post=33806"}],"version-history":[{"count":5,"href":"https:\/\/neuchatel-vins-terroir.ch\/de\/wp-json\/wp\/v2\/pages\/33806\/revisions"}],"predecessor-version":[{"id":44534,"href":"https:\/\/neuchatel-vins-terroir.ch\/de\/wp-json\/wp\/v2\/pages\/33806\/revisions\/44534"}],"up":[{"embeddable":true,"href":"https:\/\/neuchatel-vins-terroir.ch\/de\/wp-json\/wp\/v2\/pages\/26275"}],"wp:attachment":[{"href":"https:\/\/neuchatel-vins-terroir.ch\/de\/wp-json\/wp\/v2\/media?parent=33806"}],"curies":[{"name":"wp","href":"https:\/\/api.w.org\/{rel}","templated":true}]}}