{"id":33814,"date":"2023-04-13T09:04:57","date_gmt":"2023-04-13T09:04:57","guid":{"rendered":"https:\/\/neuchatel-vins-terroir.ch\/bestellen-sie-ihre-warenkoerbe\/"},"modified":"2023-04-13T09:04:58","modified_gmt":"2023-04-13T09:04:58","slug":"bestellen-sie-ihre-warenkoerbe","status":"publish","type":"page","link":"https:\/\/neuchatel-vins-terroir.ch\/de\/bestellen-sie-ihre-warenkoerbe\/","title":{"rendered":"Bestellen Sie Ihre Warenk\u00f6rbe"},"content":{"rendered":"\n<p>Neuch\u00e2tel Vins et Terroir und die Assoziation <a rel=\"noreferrer noopener\" href=\"https:\/\/marketplace.dclicterroirs.ch\/\" data-type=\"URL\" data-id=\"https:\/\/marketplace.dclicterroirs.ch\/\" target=\"_blank\">D\/CLIC<\/a> terroirs bieten Ihnen f\u00fcr Ihre Jahresendgeschenke sowie f\u00fcr Geschenke im Jahr 2023 K\u00f6rbe mit Produkten aus dem Terroir an.<\/p>\n\n<blockquote class=\"wp-block-quote is-layout-flow wp-block-quote-is-layout-flow\"><p>Lieferung bei Bestellungen von mindestens 5 K\u00f6rben\/Kartons. Darunter sind die K\u00f6rbe in Cernier abzuholen.<\/p><\/blockquote>\n\n<div style=\"height:27px\" aria-hidden=\"true\" class=\"wp-block-spacer\"><\/div>\n\n<div class=\"wp-block-columns is-layout-flex wp-container-core-columns-is-layout-28f84493 wp-block-columns-is-layout-flex\">\n<div class=\"wp-block-column is-vertically-aligned-center is-layout-flow wp-block-column-is-layout-flow\" style=\"flex-basis:66.66%\">\n<h2 class=\"has-text-align-center wp-block-heading\">Der Karton Tradition<\/h2>\n\n\n\n<ul class=\"wp-block-list\"><li>Gesalzene Fl\u00fbtes mit Butter &#8211; <em>Les Biscuits Voyageurs<\/em><\/li><li>Trockenwurst vom Tal &#8211; <em>Boucherie de la Prairie <\/em><em>\u2013<\/em><em> Bernard Perroud<\/em><\/li><li>Casarecce mit Altweizen 350g &#8211; <em>Aux Milles P\u00e2tes<\/em>     <\/li><li>Areuse-Senf &#8211; <em>Domaine des Pr\u00e9s d&#8217;Areuse <\/em> <\/li><li>Weizenmehl Blume 1kg &#8211; <em>Moulin de Valangin<\/em><\/li><li>Fondue-Mischung 400g &#8211; <em>Fromagerie de B\u00e9mont<\/em><\/li><li>Haferflocken 350g &#8211; <em>Les Graines de l&#8217;Ami Luron<\/em>  <\/li><\/ul>\n\n\n<h3 class=\"has-text-align-center wp-block-heading\">CHF 50.- <\/h3>\n<\/div>\n\n\n\n<div class=\"wp-block-column is-layout-flow wp-block-column-is-layout-flow\" style=\"flex-basis:33.33%\"><div data-align-buttons=\"true\" data-block-name=\"woocommerce\/product-tag\" data-columns=\"1\" data-rows=\"1\" data-stock-status=\"[&quot;&quot;,&quot;instock&quot;,&quot;outofstock&quot;,&quot;onbackorder&quot;]\" data-tags=\"[]\" class=\"wc-block-grid wp-block-product-tag wp-block-woocommerce-product-tag wc-block-product-tag has-1-columns has-aligned-buttons\"><ul class=\"wc-block-grid__products\"><li class=\"wc-block-grid__product\">\n\t\t\t\t<a href=\"https:\/\/neuchatel-vins-terroir.ch\/de\/produit\/geschenkgutschein-2\/\" class=\"wc-block-grid__product-link\">\n\t\t\t\t\t\n\t\t\t\t\t<div class=\"wc-block-grid__product-image\"><img loading=\"lazy\" decoding=\"async\" width=\"300\" height=\"300\" src=\"https:\/\/neuchatel-vins-terroir.ch\/wp-content\/uploads\/2025\/11\/Bon-cadeau-Publication-Instagram-300x300.jpg\" class=\"attachment-woocommerce_thumbnail size-woocommerce_thumbnail\" alt=\"Geschenkgutschein\" srcset=\"https:\/\/neuchatel-vins-terroir.ch\/wp-content\/uploads\/2025\/11\/Bon-cadeau-Publication-Instagram-300x300.jpg 300w, https:\/\/neuchatel-vins-terroir.ch\/wp-content\/uploads\/2025\/11\/Bon-cadeau-Publication-Instagram-1024x1024.jpg 1024w, https:\/\/neuchatel-vins-terroir.ch\/wp-content\/uploads\/2025\/11\/Bon-cadeau-Publication-Instagram-150x150.jpg 150w, https:\/\/neuchatel-vins-terroir.ch\/wp-content\/uploads\/2025\/11\/Bon-cadeau-Publication-Instagram-768x768.jpg 768w, https:\/\/neuchatel-vins-terroir.ch\/wp-content\/uploads\/2025\/11\/Bon-cadeau-Publication-Instagram-600x600.jpg 600w, https:\/\/neuchatel-vins-terroir.ch\/wp-content\/uploads\/2025\/11\/Bon-cadeau-Publication-Instagram-100x100.jpg 100w, https:\/\/neuchatel-vins-terroir.ch\/wp-content\/uploads\/2025\/11\/Bon-cadeau-Publication-Instagram.jpg 1080w\" sizes=\"auto, (max-width: 300px) 100vw, 300px\" \/><\/div>\n\t\t\t\t\t<div class=\"wc-block-grid__product-title\">Geschenkgutschein<\/div>\n\t\t\t\t<\/a>\n\t\t\t\t<div class=\"wc-block-grid__product-price price\"><span class=\"price price-range\"><span class=\"woocommerce-Price-amount amount\"><span class=\"woocommerce-Price-currencySymbol\">&#067;&#072;&#070;<\/span>&nbsp;20.00<\/span> \u2013 <span class=\"woocommerce-Price-amount amount\"><span class=\"woocommerce-Price-currencySymbol\">&#067;&#072;&#070;<\/span>&nbsp;200.00<\/span><\/span><\/div>\n\t\t\t\t\n\t\t\t\t<div class=\"wp-block-button wc-block-grid__product-add-to-cart\"><a href=\"https:\/\/neuchatel-vins-terroir.ch\/de\/produit\/geschenkgutschein-2\/\" aria-label=\"Lese mehr \u00fcber &#8222;Geschenkgutschein&#8220;\" data-quantity=\"1\" data-product_id=\"46160\" data-product_sku=\"\" data-price=\"20\" rel=\"nofollow\" class=\"wp-block-button__link  add_to_cart_button\">Weiterlesen<\/a><\/div>\n\t\t\t<\/li><\/ul><\/div>\n\n\n<p class=\"has-text-align-center\">\n          <em>Bestellen Sie Ihren Warenkorb und w\u00e4hlen Sie Ihr Lieferdatum, indem Sie auf &#8222;Optionswahl&#8220; klicken.<\/em>\n        <\/p>\n<\/div>\n<\/div>\n\n<div style=\"height:27px\" aria-hidden=\"true\" class=\"wp-block-spacer\"><\/div>\n\n<div class=\"wp-block-columns is-layout-flex wp-container-core-columns-is-layout-28f84493 wp-block-columns-is-layout-flex\">\n<div class=\"wp-block-column is-vertically-aligned-center is-layout-flow wp-block-column-is-layout-flow\" style=\"flex-basis:66.66%\">\n<h2 class=\"has-text-align-center wp-block-heading\">Le Carton d&#8217;\u00c9picurien<\/h2>\n\n\n\n<ul class=\"wp-block-list\"><li>Gesalzene Fl\u00fbtes mit Butter &#8211; <em>Les Biscuits Voyageurs<\/em><\/li><li>Trockenwurst vom Tal &#8211; <em>Boucherie de la Prairie \u2013 Bernard Perroud<\/em><\/li><li>Casarecce mit Altweizen 350g &#8211; <em>Aux Milles P\u00e2tes<\/em>     <\/li><li>Areuse-Senf und Sonnenblumen\u00f6l- <em>Domaine des Pr\u00e9s d&#8217;Areuse<\/em>  <\/li><li>Weizenmehl Blume 1kg &#8211; <em>Moulin de Valangin<\/em><\/li><li>Fondue-Mischung 400g. &#8211; <em>Fromagerie de B\u00e9mont<\/em><\/li><li>Haferflocken 350g und Beluga-Linsen 400g &#8211; <em>Les Graines de l&#8217;Ami Luron<\/em><\/li><li>Honigbl\u00fcte 125g &#8211; <em>Au Gr\u00e9 des Saveurs<\/em><\/li><li>Handgemachte Meringues &#8211; <em>Ferme des Tourbi\u00e8res<\/em><\/li><li>Pinot Gris 50cl &#8211; <em>Domaine Brunner<\/em><\/li><li>Dinkelrisotto 700g &#8211; <em>CE Cachelin-Hadorn<\/em><\/li><\/ul>\n\n\n<h3 class=\"has-text-align-center wp-block-heading\">CHF 100.-<\/h3>\n<\/div>\n\n\n\n<div class=\"wp-block-column is-layout-flow wp-block-column-is-layout-flow\" style=\"flex-basis:33.33%\"><div data-block-name=\"woocommerce\/product-tag\" data-columns=\"1\" data-rows=\"1\" data-tags=\"[]\" class=\"wc-block-grid wp-block-product-tag wp-block-woocommerce-product-tag wc-block-product-tag has-1-columns\"><ul class=\"wc-block-grid__products\"><li class=\"wc-block-grid__product\">\n\t\t\t\t<a href=\"https:\/\/neuchatel-vins-terroir.ch\/de\/produit\/geschenkgutschein-2\/\" class=\"wc-block-grid__product-link\">\n\t\t\t\t\t\n\t\t\t\t\t<div class=\"wc-block-grid__product-image\"><img loading=\"lazy\" decoding=\"async\" width=\"300\" height=\"300\" src=\"https:\/\/neuchatel-vins-terroir.ch\/wp-content\/uploads\/2025\/11\/Bon-cadeau-Publication-Instagram-300x300.jpg\" class=\"attachment-woocommerce_thumbnail size-woocommerce_thumbnail\" alt=\"Geschenkgutschein\" srcset=\"https:\/\/neuchatel-vins-terroir.ch\/wp-content\/uploads\/2025\/11\/Bon-cadeau-Publication-Instagram-300x300.jpg 300w, https:\/\/neuchatel-vins-terroir.ch\/wp-content\/uploads\/2025\/11\/Bon-cadeau-Publication-Instagram-1024x1024.jpg 1024w, https:\/\/neuchatel-vins-terroir.ch\/wp-content\/uploads\/2025\/11\/Bon-cadeau-Publication-Instagram-150x150.jpg 150w, https:\/\/neuchatel-vins-terroir.ch\/wp-content\/uploads\/2025\/11\/Bon-cadeau-Publication-Instagram-768x768.jpg 768w, https:\/\/neuchatel-vins-terroir.ch\/wp-content\/uploads\/2025\/11\/Bon-cadeau-Publication-Instagram-600x600.jpg 600w, https:\/\/neuchatel-vins-terroir.ch\/wp-content\/uploads\/2025\/11\/Bon-cadeau-Publication-Instagram-100x100.jpg 100w, https:\/\/neuchatel-vins-terroir.ch\/wp-content\/uploads\/2025\/11\/Bon-cadeau-Publication-Instagram.jpg 1080w\" sizes=\"auto, (max-width: 300px) 100vw, 300px\" \/><\/div>\n\t\t\t\t\t<div class=\"wc-block-grid__product-title\">Geschenkgutschein<\/div>\n\t\t\t\t<\/a>\n\t\t\t\t<div class=\"wc-block-grid__product-price price\"><span class=\"price price-range\"><span class=\"woocommerce-Price-amount amount\"><span class=\"woocommerce-Price-currencySymbol\">&#067;&#072;&#070;<\/span>&nbsp;20.00<\/span> \u2013 <span class=\"woocommerce-Price-amount amount\"><span class=\"woocommerce-Price-currencySymbol\">&#067;&#072;&#070;<\/span>&nbsp;200.00<\/span><\/span><\/div>\n\t\t\t\t\n\t\t\t\t<div class=\"wp-block-button wc-block-grid__product-add-to-cart\"><a href=\"https:\/\/neuchatel-vins-terroir.ch\/de\/produit\/geschenkgutschein-2\/\" aria-label=\"Lese mehr \u00fcber &#8222;Geschenkgutschein&#8220;\" data-quantity=\"1\" data-product_id=\"46160\" data-product_sku=\"\" data-price=\"20\" rel=\"nofollow\" class=\"wp-block-button__link  add_to_cart_button\">Weiterlesen<\/a><\/div>\n\t\t\t<\/li><\/ul><\/div>\n\n\n<p class=\"has-text-align-center\">\n          <em>Bestellen Sie Ihren Warenkorb und w\u00e4hlen Sie Ihr Lieferdatum, indem Sie auf &#8222;Optionswahl&#8220; klicken.<\/em>\n        <\/p>\n<\/div>\n<\/div>\n\n<div style=\"height:27px\" aria-hidden=\"true\" class=\"wp-block-spacer\"><\/div>\n\n<div class=\"wp-block-columns is-layout-flex wp-container-core-columns-is-layout-28f84493 wp-block-columns-is-layout-flex\">\n<div class=\"wp-block-column is-vertically-aligned-center is-layout-flow wp-block-column-is-layout-flow\" style=\"flex-basis:66.66%\">\n<h2 class=\"has-text-align-center wp-block-heading\">Le Panier de Caract\u00e8re<\/h2>\n\n\n\n<ul class=\"wp-block-list\"><li>Gesalzene Fl\u00fbtes mit Butter und Karamellbonbons Grand-m\u00e8re &#8211; <em>Les Biscuits Voyageurs<\/em><\/li><li>Trockenwurst vom Tal und Saucisson Neuch\u00e2telois IGP &#8211; <em>Boucherie de la Prairie \u2013 Bernard Perroud<\/em><\/li><li>Casarecce mit Altweizen 350g &#8211; <em>Aux Milles P\u00e2tes<\/em><\/li><li>Areuse-Senf &#8211; <em>Domaine des Pr\u00e8s d&#8217;Areuse<\/em><\/li><li>Weizenmehl Blume 1kg &#8211; <em>Moulin de Valangin<\/em><\/li><li>Fonduemischung 400g, Cr\u00e8me Double 3dl und Gruy\u00e8re mi-sal\u00e9, 200g <em>Fromagerie de B\u00e9mont<\/em><\/li><li>Haferflocken 350g und Beluga-Linsen 400g &#8211; <em>Les Graines de l&#8217;Ami Luron<\/em><\/li><li>Fr\u00fchlingshonig &#8211; 250g &#8211; <em>Au Gr\u00e9 des Saveurs<\/em><\/li><li>Handgemachte Meringues und Schokoladenkuchent &#8211; <em>Ferme des Tourbi\u00e8res<\/em><\/li><li>Pinot Noir 75cl &#8211; <em>Domaine Brunner<\/em><\/li><li>Baumwolltasche- <em>Neuch\u00e2tel Vins et Terroir<\/em><\/li><li>Raps\u00f6l 50cl- <em>Ferme des Vernets<\/em><\/li><li>Dinkelrisotto 700g &#8211; <em>CE Cachelin-Hadorn<\/em> <\/li><\/ul>\n\n\n<h3 class=\"has-text-align-center wp-block-heading\">CHF 150.-<\/h3>\n<\/div>\n\n\n\n<div class=\"wp-block-column is-layout-flow wp-block-column-is-layout-flow\" style=\"flex-basis:33.33%\"><div data-block-name=\"woocommerce\/product-tag\" data-columns=\"1\" data-rows=\"1\" data-tags=\"[]\" class=\"wc-block-grid wp-block-product-tag wp-block-woocommerce-product-tag wc-block-product-tag has-1-columns\"><ul class=\"wc-block-grid__products\"><li class=\"wc-block-grid__product\">\n\t\t\t\t<a href=\"https:\/\/neuchatel-vins-terroir.ch\/de\/produit\/geschenkgutschein-2\/\" class=\"wc-block-grid__product-link\">\n\t\t\t\t\t\n\t\t\t\t\t<div class=\"wc-block-grid__product-image\"><img loading=\"lazy\" decoding=\"async\" width=\"300\" height=\"300\" src=\"https:\/\/neuchatel-vins-terroir.ch\/wp-content\/uploads\/2025\/11\/Bon-cadeau-Publication-Instagram-300x300.jpg\" class=\"attachment-woocommerce_thumbnail size-woocommerce_thumbnail\" alt=\"Geschenkgutschein\" srcset=\"https:\/\/neuchatel-vins-terroir.ch\/wp-content\/uploads\/2025\/11\/Bon-cadeau-Publication-Instagram-300x300.jpg 300w, https:\/\/neuchatel-vins-terroir.ch\/wp-content\/uploads\/2025\/11\/Bon-cadeau-Publication-Instagram-1024x1024.jpg 1024w, https:\/\/neuchatel-vins-terroir.ch\/wp-content\/uploads\/2025\/11\/Bon-cadeau-Publication-Instagram-150x150.jpg 150w, https:\/\/neuchatel-vins-terroir.ch\/wp-content\/uploads\/2025\/11\/Bon-cadeau-Publication-Instagram-768x768.jpg 768w, https:\/\/neuchatel-vins-terroir.ch\/wp-content\/uploads\/2025\/11\/Bon-cadeau-Publication-Instagram-600x600.jpg 600w, https:\/\/neuchatel-vins-terroir.ch\/wp-content\/uploads\/2025\/11\/Bon-cadeau-Publication-Instagram-100x100.jpg 100w, https:\/\/neuchatel-vins-terroir.ch\/wp-content\/uploads\/2025\/11\/Bon-cadeau-Publication-Instagram.jpg 1080w\" sizes=\"auto, (max-width: 300px) 100vw, 300px\" \/><\/div>\n\t\t\t\t\t<div class=\"wc-block-grid__product-title\">Geschenkgutschein<\/div>\n\t\t\t\t<\/a>\n\t\t\t\t<div class=\"wc-block-grid__product-price price\"><span class=\"price price-range\"><span class=\"woocommerce-Price-amount amount\"><span class=\"woocommerce-Price-currencySymbol\">&#067;&#072;&#070;<\/span>&nbsp;20.00<\/span> \u2013 <span class=\"woocommerce-Price-amount amount\"><span class=\"woocommerce-Price-currencySymbol\">&#067;&#072;&#070;<\/span>&nbsp;200.00<\/span><\/span><\/div>\n\t\t\t\t\n\t\t\t\t<div class=\"wp-block-button wc-block-grid__product-add-to-cart\"><a href=\"https:\/\/neuchatel-vins-terroir.ch\/de\/produit\/geschenkgutschein-2\/\" aria-label=\"Lese mehr \u00fcber &#8222;Geschenkgutschein&#8220;\" data-quantity=\"1\" data-product_id=\"46160\" data-product_sku=\"\" data-price=\"20\" rel=\"nofollow\" class=\"wp-block-button__link  add_to_cart_button\">Weiterlesen<\/a><\/div>\n\t\t\t<\/li><\/ul><\/div>\n\n\n<p class=\"has-text-align-center\">\n          <em>Bestellen Sie Ihren Warenkorb und w\u00e4hlen Sie Ihr Lieferdatum, indem Sie auf &#8222;Optionswahl&#8220; klicken.<\/em>\n        <\/p>\n<\/div>\n<\/div>\n","protected":false},"excerpt":{"rendered":"<p>Neuch\u00e2tel Vins et Terroir und die Assoziation D\/CLIC terroirs bieten Ihnen f\u00fcr Ihre Jahresendgeschenke sowie f\u00fcr Geschenke im Jahr 2023 [&hellip;]<\/p>\n","protected":false},"author":25,"featured_media":0,"parent":0,"menu_order":39,"comment_status":"closed","ping_status":"closed","template":"","meta":{"_acf_changed":false,"_kad_blocks_custom_css":"","_kad_blocks_head_custom_js":"","_kad_blocks_body_custom_js":"","_kad_blocks_footer_custom_js":"","footnotes":""},"class_list":["post-33814","page","type-page","status-publish","hentry"],"acf":[],"taxonomy_info":[],"featured_image_src_large":false,"author_info":{"display_name":"Neuchatel Vins et Terroir NVT","author_link":"https:\/\/neuchatel-vins-terroir.ch\/de\/author\/nvt\/"},"comment_info":0,"publishpress_future_workflow_manual_trigger":{"enabledWorkflows":[]},"_links":{"self":[{"href":"https:\/\/neuchatel-vins-terroir.ch\/de\/wp-json\/wp\/v2\/pages\/33814","targetHints":{"allow":["GET"]}}],"collection":[{"href":"https:\/\/neuchatel-vins-terroir.ch\/de\/wp-json\/wp\/v2\/pages"}],"about":[{"href":"https:\/\/neuchatel-vins-terroir.ch\/de\/wp-json\/wp\/v2\/types\/page"}],"author":[{"embeddable":true,"href":"https:\/\/neuchatel-vins-terroir.ch\/de\/wp-json\/wp\/v2\/users\/25"}],"replies":[{"embeddable":true,"href":"https:\/\/neuchatel-vins-terroir.ch\/de\/wp-json\/wp\/v2\/comments?post=33814"}],"version-history":[{"count":1,"href":"https:\/\/neuchatel-vins-terroir.ch\/de\/wp-json\/wp\/v2\/pages\/33814\/revisions"}],"predecessor-version":[{"id":33815,"href":"https:\/\/neuchatel-vins-terroir.ch\/de\/wp-json\/wp\/v2\/pages\/33814\/revisions\/33815"}],"wp:attachment":[{"href":"https:\/\/neuchatel-vins-terroir.ch\/de\/wp-json\/wp\/v2\/media?parent=33814"}],"curies":[{"name":"wp","href":"https:\/\/api.w.org\/{rel}","templated":true}]}}