{"id":33820,"date":"2023-04-13T11:40:05","date_gmt":"2023-04-13T11:40:05","guid":{"rendered":"https:\/\/neuchatel-vins-terroir.ch\/partner-des-terroirs\/"},"modified":"2023-04-13T11:40:05","modified_gmt":"2023-04-13T11:40:05","slug":"partner-des-terroirs","status":"publish","type":"page","link":"https:\/\/neuchatel-vins-terroir.ch\/de\/partner-des-terroirs\/","title":{"rendered":"Partner des Terroirs"},"content":{"rendered":"\n<h2 class=\"wp-block-heading\">Einf\u00fchrung<\/h2>\n\n<p>Das Promotionsorgan &#8222;Neuch\u00e2tel Vins et Terroir&#8220; (NVT) ermutigt die Verkaufseinrichtungen des Kantons Neuenburg, regionale Produkte mit der Marke &#8222;Neuch\u00e2tel Vins et Terroir&#8220; in ihr Produktsortiment aufzunehmen. Ziel ist es, die Akteure unserer Region zu unterst\u00fctzen und den Konsum von lokalen Produkten bei den Kunden von hier und anderswo zu f\u00f6rdern. Die teilnehmenden Gesch\u00e4fte k\u00f6nnen sich so von anderen Betrieben abheben, die nicht in dieses Konzept passen.<\/p>\n\n<div style=\"height:25px\" aria-hidden=\"true\" class=\"wp-block-spacer\"><\/div>\n\n<h2 class=\"wp-block-heading\">Anwendungsbereich<\/h2>\n\n<p>Diese Richtlinien betreffen alle Direktverkaufsbetriebe im Kanton Neuenburg.<\/p>\n\n<div style=\"height:25px\" aria-hidden=\"true\" class=\"wp-block-spacer\"><\/div>\n\n<h2 class=\"wp-block-heading\">Kriterien f\u00fcr die Teilnahme<\/h2>\n\n<div class=\"wp-block-columns is-layout-flex wp-container-core-columns-is-layout-28f84493 wp-block-columns-is-layout-flex\">\n<div class=\"wp-block-column is-layout-flow wp-block-column-is-layout-flow\">\n<h3 class=\"wp-block-heading\"> Restaurant<\/h3>\n\n\n\n<figure class=\"wp-block-table\"><table><tbody><tr><td>\n          <strong>Kategorien<\/strong>\n        <\/td><td><strong>Anzahl der Produkte<\/strong> <strong>mindestens<\/strong><\/td><td>\n          <strong>Anforderungen<\/strong>\n        <\/td><\/tr><tr><td>Alkoholfreie(s) Getr\u00e4nk(e)<\/td><td>1 (Apfelsaft, Sirup..)<\/td><td>100% aus der Region<\/td><\/tr><tr><td>Mineralwasser<\/td><td>1<\/td><td>Schweiz<\/td><\/tr><tr><td><strong> <\/strong> Flaschenweine oder offene Weine<\/td><td><strong> <\/strong>  3<\/td><td>1 Chasselas NE AOC 1 \u0152il-de-perdrix NE AOC1 Pinot Noir NE AOC<\/td><\/tr><tr><td>Men\u00fcs aus der Region*.<\/td><td>1 Men\u00fc mit 3 Produkten mit dem G\u00fctesiegel**<\/td><td>Produkte mit dem NVT-Label<\/td><\/tr><tr><td>Gerichte aus der Region<\/td><td>4 Gerichte<\/td><td>Hauptprodukt mit NVT-Label<\/td><\/tr><tr><td>K\u00e4se (wenn Platte vorgeschlagen)<\/td><td>4<\/td><td>mit dem Label NVT ausgezeichnet<\/td><\/tr><tr><td>Fr\u00fchst\u00fcck (falls angeboten)<\/td><td>4<\/td><td>100% aus der Region<\/td><\/tr><\/tbody><\/table><\/figure><\/div>\n\n\n\n<div class=\"wp-block-column is-layout-flow wp-block-column-is-layout-flow\">\n<h3 class=\"wp-block-heading\">Laden<\/h3>\n\n\n\n<figure class=\"wp-block-table\"><table><tbody><tr><td>\n          <strong>Kategorien<\/strong>\n        <\/td><td><strong>Anzahl der Produkte<\/strong> <strong>mindestens<\/strong><\/td><td>\n          <strong>Anforderungen<\/strong>\n        <\/td><\/tr><tr><td>Alkoholfreie(s) Getr\u00e4nk(e)<\/td><td>1 (Apfelsaft, Sirup..)<\/td><td>100% aus der Region<\/td><\/tr><tr><td>Mineralwasser<\/td><td>1<\/td><td>Schweiz<\/td><\/tr><tr><td><strong> <\/strong> Flaschenweine oder offene Weine<\/td><td><strong> <\/strong>  3<\/td><td>1 Chasselas NE AOC 1 \u0152il-de-perdrix NE AOC1 Pinot Noir NE AOC<\/td><\/tr><tr><td>Produkte aus der Region<\/td><td>5<\/td><td>Produkt mit dem NVT-Label (mindestens von 3 verschiedenen Produzenten)<\/td><\/tr><\/tbody><\/table><\/figure><\/div>\n<\/div>\n\n<ul class=\"wp-block-list\"><li>Geben Sie NVT die Person an, die f\u00fcr diese Kennzeichnung zust\u00e4ndig ist, ein Treffen wird nach Erhalt Ihrer Anmeldung organisiert.<\/li><li>Das Mitarbeiterteam der Einrichtung kennt das Produktangebot der regionalen Marke und ihre Philosophie.<\/li><li>Die Verwendung von Lebensmitteln aus eigener Produktion (b\u00e4uerlich oder aus dem eigenen Garten) ist erlaubt.<\/li><li>Die Website des Partners enth\u00e4lt einen Link zu <a href=\"http:\/\/www.neuchatel-vins-terroir.ch\/\">www.neuchatel-vins-terroir.ch<\/a> sowie das Logo des Partners.<\/li><li>Die Terroirkategorien sind auf der Karte deutlich mit NVT gekennzeichnet.<\/li><li>Die Plakette &#8222;Partner du Terroir&#8220; wird am Eingang des Geb\u00e4udes ausgestellt und der Jahrgangsaufkleber, der von NVT geschickt wird, wird jedes Jahr ausgetauscht.<\/li><\/ul>\n<div style=\"height:25px\" aria-hidden=\"true\" class=\"wp-block-spacer\"><\/div>\n\n<h2 class=\"wp-block-heading\">\u00dcberwachung und Qualit\u00e4tsbesuche<\/h2>\n\n<ul class=\"wp-block-list\"><li>Jedes Jahr muss der Betrieb seine Speisekarte an NVT zur\u00fccksenden, um den Aufkleber f\u00fcr das n\u00e4chste Jahr zu erhalten, den er auf seiner Plakette &#8222;Partner des Terroirs&#8220; anbringen kann.<\/li><li>Neuch\u00e2tel Vins et Terroir f\u00fchrt im <sup>1. Jahr<\/sup> der Auszeichnung einen Qualit\u00e4tsbesuch durch, danach einmal alle 4 Jahre.<\/li><li>Bei Nichteinhaltung der Anforderungen wird der Einrichtung die Plakette entzogen.<\/li><\/ul>\n<p>Sie muss das Sigle &#8222;Partenaire du Terroir&#8220; auf ihrer Karte und ihrer Internetseite entfernen.<\/p>\n\n<div style=\"height:25px\" aria-hidden=\"true\" class=\"wp-block-spacer\"><\/div>\n\n<h2 class=\"wp-block-heading\">NVT-Siegel f\u00fcr Kommunikationsmaterialien<\/h2>\n\n<figure class=\"wp-block-image size-thumbnail\"><img loading=\"lazy\" decoding=\"async\" width=\"150\" height=\"150\" src=\"https:\/\/neuchatel-vins-terroir.ch\/wp-content\/uploads\/2022\/02\/NVT-Regio-150x150.png\" alt=\"Label\" class=\"wp-image-26652\" srcset=\"https:\/\/neuchatel-vins-terroir.ch\/wp-content\/uploads\/2022\/02\/NVT-Regio-150x150.png 150w, https:\/\/neuchatel-vins-terroir.ch\/wp-content\/uploads\/2022\/02\/NVT-Regio-300x300.png 300w, https:\/\/neuchatel-vins-terroir.ch\/wp-content\/uploads\/2022\/02\/NVT-Regio-100x100.png 100w, https:\/\/neuchatel-vins-terroir.ch\/wp-content\/uploads\/2022\/02\/NVT-Regio-600x600.png 600w, https:\/\/neuchatel-vins-terroir.ch\/wp-content\/uploads\/2022\/02\/NVT-Regio-1024x1024.png 1024w, https:\/\/neuchatel-vins-terroir.ch\/wp-content\/uploads\/2022\/02\/NVT-Regio-768x768.png 768w, https:\/\/neuchatel-vins-terroir.ch\/wp-content\/uploads\/2022\/02\/NVT-Regio-1536x1536.png 1536w, https:\/\/neuchatel-vins-terroir.ch\/wp-content\/uploads\/2022\/02\/NVT-Regio.jpg 2000w\" sizes=\"auto, (max-width: 150px) 100vw, 150px\" \/><\/figure>\n<div style=\"height:25px\" aria-hidden=\"true\" class=\"wp-block-spacer\"><\/div>\n\n<h2 class=\"wp-block-heading\">\n          <strong>Promotion<\/strong>\n        <\/h2>\n\n<ul class=\"wp-block-list\"><li>Pr\u00e4sentation des Restaurants auf <a href=\"http:\/\/www.neuchatel-vins-terroir.ch\/\">www.neuchatel-vins-terroir.ch<\/a><\/li><li>Zugang zu Kommunikationskampagnen<\/li><li>Kommunikation in sozialen Netzwerken<\/li><li>Weitergabe Ihrer Adresse bei externen Anfragen<\/li><li>Kostenlose Bereitstellung einer Plakette &#8222;Partner des Terroirs&#8220; f\u00fcr die Einrichtung<\/li><\/ul>\n<div style=\"height:25px\" aria-hidden=\"true\" class=\"wp-block-spacer\"><\/div>\n\n<h2 class=\"wp-block-heading\">\n          <strong>Beitrag<\/strong>\n        <\/h2>\n\n<ul class=\"wp-block-list\"><li>Es wird ein Mitgliedsbeitrag von CHF 100 pro Jahr erhoben, um die F\u00f6rderung und Hervorhebung der Einrichtung zu unterst\u00fctzen.<\/li><\/ul>\n<div style=\"height:25px\" aria-hidden=\"true\" class=\"wp-block-spacer\"><\/div>\n<script type=\"text\/javascript\">\n\/* <![CDATA[ *\/\nvar gform;gform||(document.addEventListener(\"gform_main_scripts_loaded\",function(){gform.scriptsLoaded=!0}),document.addEventListener(\"gform\/theme\/scripts_loaded\",function(){gform.themeScriptsLoaded=!0}),window.addEventListener(\"DOMContentLoaded\",function(){gform.domLoaded=!0}),gform={domLoaded:!1,scriptsLoaded:!1,themeScriptsLoaded:!1,isFormEditor:()=>\"function\"==typeof InitializeEditor,callIfLoaded:function(o){return!(!gform.domLoaded||!gform.scriptsLoaded||!gform.themeScriptsLoaded&&!gform.isFormEditor()||(gform.isFormEditor()&&console.warn(\"The use of gform.initializeOnLoaded() is deprecated in the form editor context and will be removed in Gravity Forms 3.1.\"),o(),0))},initializeOnLoaded:function(o){gform.callIfLoaded(o)||(document.addEventListener(\"gform_main_scripts_loaded\",()=>{gform.scriptsLoaded=!0,gform.callIfLoaded(o)}),document.addEventListener(\"gform\/theme\/scripts_loaded\",()=>{gform.themeScriptsLoaded=!0,gform.callIfLoaded(o)}),window.addEventListener(\"DOMContentLoaded\",()=>{gform.domLoaded=!0,gform.callIfLoaded(o)}))},hooks:{action:{},filter:{}},addAction:function(o,r,e,t){gform.addHook(\"action\",o,r,e,t)},addFilter:function(o,r,e,t){gform.addHook(\"filter\",o,r,e,t)},doAction:function(o){gform.doHook(\"action\",o,arguments)},applyFilters:function(o){return gform.doHook(\"filter\",o,arguments)},removeAction:function(o,r){gform.removeHook(\"action\",o,r)},removeFilter:function(o,r,e){gform.removeHook(\"filter\",o,r,e)},addHook:function(o,r,e,t,n){null==gform.hooks[o][r]&&(gform.hooks[o][r]=[]);var d=gform.hooks[o][r];null==n&&(n=r+\"_\"+d.length),gform.hooks[o][r].push({tag:n,callable:e,priority:t=null==t?10:t})},doHook:function(r,o,e){var t;if(e=Array.prototype.slice.call(e,1),null!=gform.hooks[r][o]&&((o=gform.hooks[r][o]).sort(function(o,r){return o.priority-r.priority}),o.forEach(function(o){\"function\"!=typeof(t=o.callable)&&(t=window[t]),\"action\"==r?t.apply(null,e):e[0]=t.apply(null,e)})),\"filter\"==r)return e[0]},removeHook:function(o,r,t,n){var e;null!=gform.hooks[o][r]&&(e=(e=gform.hooks[o][r]).filter(function(o,r,e){return!!(null!=n&&n!=o.tag||null!=t&&t!=o.priority)}),gform.hooks[o][r]=e)}});\n\/* ]]> *\/\n<\/script>\n\n                <div class='gf_browser_gecko gform_wrapper gravity-theme gform-theme--no-framework' data-form-theme='gravity-theme' data-form-index='0' id='gform_wrapper_6' >\n                        <div class='gform_heading'>\n                            <h2 class=\"gform_title\">Anmeldung Partner des Terroirs<\/h2>\n                            <p class='gform_description'><\/p>\n                        <\/div><form method='post' enctype='multipart\/form-data'  id='gform_6'  action='\/de\/wp-json\/wp\/v2\/pages\/33820' data-formid='6' novalidate>\n                        <div class='gform-body gform_body'><div id='gform_fields_6' class='gform_fields top_label form_sublabel_below description_below validation_below'><div id=\"field_6_1\" class=\"gfield gfield--type-text gfield_contains_required field_sublabel_below gfield--no-description field_description_below field_validation_below gfield_visibility_visible\"  ><label class='gfield_label gform-field-label' for='input_6_1'>Name der Einrichtung<span class=\"gfield_required\"><span class=\"gfield_required gfield_required_text\">(erforderlich)<\/span><\/span><\/label><div class='ginput_container ginput_container_text'><input name='input_1' id='input_6_1' type='text' value='' class='large'     aria-required=\"true\" aria-invalid=\"false\"   \/><\/div><\/div><div id=\"field_6_2\" class=\"gfield gfield--type-text gfield_contains_required field_sublabel_below gfield--no-description field_description_below field_validation_below gfield_visibility_visible\"  ><label class='gfield_label gform-field-label' for='input_6_2'>Stra\u00dfe und Nr.<span class=\"gfield_required\"><span class=\"gfield_required gfield_required_text\">(erforderlich)<\/span><\/span><\/label><div class='ginput_container ginput_container_text'><input name='input_2' id='input_6_2' type='text' value='' class='large'     aria-required=\"true\" aria-invalid=\"false\"   \/><\/div><\/div><div id=\"field_6_3\" class=\"gfield gfield--type-text gfield_contains_required field_sublabel_below gfield--no-description field_description_below field_validation_below gfield_visibility_visible\"  ><label class='gfield_label gform-field-label' for='input_6_3'>PLZ und Ort<span class=\"gfield_required\"><span class=\"gfield_required gfield_required_text\">(erforderlich)<\/span><\/span><\/label><div class='ginput_container ginput_container_text'><input name='input_3' id='input_6_3' type='text' value='' class='large'     aria-required=\"true\" aria-invalid=\"false\"   \/><\/div><\/div><div id=\"field_6_4\" class=\"gfield gfield--type-text gfield_contains_required field_sublabel_below gfield--no-description field_description_below field_validation_below gfield_visibility_visible\"  ><label class='gfield_label gform-field-label' for='input_6_4'>Telefonnummer<span class=\"gfield_required\"><span class=\"gfield_required gfield_required_text\">(erforderlich)<\/span><\/span><\/label><div class='ginput_container ginput_container_text'><input name='input_4' id='input_6_4' type='text' value='' class='large'     aria-required=\"true\" aria-invalid=\"false\"   \/><\/div><\/div><div id=\"field_6_6\" class=\"gfield gfield--type-text gfield_contains_required field_sublabel_below gfield--no-description field_description_below field_validation_below gfield_visibility_visible\"  ><label class='gfield_label gform-field-label' for='input_6_6'>E-Mail-Adresse<span class=\"gfield_required\"><span class=\"gfield_required gfield_required_text\">(erforderlich)<\/span><\/span><\/label><div class='ginput_container ginput_container_text'><input name='input_6' id='input_6_6' type='text' value='' class='large'     aria-required=\"true\" aria-invalid=\"false\"   \/><\/div><\/div><div id=\"field_6_5\" class=\"gfield gfield--type-text gfield--width-full gfield_contains_required field_sublabel_below gfield--no-description field_description_below field_validation_below gfield_visibility_visible\"  ><label class='gfield_label gform-field-label' for='input_6_5'>Website<span class=\"gfield_required\"><span class=\"gfield_required gfield_required_text\">(erforderlich)<\/span><\/span><\/label><div class='ginput_container ginput_container_text'><input name='input_5' id='input_6_5' type='text' value='' class='large'     aria-required=\"true\" aria-invalid=\"false\"   \/><\/div><\/div><div id=\"field_6_7\" class=\"gfield gfield--type-text gfield_contains_required field_sublabel_below gfield--no-description field_description_below field_validation_below gfield_visibility_visible\"  ><label class='gfield_label gform-field-label' for='input_6_7'>Kontaktperson<span class=\"gfield_required\"><span class=\"gfield_required gfield_required_text\">(erforderlich)<\/span><\/span><\/label><div class='ginput_container ginput_container_text'><input name='input_7' id='input_6_7' type='text' value='' class='large'     aria-required=\"true\" aria-invalid=\"false\"   \/><\/div><\/div><\/div><\/div>\n        <div class='gform-footer gform_footer top_label'> <input type='submit' id='gform_submit_button_6' class='gform_button button' onclick='gform.submission.handleButtonClick(this);' data-submission-type='submit' value='Senden'  \/> \n            <input type='hidden' class='gform_hidden' name='gform_submission_method' data-js='gform_submission_method_6' value='postback' \/>\n            <input type='hidden' class='gform_hidden' name='gform_theme' data-js='gform_theme_6' id='gform_theme_6' value='gravity-theme' \/>\n            <input type='hidden' class='gform_hidden' name='gform_style_settings' data-js='gform_style_settings_6' id='gform_style_settings_6' value='[]' \/>\n            <input type='hidden' class='gform_hidden' name='is_submit_6' value='1' \/>\n            <input type='hidden' class='gform_hidden' name='gform_submit' value='6' \/>\n            \n            <input type='hidden' class='gform_hidden' name='gform_currency' data-currency='CHF' value='uaDlBk9iPYbqMRb9Lo+bDvEEgHx6NRMnPcV\/BIS6puJXgENz5RwLppYP0eeY\/UwoXW+cH3273Mi7CZqJWxWHkuvol8pwg35SlhlCUcmTUznZoF4=' \/>\n            <input type='hidden' class='gform_hidden' name='gform_unique_id' value='' \/>\n            <input type='hidden' class='gform_hidden' name='state_6' value='WyJbXSIsIjczMWZhOGY5NTVjOTFkYTI2ZmQ2ZmNhZWE3M2E3NzI4Il0=' \/>\n            <input type='hidden' autocomplete='off' class='gform_hidden' name='gform_target_page_number_6' id='gform_target_page_number_6' value='0' \/>\n            <input type='hidden' autocomplete='off' class='gform_hidden' name='gform_source_page_number_6' id='gform_source_page_number_6' value='1' \/>\n            <input type='hidden' name='gform_field_values' value='' \/>\n            \n        <\/div>\n                        <\/form>\n                        <\/div><script type=\"text\/javascript\">\n\/* <![CDATA[ *\/\n gform.initializeOnLoaded( function() {gformInitSpinner( 6, 'https:\/\/neuchatel-vins-terroir.ch\/wp-content\/plugins\/gravityforms\/images\/spinner.svg', true );jQuery('#gform_ajax_frame_6').on('load',function(){var contents = jQuery(this).contents().find('*').html();var is_postback = contents.indexOf('GF_AJAX_POSTBACK') >= 0;if(!is_postback){return;}var form_content = jQuery(this).contents().find('#gform_wrapper_6');var is_confirmation = jQuery(this).contents().find('#gform_confirmation_wrapper_6').length > 0;var is_redirect = contents.indexOf('gformRedirect(){') >= 0;var is_form = form_content.length > 0 && ! is_redirect && ! is_confirmation;var mt = parseInt(jQuery('html').css('margin-top'), 10) + parseInt(jQuery('body').css('margin-top'), 10) + 100;if(is_form){jQuery('#gform_wrapper_6').html(form_content.html());if(form_content.hasClass('gform_validation_error')){jQuery('#gform_wrapper_6').addClass('gform_validation_error');} else {jQuery('#gform_wrapper_6').removeClass('gform_validation_error');}setTimeout( function() { \/* delay the scroll by 50 milliseconds to fix a bug in chrome *\/  }, 50 );if(window['gformInitDatepicker']) {gformInitDatepicker();}if(window['gformInitPriceFields']) {gformInitPriceFields();}var current_page = jQuery('#gform_source_page_number_6').val();gformInitSpinner( 6, 'https:\/\/neuchatel-vins-terroir.ch\/wp-content\/plugins\/gravityforms\/images\/spinner.svg', true );jQuery(document).trigger('gform_page_loaded', [6, current_page]);window['gf_submitting_6'] = false;}else if(!is_redirect){var confirmation_content = jQuery(this).contents().find('.GF_AJAX_POSTBACK').html();if(!confirmation_content){confirmation_content = contents;}jQuery('#gform_wrapper_6').replaceWith(confirmation_content);jQuery(document).trigger('gform_confirmation_loaded', [6]);window['gf_submitting_6'] = false;wp.a11y.speak(jQuery('#gform_confirmation_message_6').text());}else{jQuery('#gform_6').append(contents);if(window['gformRedirect']) {gformRedirect();}}jQuery(document).trigger(\"gform_pre_post_render\", [{ formId: \"6\", currentPage: \"current_page\", abort: function() { this.preventDefault(); } }]);        if (event && event.defaultPrevented) {                return;        }        const gformWrapperDiv = document.getElementById( \"gform_wrapper_6\" );        if ( gformWrapperDiv ) {            const visibilitySpan = document.createElement( \"span\" );            visibilitySpan.id = \"gform_visibility_test_6\";            gformWrapperDiv.insertAdjacentElement( \"afterend\", visibilitySpan );        }        const visibilityTestDiv = document.getElementById( \"gform_visibility_test_6\" );        let postRenderFired = false;        function triggerPostRender() {            if ( postRenderFired ) {                return;            }            postRenderFired = true;            gform.core.triggerPostRenderEvents( 6, current_page );            if ( visibilityTestDiv ) {                visibilityTestDiv.parentNode.removeChild( visibilityTestDiv );            }        }        function debounce( func, wait, immediate ) {            var timeout;            return function() {                var context = this, args = arguments;                var later = function() {                    timeout = null;                    if ( !immediate ) func.apply( context, args );                };                var callNow = immediate && !timeout;                clearTimeout( timeout );                timeout = setTimeout( later, wait );                if ( callNow ) func.apply( context, args );            };        }        const debouncedTriggerPostRender = debounce( function() {            triggerPostRender();        }, 200 );        if ( visibilityTestDiv && visibilityTestDiv.offsetParent === null ) {            const observer = new MutationObserver( ( mutations ) => {                mutations.forEach( ( mutation ) => {                    if ( mutation.type === 'attributes' && visibilityTestDiv.offsetParent !== null ) {                        debouncedTriggerPostRender();                        observer.disconnect();                    }                });            });            observer.observe( document.body, {                attributes: true,                childList: false,                subtree: true,                attributeFilter: [ 'style', 'class' ],            });        } else {            triggerPostRender();        }    } );} ); \n\/* ]]> *\/\n<\/script>\n","protected":false},"excerpt":{"rendered":"<p>Einf\u00fchrung Das Promotionsorgan &#8222;Neuch\u00e2tel Vins et Terroir&#8220; (NVT) ermutigt die Verkaufseinrichtungen des Kantons Neuenburg, regionale Produkte mit der Marke &#8222;Neuch\u00e2tel [&hellip;]<\/p>\n","protected":false},"author":25,"featured_media":0,"parent":0,"menu_order":51,"comment_status":"closed","ping_status":"closed","template":"","meta":{"_acf_changed":false,"_kad_blocks_custom_css":"","_kad_blocks_head_custom_js":"","_kad_blocks_body_custom_js":"","_kad_blocks_footer_custom_js":"","footnotes":""},"class_list":["post-33820","page","type-page","status-publish","hentry"],"acf":[],"taxonomy_info":[],"featured_image_src_large":false,"author_info":{"display_name":"Neuchatel Vins et Terroir NVT","author_link":"https:\/\/neuchatel-vins-terroir.ch\/de\/author\/nvt\/"},"comment_info":0,"publishpress_future_workflow_manual_trigger":{"enabledWorkflows":[]},"_links":{"self":[{"href":"https:\/\/neuchatel-vins-terroir.ch\/de\/wp-json\/wp\/v2\/pages\/33820","targetHints":{"allow":["GET"]}}],"collection":[{"href":"https:\/\/neuchatel-vins-terroir.ch\/de\/wp-json\/wp\/v2\/pages"}],"about":[{"href":"https:\/\/neuchatel-vins-terroir.ch\/de\/wp-json\/wp\/v2\/types\/page"}],"author":[{"embeddable":true,"href":"https:\/\/neuchatel-vins-terroir.ch\/de\/wp-json\/wp\/v2\/users\/25"}],"replies":[{"embeddable":true,"href":"https:\/\/neuchatel-vins-terroir.ch\/de\/wp-json\/wp\/v2\/comments?post=33820"}],"version-history":[{"count":1,"href":"https:\/\/neuchatel-vins-terroir.ch\/de\/wp-json\/wp\/v2\/pages\/33820\/revisions"}],"predecessor-version":[{"id":33821,"href":"https:\/\/neuchatel-vins-terroir.ch\/de\/wp-json\/wp\/v2\/pages\/33820\/revisions\/33821"}],"wp:attachment":[{"href":"https:\/\/neuchatel-vins-terroir.ch\/de\/wp-json\/wp\/v2\/media?parent=33820"}],"curies":[{"name":"wp","href":"https:\/\/api.w.org\/{rel}","templated":true}]}}