{"id":40114,"date":"2025-09-23T13:54:00","date_gmt":"2025-09-23T13:54:00","guid":{"rendered":"https:\/\/neuchatel-vins-terroir.ch\/weine\/roadshow-der-neuenburger-weine\/"},"modified":"2026-02-23T08:09:21","modified_gmt":"2026-02-23T08:09:21","slug":"roadshow","status":"publish","type":"page","link":"https:\/\/neuchatel-vins-terroir.ch\/de\/weine\/roadshow\/","title":{"rendered":"Roadshow der Neuenburger Weine 2026"},"content":{"rendered":"\n<p><\/p>\n\n\n\n<div class=\"wp-block-cover alignfull\"><img loading=\"lazy\" decoding=\"async\" width=\"2560\" height=\"1350\" class=\"wp-block-cover__image-background wp-image-39811\" alt=\"road show\" src=\"https:\/\/neuchatel-vins-terroir.ch\/wp-content\/uploads\/2024\/09\/NVT-15-scaled.jpg\" style=\"object-position:49% 21%\" data-object-fit=\"cover\" data-object-position=\"49% 21%\" srcset=\"https:\/\/neuchatel-vins-terroir.ch\/wp-content\/uploads\/2024\/09\/NVT-15-scaled.jpg 2560w, https:\/\/neuchatel-vins-terroir.ch\/wp-content\/uploads\/2024\/09\/NVT-15-300x158.jpg 300w, https:\/\/neuchatel-vins-terroir.ch\/wp-content\/uploads\/2024\/09\/NVT-15-1024x540.jpg 1024w, https:\/\/neuchatel-vins-terroir.ch\/wp-content\/uploads\/2024\/09\/NVT-15-768x405.jpg 768w, https:\/\/neuchatel-vins-terroir.ch\/wp-content\/uploads\/2024\/09\/NVT-15-1536x810.jpg 1536w, https:\/\/neuchatel-vins-terroir.ch\/wp-content\/uploads\/2024\/09\/NVT-15-2048x1080.jpg 2048w, https:\/\/neuchatel-vins-terroir.ch\/wp-content\/uploads\/2024\/09\/NVT-15-600x316.jpg 600w\" sizes=\"auto, (max-width: 2560px) 100vw, 2560px\" \/><span aria-hidden=\"true\" class=\"wp-block-cover__background has-background-dim\" style=\"background-color:#5c5847\"><\/span><div class=\"wp-block-cover__inner-container is-layout-constrained wp-block-cover-is-layout-constrained\">\n<h1 class=\"wp-block-heading has-text-align-center\" id=\"plongez-dans-lunivers-des-vins-de-neuchatel\">Tauchen Sie ein in die Welt der Neuenburger Weine <\/h1>\n\n\n\n<h2 class=\"wp-block-heading has-text-align-center\" id=\"et-laissez-vous-seduire-par-leur-richesse-et-leur-caractere-unique-lors-de-son-premier-roadshow\">und lassen Sie sich von ihrem Reichtum und ihrem einzigartigen Charakter verzaubern.<\/h2>\n\n\n\n<p class=\"has-text-align-center has-large-font-size\"><\/p>\n<\/div><\/div>\n\n\n\n<h2 class=\"wp-block-heading alignfull has-text-align-center has-white-background-color has-background\" id=\"roadshow-du-24-au-28-mars-2025\">Roadshow<br>vom 23. bis 27. M\u00e4rz 2026<\/h2>\n\n\n\n<p>Die Neuenburger Winzer werden Ihnen ihre Weine bei exklusiven Weinproben in 5 St\u00e4dten der Schweiz vorstellen. Jeder Winzer wird Ihnen bis zu 6 Weine aus seinem Sortiment anbieten.<\/p>\n\n\n\n<p>Neuch\u00e2tel Vins et Terroir wird einen Stand haben, an dem Sie die Geschm\u00e4cker unserer Region entdecken k\u00f6nnen.<\/p>\n\n\n\n<p>Der Eintritt zur Weinprobe betr\u00e4gt CHF 15.-, inklusive des Glases, das Sie als Andenken behalten k\u00f6nnen. Wenn Sie Weine im Wert von CHF 100 kaufen, wird Ihnen der Eintritt zur\u00fcckerstattet.<\/p>\n\n\n\n<div class=\"wp-block-media-text alignwide has-media-on-the-right is-stacked-on-mobile has-white-background-color has-background\"><div class=\"wp-block-media-text__content\">\n<h2 class=\"wp-block-heading has-secondary-color has-text-color has-link-color wp-elements-0a7df97b6132331639ef1acd57575ed3\">Die St\u00e4dte der Roadshow<\/h2>\n\n\n\n<ul class=\"wp-block-list\">\n<li>Z\u00fcrich &#8211; 23.03.2026 von 16 bis 20 Uhr<\/li>\n\n\n\n<li>Luzern \u2013 24.03.2026 von 16 bis 20 Uhr<\/li>\n\n\n\n<li>Basel- 25.03.2026 von 16 bis 20 Uhr<\/li>\n\n\n\n<li>Bern \u2013 26.03.2026 von 16 bis 20 Uhr<\/li>\n\n\n\n<li>Freiburg &#8211; 27.03.2026 von 16 bis 20 Uhr<\/li>\n<\/ul>\n<\/div><figure class=\"wp-block-media-text__media\"><img loading=\"lazy\" decoding=\"async\" width=\"1024\" height=\"683\" src=\"https:\/\/neuchatel-vins-terroir.ch\/wp-content\/uploads\/2025\/12\/roadshow-neuchatel-112-1024x683.jpg\" alt=\"\" class=\"wp-image-46306 size-full\" srcset=\"https:\/\/neuchatel-vins-terroir.ch\/wp-content\/uploads\/2025\/12\/roadshow-neuchatel-112-1024x683.jpg 1024w, https:\/\/neuchatel-vins-terroir.ch\/wp-content\/uploads\/2025\/12\/roadshow-neuchatel-112-300x200.jpg 300w, https:\/\/neuchatel-vins-terroir.ch\/wp-content\/uploads\/2025\/12\/roadshow-neuchatel-112-768x512.jpg 768w, https:\/\/neuchatel-vins-terroir.ch\/wp-content\/uploads\/2025\/12\/roadshow-neuchatel-112-1536x1024.jpg 1536w, https:\/\/neuchatel-vins-terroir.ch\/wp-content\/uploads\/2025\/12\/roadshow-neuchatel-112-2048x1365.jpg 2048w, https:\/\/neuchatel-vins-terroir.ch\/wp-content\/uploads\/2025\/12\/roadshow-neuchatel-112-600x400.jpg 600w\" sizes=\"auto, (max-width: 1024px) 100vw, 1024px\" \/><\/figure><\/div>\n\n\n\n<div style=\"height:48px\" aria-hidden=\"true\" class=\"wp-block-spacer\"><\/div>\n\n\n\n<p class=\"has-xl-font-size\"><strong>Z\u00fcrich \u2013 23.03.2026 von 16 bis 20 Uhr<\/strong><\/p>\n\n\n\n<p class=\"has-large-font-size\"><strong><a href=\"https:\/\/www.ameroncollection.com\/de\/zuerich-bellerive-au-lac\" target=\"_blank\" rel=\"noreferrer noopener\">AMERON<\/a><\/strong><\/p>\n\n\n\n<p><a href=\"https:\/\/www.google.com\/maps\/place\/AMERON+Z%C3%BCrich+Bellerive+au+Lac\/@47.3622045,8.5451755,17z\/data=!3m1!5s0x479aa753cdf3dd4b:0xda02497d491b4c6c!4m9!3m8!1s0x479aa753c9446735:0x41327cb44f3bb98e!5m2!4m1!1i2!8m2!3d47.3622045!4d8.5477504!16s%2Fg%2F11mfwmq0h6?entry=ttu&amp;g_ep=EgoyMDI1MTIwOS4wIKXMDSoASAFQAw%3D%3D\" target=\"_blank\" rel=\"noreferrer noopener\">Utoquai 47, 8008 Z\u00fcrich<\/a><\/p>\n\n\n\n<p class=\"has-primary-color has-text-color has-link-color has-regular-font-size wp-elements-ea8156d8fe2360d9b6134e1a295baaca\"><strong>Liste der anwesenden Winzer<\/strong><\/p>\n\n\n\n<p><a href=\"https:\/\/www.prieure.ch\/\" target=\"_blank\" rel=\"noreferrer noopener\">Caves du Prieur\u00e9 de Cormondr\u00e8che&nbsp;<\/a><br><a href=\"https:\/\/chateau-auvernier.ch\/fr\/accueil\">Caves du Ch\u00e2teau d&#8217;Auvernier<\/a><br><a href=\"https:\/\/domainedivernois.ch\/\" target=\"_blank\" rel=\"noreferrer noopener\">Domaine Divernois<\/a><br><a href=\"https:\/\/chambleau.ch\/\" target=\"_blank\" rel=\"noreferrer noopener\">Caves de Chambleau<\/a><br><a href=\"https:\/\/caves-beroche.ch\/?srsltid=AfmBOooAA6SnsrqSY2bWbs5k_jtkeWuEgQyUpsJcggakNYJsqP9mGYVJ\" target=\"_blank\" rel=\"noreferrer noopener\">Caves de la B\u00e9roche&nbsp;<\/a><br><a href=\"https:\/\/sandoz-vins.ch\/\" target=\"_blank\" rel=\"noreferrer noopener\">Sandoz Vins<\/a><br><a href=\"https:\/\/www.kuntzer.ch\/index.php\/fr\/\" target=\"_blank\" rel=\"noreferrer noopener\">Domaine Saint-S\u00e9baste<\/a><br><a href=\"https:\/\/grillette.ch\/\" target=\"_blank\" rel=\"noreferrer noopener\">Grillette Domaine de Cressier<\/a><br><a href=\"https:\/\/domainedemontmollin.ch\/\" target=\"_blank\" rel=\"noreferrer noopener\">Domaine de Montmollin<\/a><br><a href=\"https:\/\/porretvins.ch\/\" target=\"_blank\" rel=\"noreferrer noopener\">Les Vins Porret&nbsp;<\/a><br><a href=\"https:\/\/www.clos-aux-moines.ch\/\" target=\"_blank\" rel=\"noreferrer noopener\">Le Clos-aux-Moines&nbsp;<\/a><br><a href=\"https:\/\/www.gerber-vins.ch\/\" target=\"_blank\" rel=\"noreferrer noopener\">Alain Gerber<\/a><br><a href=\"https:\/\/domaine508.ch\/\" target=\"_blank\" rel=\"noreferrer noopener\">Domaine 508&nbsp;<\/a><\/p>\n\n\n\n<div class=\"wp-block-buttons is-layout-flex wp-block-buttons-is-layout-flex\">\n<div class=\"wp-block-button\"><a class=\"wp-block-button__link wp-element-button\" href=\"https:\/\/discover.smeetz.com\/de\/product\/b2b\/neuchatel-wines-roadshow-in-zurich-copie-0?referrer=preview&amp;productId=74596\" target=\"_blank\" rel=\"noreferrer noopener\">Mein Ticket f\u00fcr Z\u00fcrich kaufen<\/a><\/div>\n<\/div>\n\n\n\n<p class=\"has-xl-font-size\"><strong>Lucerne &#8211; 24.03.2026 <strong>von 16 bis 20 Uhr<\/strong><\/strong><\/p>\n\n\n\n<p class=\"has-large-font-size\"><strong><a href=\"https:\/\/www.schweizerhof-luzern.ch\/\">Hotel Schweizerhof Luzern<\/a><\/strong><\/p>\n\n\n\n<p><a href=\"https:\/\/www.google.com\/maps\/place\/Hotel+Schweizerhof+Luzern\/@47.0543857,8.3076684,17z\/data=!4m10!3m9!1s0x478ffb995e0dd233:0x6efa3db3576a50a0!5m3!1s2026-03-07!4m1!1i2!8m2!3d47.0543857!4d8.3102433!16s%2Fg%2F11fzd1mnqj?entry=ttu&amp;g_ep=EgoyMDI1MTEyMy4xIKXMDSoASAFQAw%3D%3D\">Schweizerhofquai 3, 6002 Luzern<\/a><\/p>\n\n\n\n<p class=\"has-primary-color has-text-color has-link-color has-regular-font-size wp-elements-fdc8d38a444bcf8c87b6dab6973791cb\"><strong><strong>Liste der anwesenden Winzer<\/strong><\/strong><\/p>\n\n\n\n<p><a href=\"https:\/\/www.prieure.ch\/\" target=\"_blank\" rel=\"noreferrer noopener\">Caves du Prieur\u00e9 de Cormondr\u00e8che&nbsp;<\/a><br><a href=\"https:\/\/chateau-auvernier.ch\/fr\/accueil\">Caves du Ch\u00e2teau d&#8217;Auvernier<\/a><br><a href=\"https:\/\/domainedivernois.ch\/\" target=\"_blank\" rel=\"noreferrer noopener\">Domaine Divernois<\/a><br><a href=\"https:\/\/chambleau.ch\/\" target=\"_blank\" rel=\"noreferrer noopener\">Caves de Chambleau<\/a><br><a href=\"https:\/\/caves-beroche.ch\/?srsltid=AfmBOooAA6SnsrqSY2bWbs5k_jtkeWuEgQyUpsJcggakNYJsqP9mGYVJ\" target=\"_blank\" rel=\"noreferrer noopener\">Caves de la B\u00e9roche&nbsp;<\/a><br><a href=\"https:\/\/cave-des-coteaux.ch\/\" target=\"_blank\" rel=\"noreferrer noopener\">Cave des Coteaux <\/a><br><a href=\"https:\/\/www.domaine-chateau-vaumarcus.ch\/index_fr.htm\" target=\"_blank\" rel=\"noreferrer noopener\">Caves Ch\u00e2tenay-Bouvier&nbsp;<\/a><br><a href=\"https:\/\/grillette.ch\/\" target=\"_blank\" rel=\"noreferrer noopener\">Grillette Domaine de Cressier<\/a><br><a href=\"https:\/\/domainedemontmollin.ch\/\" target=\"_blank\" rel=\"noreferrer noopener\">Domaine de Montmollin<\/a><br><a href=\"https:\/\/porretvins.ch\/\" target=\"_blank\" rel=\"noreferrer noopener\">Les Vins Porret&nbsp;<\/a><br><a href=\"https:\/\/www.clos-aux-moines.ch\/\" target=\"_blank\" rel=\"noreferrer noopener\">Le Clos-aux-Moines&nbsp;<\/a><br><a href=\"https:\/\/www.gerber-vins.ch\/\" target=\"_blank\" rel=\"noreferrer noopener\">Alain Gerber<\/a><br><a href=\"https:\/\/neuchatel-vins-terroir.ch\/de\/encavage-de-letat-2\/\" target=\"_blank\" rel=\"noreferrer noopener\">Encavage de l&#8217;Etat<\/a><br><a href=\"https:\/\/domaine508.ch\/\" target=\"_blank\" rel=\"noreferrer noopener\">Domaine 508&nbsp;<\/a><\/p>\n\n\n\n<div class=\"wp-block-buttons is-layout-flex wp-block-buttons-is-layout-flex\">\n<div class=\"wp-block-button\"><a class=\"wp-block-button__link wp-element-button\" href=\"https:\/\/discover.smeetz.com\/de\/product\/b2b\/neuchatel-wines-roadshow-in-luzern?referrer=preview&amp;productId=74600\" target=\"_blank\" rel=\"noreferrer noopener\">Mein Ticket f\u00fcr Luzern kaufen<\/a><\/div>\n<\/div>\n\n\n\n<p class=\"has-xl-font-size\"><strong>B\u00e2le &#8211; 25.03.2026 <strong>von 16 bis 20 Uhr<\/strong><\/strong><\/p>\n\n\n\n<p class=\"has-regular-font-size\"><a href=\"https:\/\/www.krafftbasel.ch\/de\/meetings\/pfisterwerkstatt\/\"><strong>Pfisterwerkstatt by Krafft Basel<\/strong><\/a><\/p>\n\n\n\n<p><a href=\"https:\/\/www.google.com\/maps\/place\/Pfister+Werkstatt+by+Krafft+Basel\/@47.5611074,7.5885679,17z\/data=!3m1!4b1!4m6!3m5!1s0x4791b9e734d5298d:0xcd7717ef39ca3e34!8m2!3d47.5611074!4d7.5911428!16s%2Fg%2F11h1m9m3vr?entry=ttu&amp;g_ep=EgoyMDI1MTIwMi4wIKXMDSoASAFQAw%3D%3D\" data-type=\"link\" data-id=\"https:\/\/www.google.com\/maps\/place\/Pfister+Werkstatt+by+Krafft+Basel\/@47.5611074,7.5885679,17z\/data=!3m1!4b1!4m6!3m5!1s0x4791b9e734d5298d:0xcd7717ef39ca3e34!8m2!3d47.5611074!4d7.5911428!16s%2Fg%2F11h1m9m3vr?entry=ttu&amp;g_ep=EgoyMDI1MTIwMi4wIKXMDSoASAFQAw%3D%3D\">u. Rheingasse 8, 4058 Basel<\/a><\/p>\n\n\n\n<p class=\"has-primary-color has-text-color has-link-color has-regular-font-size wp-elements-fdc8d38a444bcf8c87b6dab6973791cb\"><strong><strong>Liste der anwesenden Winzer<\/strong><\/strong><\/p>\n\n\n\n<p><a href=\"https:\/\/www.prieure.ch\/\" target=\"_blank\" rel=\"noreferrer noopener\">Caves du Prieur\u00e9 de Cormondr\u00e8che&nbsp;<\/a><br><a href=\"https:\/\/chateau-auvernier.ch\/fr\/accueil\">Caves du Ch\u00e2teau d&#8217;Auvernier<\/a><br><a href=\"https:\/\/domainedivernois.ch\/\" target=\"_blank\" rel=\"noreferrer noopener\">Domaine Divernois<\/a><br><a href=\"https:\/\/chambleau.ch\/\" target=\"_blank\" rel=\"noreferrer noopener\">Caves de Chambleau<\/a><br><a href=\"https:\/\/caves-beroche.ch\/?srsltid=AfmBOooAA6SnsrqSY2bWbs5k_jtkeWuEgQyUpsJcggakNYJsqP9mGYVJ\" target=\"_blank\" rel=\"noreferrer noopener\">Caves de la B\u00e9roche&nbsp;<\/a><br><a href=\"https:\/\/grillette.ch\/\" target=\"_blank\" rel=\"noreferrer noopener\">Grillette Domaine de Cressier<\/a><br><a href=\"https:\/\/domainedemontmollin.ch\/\" target=\"_blank\" rel=\"noreferrer noopener\">Domaine de Montmollin<\/a><br><a href=\"https:\/\/porretvins.ch\/\" target=\"_blank\" rel=\"noreferrer noopener\">Les Vins Porret&nbsp;<\/a><br><a href=\"https:\/\/www.clos-aux-moines.ch\/\" target=\"_blank\" rel=\"noreferrer noopener\">Le Clos-aux-Moines&nbsp;<\/a><br><a href=\"https:\/\/www.gerber-vins.ch\/\" target=\"_blank\" rel=\"noreferrer noopener\">Alain Gerber<\/a><br><a href=\"https:\/\/www.pampre.ch\/\" target=\"_blank\" rel=\"noreferrer noopener\">Domaine du Pampre<\/a><br><a href=\"https:\/\/domaine508.ch\/\" target=\"_blank\" rel=\"noreferrer noopener\">Domaine 508&nbsp;<\/a><\/p>\n\n\n\n<div class=\"wp-block-buttons is-layout-flex wp-block-buttons-is-layout-flex\">\n<div class=\"wp-block-button\"><a class=\"wp-block-button__link wp-element-button\" href=\"https:\/\/discover.smeetz.com\/de\/product\/b2b\/neuchatel-wines-roadshow-in-basel-copie-0?referrer=preview&amp;productId=74599\" target=\"_blank\" rel=\"noreferrer noopener\">Mein Ticket f\u00fcr Basel kaufen<\/a><\/div>\n<\/div>\n\n\n\n<p class=\"has-xl-font-size\"><strong>Bern &#8211; 26.03.2026 <strong>von 16 bis 20 Uhr<\/strong><\/strong><\/p>\n\n\n\n<p class=\"has-large-font-size\"><strong><a href=\"https:\/\/www.bhm.ch\/\">Bernisches Historisches Museum<\/a><\/strong><\/p>\n\n\n\n<p><a href=\"https:\/\/maps.app.goo.gl\/11JDG3E7tx12PsEW8\" target=\"_blank\" rel=\"noreferrer noopener\">Helvetiaplatz 5 3005 Bern<\/a><\/p>\n\n\n\n<p class=\"has-primary-color has-text-color has-link-color has-regular-font-size wp-elements-fdc8d38a444bcf8c87b6dab6973791cb\"><strong><strong>Liste der anwesenden Winzer<\/strong><\/strong><\/p>\n\n\n\n<p><a href=\"https:\/\/www.prieure.ch\/\" target=\"_blank\" rel=\"noreferrer noopener\">Caves du Prieur\u00e9 de Cormondr\u00e8che&nbsp;<\/a><br><a href=\"https:\/\/chateau-auvernier.ch\/fr\/accueil\">Caves du Ch\u00e2teau d&#8217;Auvernier<\/a><br><a href=\"https:\/\/www.engel-vins.ch\/\" target=\"_blank\" rel=\"noreferrer noopener\">Engel Dimitri Vins<\/a><br><a href=\"https:\/\/domainedivernois.ch\/\" target=\"_blank\" rel=\"noreferrer noopener\">Domaine Divernois<\/a><br><a href=\"https:\/\/chambleau.ch\/\" target=\"_blank\" rel=\"noreferrer noopener\">Caves de Chambleau<\/a><br><a href=\"https:\/\/caves-beroche.ch\/?srsltid=AfmBOooAA6SnsrqSY2bWbs5k_jtkeWuEgQyUpsJcggakNYJsqP9mGYVJ\" target=\"_blank\" rel=\"noreferrer noopener\">Caves de la B\u00e9roche&nbsp;<\/a><br><a href=\"https:\/\/sandoz-vins.ch\/\" target=\"_blank\" rel=\"noreferrer noopener\">Sandoz Vins<\/a><br><a href=\"https:\/\/www.kuntzer.ch\/index.php\/fr\/\" target=\"_blank\" rel=\"noreferrer noopener\">Domaine Saint-S\u00e9baste<\/a><br><a href=\"https:\/\/cave-des-coteaux.ch\/\" target=\"_blank\" rel=\"noreferrer noopener\">Cave des Coteaux <\/a><br><a href=\"https:\/\/www.domaine-chateau-vaumarcus.ch\/index_fr.htm\" target=\"_blank\" rel=\"noreferrer noopener\">Caves Ch\u00e2tenay-Bouvier&nbsp;<\/a><br><a href=\"https:\/\/grillette.ch\/\" target=\"_blank\" rel=\"noreferrer noopener\">Grillette Domaine de Cressier<\/a><br><a href=\"https:\/\/domainedemontmollin.ch\/\" target=\"_blank\" rel=\"noreferrer noopener\">Domaine de Montmollin<\/a><br><a href=\"https:\/\/www.gerber-vins.ch\/\" target=\"_blank\" rel=\"noreferrer noopener\">Alain Gerber<\/a><br><a href=\"https:\/\/www.domaine-de-soleure.ch\/fr\/\" target=\"_blank\" rel=\"noreferrer noopener\">Domaine de Soleure<\/a><br><a href=\"https:\/\/lavanchy-vins.ch\/\" target=\"_blank\" rel=\"noreferrer noopener\">Lavanchy Vins<\/a><\/p>\n\n\n\n<div class=\"wp-block-buttons is-layout-flex wp-block-buttons-is-layout-flex\">\n<div class=\"wp-block-button\"><a class=\"wp-block-button__link wp-element-button\" href=\"https:\/\/discover.smeetz.com\/de\/product\/b2b\/neuchatel-wines-roadshow-in-bern-2026?referrer=preview&amp;productId=74598\" target=\"_blank\" rel=\"noreferrer noopener\">Mein Ticket f\u00fcr Bern kaufen<\/a><\/div>\n<\/div>\n\n\n\n<p class=\"has-xl-font-size\"><strong>Fribourg &#8211; 27.03.2026 <strong>von 16 bis 20 Uhr<\/strong><\/strong><\/p>\n\n\n\n<p class=\"has-large-font-size\"><a href=\"https:\/\/fribourg.ch\/fr\/fribourg\/expositions-temporaires\/latelier\/\" target=\"_blank\" rel=\"noreferrer noopener\"><strong>L&#8217;Atelier<\/strong><\/a><\/p>\n\n\n\n<p><a href=\"https:\/\/maps.app.goo.gl\/gP83zJA7h8rhKSoy6\" target=\"_blank\" rel=\"noreferrer noopener\">Pl. de Notre Dame 16, 1700 Fribourg<\/a><\/p>\n\n\n\n<p class=\"has-primary-color has-text-color has-link-color has-regular-font-size wp-elements-6dd11542c1231a08cd5678a8db6c58ed\"><strong><strong><strong>Liste der anwesenden Winzer<\/strong><\/strong><\/strong><\/p>\n\n\n\n<p><a href=\"https:\/\/www.prieure.ch\/\" target=\"_blank\" rel=\"noreferrer noopener\">Caves du Prieur\u00e9 de Cormondr\u00e8che&nbsp;<\/a><br><a href=\"https:\/\/chateau-auvernier.ch\/fr\/accueil\">Caves du Ch\u00e2teau d&#8217;Auvernier<\/a><br><a href=\"https:\/\/domainedivernois.ch\/\" target=\"_blank\" rel=\"noreferrer noopener\">Domaine Divernois<\/a><br><a href=\"https:\/\/chambleau.ch\/\" target=\"_blank\" rel=\"noreferrer noopener\">Caves de Chambleau<\/a><br><a href=\"https:\/\/caves-beroche.ch\/?srsltid=AfmBOooAA6SnsrqSY2bWbs5k_jtkeWuEgQyUpsJcggakNYJsqP9mGYVJ\" target=\"_blank\" rel=\"noreferrer noopener\">Caves de la B\u00e9roche&nbsp;<\/a><br><a href=\"https:\/\/sandoz-vins.ch\/\" target=\"_blank\" rel=\"noreferrer noopener\">Sandoz Vins<\/a><br><a href=\"https:\/\/grillette.ch\/\" target=\"_blank\" rel=\"noreferrer noopener\">Grillette Domaine de Cressier<\/a><br><a href=\"https:\/\/domainedemontmollin.ch\/\" target=\"_blank\" rel=\"noreferrer noopener\">Domaine de Montmollin<\/a><br><a href=\"https:\/\/www.gerber-vins.ch\/\" target=\"_blank\" rel=\"noreferrer noopener\">Alain Gerber<\/a><br><a href=\"https:\/\/lavanchy-vins.ch\/\" target=\"_blank\" rel=\"noreferrer noopener\">Lavanchy Vins<\/a><br><a href=\"https:\/\/neuchatel-vins-terroir.ch\/de\/encavage-de-letat-2\/\" target=\"_blank\" rel=\"noreferrer noopener\">Encavage de l&#8217;Etat<\/a><br><a href=\"https:\/\/www.pampre.ch\/\" target=\"_blank\" rel=\"noreferrer noopener\">Domaine du Pampre<\/a><br><a href=\"https:\/\/domaine508.ch\/\" target=\"_blank\" rel=\"noreferrer noopener\">Domaine 508&nbsp;<\/a>&nbsp;<\/p>\n\n\n\n<div class=\"wp-block-buttons is-layout-flex wp-block-buttons-is-layout-flex\">\n<div class=\"wp-block-button\"><a class=\"wp-block-button__link wp-element-button\" href=\"https:\/\/discover.smeetz.com\/de\/product\/b2b\/neuchatel-wines-roadshow-in-fribourg-2026?referrer=preview&amp;productId=74420\" target=\"_blank\" rel=\"noreferrer noopener\">Mein Ticket f\u00fcr Freiburg kaufen<\/a><\/div>\n<\/div>\n\n\n\n<p><\/p>\n","protected":false},"excerpt":{"rendered":"<p>Roadshowvom 23. bis 27. M\u00e4rz 2026 Die Neuenburger Winzer werden Ihnen ihre Weine bei exklusiven Weinproben in 5 St\u00e4dten der [&hellip;]<\/p>\n","protected":false},"author":25,"featured_media":39813,"parent":26276,"menu_order":99,"comment_status":"closed","ping_status":"closed","template":"","meta":{"_acf_changed":false,"_kad_blocks_custom_css":"","_kad_blocks_head_custom_js":"","_kad_blocks_body_custom_js":"","_kad_blocks_footer_custom_js":"","footnotes":""},"class_list":["post-40114","page","type-page","status-publish","has-post-thumbnail","hentry"],"acf":[],"taxonomy_info":[],"featured_image_src_large":["https:\/\/neuchatel-vins-terroir.ch\/wp-content\/uploads\/2024\/09\/NVT-15-1024x540.jpg",1024,540,true],"author_info":{"display_name":"Neuchatel Vins et Terroir NVT","author_link":"https:\/\/neuchatel-vins-terroir.ch\/de\/author\/nvt\/"},"comment_info":0,"publishpress_future_workflow_manual_trigger":{"enabledWorkflows":[]},"_links":{"self":[{"href":"https:\/\/neuchatel-vins-terroir.ch\/de\/wp-json\/wp\/v2\/pages\/40114","targetHints":{"allow":["GET"]}}],"collection":[{"href":"https:\/\/neuchatel-vins-terroir.ch\/de\/wp-json\/wp\/v2\/pages"}],"about":[{"href":"https:\/\/neuchatel-vins-terroir.ch\/de\/wp-json\/wp\/v2\/types\/page"}],"author":[{"embeddable":true,"href":"https:\/\/neuchatel-vins-terroir.ch\/de\/wp-json\/wp\/v2\/users\/25"}],"replies":[{"embeddable":true,"href":"https:\/\/neuchatel-vins-terroir.ch\/de\/wp-json\/wp\/v2\/comments?post=40114"}],"version-history":[{"count":33,"href":"https:\/\/neuchatel-vins-terroir.ch\/de\/wp-json\/wp\/v2\/pages\/40114\/revisions"}],"predecessor-version":[{"id":47123,"href":"https:\/\/neuchatel-vins-terroir.ch\/de\/wp-json\/wp\/v2\/pages\/40114\/revisions\/47123"}],"up":[{"embeddable":true,"href":"https:\/\/neuchatel-vins-terroir.ch\/de\/wp-json\/wp\/v2\/pages\/26276"}],"wp:featuredmedia":[{"embeddable":true,"href":"https:\/\/neuchatel-vins-terroir.ch\/de\/wp-json\/wp\/v2\/media\/39813"}],"wp:attachment":[{"href":"https:\/\/neuchatel-vins-terroir.ch\/de\/wp-json\/wp\/v2\/media?parent=40114"}],"curies":[{"name":"wp","href":"https:\/\/api.w.org\/{rel}","templated":true}]}}