{"id":38544,"date":"2024-05-15T14:03:54","date_gmt":"2024-05-15T14:12:56","guid":{"rendered":"https:\/\/neuchatel-vins-terroir.ch\/produit\/muetze\/"},"modified":"2024-05-15T14:12:56","modified_gmt":"2024-05-15T14:12:56","slug":"muetze","status":"publish","type":"product","link":"https:\/\/neuchatel-vins-terroir.ch\/de\/produit\/muetze\/","title":{"rendered":"M\u00fctze"},"content":{"rendered":"<p>Auf der Suche nach der perfekten M\u00fctze, um stylisch gegen die kalten Temperaturen anzuk\u00e4mpfen? Suchen Sie nicht weiter! Unsere Kollektion an M\u00fctzen vereint Komfort, W\u00e4rme und Trend, um Sie warm zu halten und gleichzeitig Ihrem Winteroutfit das gewisse Etwas zu verleihen.<\/p>\n<p>Hergestellt aus den besten Materialien, bieten unsere M\u00fctzen eine au\u00dfergew\u00f6hnliche Qualit\u00e4t und eine perfekte Passform f\u00fcr optimalen Komfort. Egal, ob Sie die Skipisten hinunterfahren oder einfach nur in der Stadt spazieren gehen, unsere M\u00fctzen sind so konzipiert, dass sie Sie warm halten und gleichzeitig Ihren pers\u00f6nlichen Stil unterstreichen.&#8220; .<\/p>\n<p>Farbe erdiges Gr\u00fcn, Einheitsgr\u00f6\u00dfe und ab sofort erh\u00e4ltlich.<\/p>\n","protected":false},"excerpt":{"rendered":"<p>Auf der Suche nach der perfekten M\u00fctze, um stylisch gegen die kalten Temperaturen anzuk\u00e4mpfen? Suchen Sie nicht weiter! Unsere Kollektion an M\u00fctzen vereint Komfort, W\u00e4rme und Trend, um Sie warm zu halten und gleichzeitig Ihrem Winteroutfit das gewisse Etwas zu verleihen.<\/p>\n<p>Hergestellt aus den besten Materialien, bieten unsere M\u00fctzen eine au\u00dfergew\u00f6hnliche Qualit\u00e4t und eine perfekte Passform f\u00fcr optimalen Komfort. Egal, ob Sie die Skipisten hinunterfahren oder einfach nur in der Stadt spazieren gehen, unsere M\u00fctzen sind so konzipiert, dass sie Sie warm halten und gleichzeitig Ihren pers\u00f6nlichen Stil unterstreichen.&#8220; .<\/p>\n<p>Farbe erdiges Gr\u00fcn, Einheitsgr\u00f6\u00dfe und ab sofort erh\u00e4ltlich.<\/p>\n","protected":false},"featured_media":38539,"template":"","meta":{"_acf_changed":false,"_kad_blocks_custom_css":"","_kad_blocks_head_custom_js":"","_kad_blocks_body_custom_js":"","_kad_blocks_footer_custom_js":""},"product_brand":[],"product_cat":[893],"product_tag":[],"class_list":{"0":"post-38544","1":"product","2":"type-product","3":"status-publish","4":"has-post-thumbnail","6":"product_cat-cadeaux-de","8":"first","9":"instock","10":"taxable","11":"shipping-taxable","12":"purchasable","13":"product-type-simple"},"acf":[],"yoast_head":"<!-- This site is optimized with the Yoast SEO plugin v27.4 - https:\/\/yoast.com\/product\/yoast-seo-wordpress\/ -->\n<title>M\u00fctze - Neuch\u00e2tel vins et terroir<\/title>\n<meta name=\"robots\" content=\"index, follow, max-snippet:-1, max-image-preview:large, max-video-preview:-1\" \/>\n<link rel=\"canonical\" href=\"https:\/\/neuchatel-vins-terroir.ch\/de\/produit\/muetze\/\" \/>\n<meta property=\"og:locale\" content=\"de_DE\" \/>\n<meta property=\"og:type\" content=\"article\" \/>\n<meta property=\"og:title\" content=\"M\u00fctze - Neuch\u00e2tel vins et terroir\" \/>\n<meta property=\"og:description\" content=\"Auf der Suche nach der perfekten M\u00fctze, um stylisch gegen die kalten Temperaturen anzuk\u00e4mpfen? Suchen Sie nicht weiter! Unsere Kollektion an M\u00fctzen vereint Komfort, W\u00e4rme und Trend, um Sie warm zu halten und gleichzeitig Ihrem Winteroutfit das gewisse Etwas zu verleihen. Hergestellt aus den besten Materialien, bieten unsere M\u00fctzen eine au\u00dfergew\u00f6hnliche Qualit\u00e4t und eine perfekte Passform f\u00fcr optimalen Komfort. Egal, ob Sie die Skipisten hinunterfahren oder einfach nur in der Stadt spazieren gehen, unsere M\u00fctzen sind so konzipiert, dass sie Sie warm halten und gleichzeitig Ihren pers\u00f6nlichen Stil unterstreichen.&quot; . Farbe erdiges Gr\u00fcn, Einheitsgr\u00f6\u00dfe und ab sofort erh\u00e4ltlich.\" \/>\n<meta property=\"og:url\" content=\"https:\/\/neuchatel-vins-terroir.ch\/de\/produit\/muetze\/\" \/>\n<meta property=\"og:site_name\" content=\"Neuch\u00e2tel vins et terroir\" \/>\n<meta property=\"og:image\" content=\"https:\/\/neuchatel-vins-terroir.ch\/wp-content\/uploads\/2024\/05\/bonnet-nvt.png\" \/>\n\t<meta property=\"og:image:width\" content=\"1080\" \/>\n\t<meta property=\"og:image:height\" content=\"1080\" \/>\n\t<meta property=\"og:image:type\" content=\"image\/png\" \/>\n<meta name=\"twitter:card\" content=\"summary_large_image\" \/>\n<meta name=\"twitter:label1\" content=\"Gesch\u00e4tzte Lesezeit\" \/>\n\t<meta name=\"twitter:data1\" content=\"1\u00a0Minute\" \/>\n<script type=\"application\/ld+json\" class=\"yoast-schema-graph\">{\"@context\":\"https:\\\/\\\/schema.org\",\"@graph\":[{\"@type\":\"WebPage\",\"@id\":\"https:\\\/\\\/neuchatel-vins-terroir.ch\\\/de\\\/produit\\\/muetze\\\/\",\"url\":\"https:\\\/\\\/neuchatel-vins-terroir.ch\\\/de\\\/produit\\\/muetze\\\/\",\"name\":\"M\u00fctze - Neuch\u00e2tel vins et terroir\",\"isPartOf\":{\"@id\":\"https:\\\/\\\/neuchatel-vins-terroir.ch\\\/#website\"},\"primaryImageOfPage\":{\"@id\":\"https:\\\/\\\/neuchatel-vins-terroir.ch\\\/de\\\/produit\\\/muetze\\\/#primaryimage\"},\"image\":{\"@id\":\"https:\\\/\\\/neuchatel-vins-terroir.ch\\\/de\\\/produit\\\/muetze\\\/#primaryimage\"},\"thumbnailUrl\":\"https:\\\/\\\/neuchatel-vins-terroir.ch\\\/wp-content\\\/uploads\\\/2024\\\/05\\\/bonnet-nvt.png\",\"datePublished\":\"2024-05-15T14:12:56+00:00\",\"breadcrumb\":{\"@id\":\"https:\\\/\\\/neuchatel-vins-terroir.ch\\\/de\\\/produit\\\/muetze\\\/#breadcrumb\"},\"inLanguage\":\"de\",\"potentialAction\":[{\"@type\":\"ReadAction\",\"target\":[\"https:\\\/\\\/neuchatel-vins-terroir.ch\\\/de\\\/produit\\\/muetze\\\/\"]}]},{\"@type\":\"ImageObject\",\"inLanguage\":\"de\",\"@id\":\"https:\\\/\\\/neuchatel-vins-terroir.ch\\\/de\\\/produit\\\/muetze\\\/#primaryimage\",\"url\":\"https:\\\/\\\/neuchatel-vins-terroir.ch\\\/wp-content\\\/uploads\\\/2024\\\/05\\\/bonnet-nvt.png\",\"contentUrl\":\"https:\\\/\\\/neuchatel-vins-terroir.ch\\\/wp-content\\\/uploads\\\/2024\\\/05\\\/bonnet-nvt.png\",\"width\":1080,\"height\":1080},{\"@type\":\"BreadcrumbList\",\"@id\":\"https:\\\/\\\/neuchatel-vins-terroir.ch\\\/de\\\/produit\\\/muetze\\\/#breadcrumb\",\"itemListElement\":[{\"@type\":\"ListItem\",\"position\":1,\"name\":\"Accueil\",\"item\":\"https:\\\/\\\/neuchatel-vins-terroir.ch\\\/de\\\/home\\\/\"},{\"@type\":\"ListItem\",\"position\":2,\"name\":\"Shop\",\"item\":\"https:\\\/\\\/neuchatel-vins-terroir.ch\\\/de\\\/shop\\\/\"},{\"@type\":\"ListItem\",\"position\":3,\"name\":\"M\u00fctze\"}]},{\"@type\":\"WebSite\",\"@id\":\"https:\\\/\\\/neuchatel-vins-terroir.ch\\\/#website\",\"url\":\"https:\\\/\\\/neuchatel-vins-terroir.ch\\\/\",\"name\":\"Neuch\u00e2tel vins et terroir\",\"description\":\"Neuch\u00e2tel vins et terroir\",\"publisher\":{\"@id\":\"https:\\\/\\\/neuchatel-vins-terroir.ch\\\/#organization\"},\"potentialAction\":[{\"@type\":\"SearchAction\",\"target\":{\"@type\":\"EntryPoint\",\"urlTemplate\":\"https:\\\/\\\/neuchatel-vins-terroir.ch\\\/?s={search_term_string}\"},\"query-input\":{\"@type\":\"PropertyValueSpecification\",\"valueRequired\":true,\"valueName\":\"search_term_string\"}}],\"inLanguage\":\"de\"},{\"@type\":\"Organization\",\"@id\":\"https:\\\/\\\/neuchatel-vins-terroir.ch\\\/#organization\",\"name\":\"Neuch\u00e2tel vins et terroir\",\"url\":\"https:\\\/\\\/neuchatel-vins-terroir.ch\\\/\",\"logo\":{\"@type\":\"ImageObject\",\"inLanguage\":\"de\",\"@id\":\"https:\\\/\\\/neuchatel-vins-terroir.ch\\\/#\\\/schema\\\/logo\\\/image\\\/\",\"url\":\"https:\\\/\\\/neuchatel-vins-terroir.ch\\\/wp-content\\\/uploads\\\/2021\\\/11\\\/logo_nvt.svg\",\"contentUrl\":\"https:\\\/\\\/neuchatel-vins-terroir.ch\\\/wp-content\\\/uploads\\\/2021\\\/11\\\/logo_nvt.svg\",\"width\":156,\"height\":82,\"caption\":\"Neuch\u00e2tel vins et terroir\"},\"image\":{\"@id\":\"https:\\\/\\\/neuchatel-vins-terroir.ch\\\/#\\\/schema\\\/logo\\\/image\\\/\"}}]}<\/script>\n<!-- \/ Yoast SEO plugin. -->","yoast_head_json":{"title":"M\u00fctze - Neuch\u00e2tel vins et terroir","robots":{"index":"index","follow":"follow","max-snippet":"max-snippet:-1","max-image-preview":"max-image-preview:large","max-video-preview":"max-video-preview:-1"},"canonical":"https:\/\/neuchatel-vins-terroir.ch\/de\/produit\/muetze\/","og_locale":"de_DE","og_type":"article","og_title":"M\u00fctze - Neuch\u00e2tel vins et terroir","og_description":"Auf der Suche nach der perfekten M\u00fctze, um stylisch gegen die kalten Temperaturen anzuk\u00e4mpfen? Suchen Sie nicht weiter! Unsere Kollektion an M\u00fctzen vereint Komfort, W\u00e4rme und Trend, um Sie warm zu halten und gleichzeitig Ihrem Winteroutfit das gewisse Etwas zu verleihen. Hergestellt aus den besten Materialien, bieten unsere M\u00fctzen eine au\u00dfergew\u00f6hnliche Qualit\u00e4t und eine perfekte Passform f\u00fcr optimalen Komfort. Egal, ob Sie die Skipisten hinunterfahren oder einfach nur in der Stadt spazieren gehen, unsere M\u00fctzen sind so konzipiert, dass sie Sie warm halten und gleichzeitig Ihren pers\u00f6nlichen Stil unterstreichen.\" . Farbe erdiges Gr\u00fcn, Einheitsgr\u00f6\u00dfe und ab sofort erh\u00e4ltlich.","og_url":"https:\/\/neuchatel-vins-terroir.ch\/de\/produit\/muetze\/","og_site_name":"Neuch\u00e2tel vins et terroir","og_image":[{"width":1080,"height":1080,"url":"https:\/\/neuchatel-vins-terroir.ch\/wp-content\/uploads\/2024\/05\/bonnet-nvt.png","type":"image\/png"}],"twitter_card":"summary_large_image","twitter_misc":{"Gesch\u00e4tzte Lesezeit":"1\u00a0Minute"},"schema":{"@context":"https:\/\/schema.org","@graph":[{"@type":"WebPage","@id":"https:\/\/neuchatel-vins-terroir.ch\/de\/produit\/muetze\/","url":"https:\/\/neuchatel-vins-terroir.ch\/de\/produit\/muetze\/","name":"M\u00fctze - Neuch\u00e2tel vins et terroir","isPartOf":{"@id":"https:\/\/neuchatel-vins-terroir.ch\/#website"},"primaryImageOfPage":{"@id":"https:\/\/neuchatel-vins-terroir.ch\/de\/produit\/muetze\/#primaryimage"},"image":{"@id":"https:\/\/neuchatel-vins-terroir.ch\/de\/produit\/muetze\/#primaryimage"},"thumbnailUrl":"https:\/\/neuchatel-vins-terroir.ch\/wp-content\/uploads\/2024\/05\/bonnet-nvt.png","datePublished":"2024-05-15T14:12:56+00:00","breadcrumb":{"@id":"https:\/\/neuchatel-vins-terroir.ch\/de\/produit\/muetze\/#breadcrumb"},"inLanguage":"de","potentialAction":[{"@type":"ReadAction","target":["https:\/\/neuchatel-vins-terroir.ch\/de\/produit\/muetze\/"]}]},{"@type":"ImageObject","inLanguage":"de","@id":"https:\/\/neuchatel-vins-terroir.ch\/de\/produit\/muetze\/#primaryimage","url":"https:\/\/neuchatel-vins-terroir.ch\/wp-content\/uploads\/2024\/05\/bonnet-nvt.png","contentUrl":"https:\/\/neuchatel-vins-terroir.ch\/wp-content\/uploads\/2024\/05\/bonnet-nvt.png","width":1080,"height":1080},{"@type":"BreadcrumbList","@id":"https:\/\/neuchatel-vins-terroir.ch\/de\/produit\/muetze\/#breadcrumb","itemListElement":[{"@type":"ListItem","position":1,"name":"Accueil","item":"https:\/\/neuchatel-vins-terroir.ch\/de\/home\/"},{"@type":"ListItem","position":2,"name":"Shop","item":"https:\/\/neuchatel-vins-terroir.ch\/de\/shop\/"},{"@type":"ListItem","position":3,"name":"M\u00fctze"}]},{"@type":"WebSite","@id":"https:\/\/neuchatel-vins-terroir.ch\/#website","url":"https:\/\/neuchatel-vins-terroir.ch\/","name":"Neuch\u00e2tel vins et terroir","description":"Neuch\u00e2tel vins et terroir","publisher":{"@id":"https:\/\/neuchatel-vins-terroir.ch\/#organization"},"potentialAction":[{"@type":"SearchAction","target":{"@type":"EntryPoint","urlTemplate":"https:\/\/neuchatel-vins-terroir.ch\/?s={search_term_string}"},"query-input":{"@type":"PropertyValueSpecification","valueRequired":true,"valueName":"search_term_string"}}],"inLanguage":"de"},{"@type":"Organization","@id":"https:\/\/neuchatel-vins-terroir.ch\/#organization","name":"Neuch\u00e2tel vins et terroir","url":"https:\/\/neuchatel-vins-terroir.ch\/","logo":{"@type":"ImageObject","inLanguage":"de","@id":"https:\/\/neuchatel-vins-terroir.ch\/#\/schema\/logo\/image\/","url":"https:\/\/neuchatel-vins-terroir.ch\/wp-content\/uploads\/2021\/11\/logo_nvt.svg","contentUrl":"https:\/\/neuchatel-vins-terroir.ch\/wp-content\/uploads\/2021\/11\/logo_nvt.svg","width":156,"height":82,"caption":"Neuch\u00e2tel vins et terroir"},"image":{"@id":"https:\/\/neuchatel-vins-terroir.ch\/#\/schema\/logo\/image\/"}}]}},"taxonomy_info":{"product_cat":[{"value":893,"label":"Cadeaux"}]},"featured_image_src_large":["https:\/\/neuchatel-vins-terroir.ch\/wp-content\/uploads\/2024\/05\/bonnet-nvt-1024x1024.png",1024,1024,true],"author_info":[],"comment_info":"","publishpress_future_workflow_manual_trigger":{"enabledWorkflows":[]},"_links":{"self":[{"href":"https:\/\/neuchatel-vins-terroir.ch\/de\/wp-json\/wp\/v2\/product\/38544","targetHints":{"allow":["GET"]}}],"collection":[{"href":"https:\/\/neuchatel-vins-terroir.ch\/de\/wp-json\/wp\/v2\/product"}],"about":[{"href":"https:\/\/neuchatel-vins-terroir.ch\/de\/wp-json\/wp\/v2\/types\/product"}],"wp:featuredmedia":[{"embeddable":true,"href":"https:\/\/neuchatel-vins-terroir.ch\/de\/wp-json\/wp\/v2\/media\/38539"}],"wp:attachment":[{"href":"https:\/\/neuchatel-vins-terroir.ch\/de\/wp-json\/wp\/v2\/media?parent=38544"}],"wp:term":[{"taxonomy":"product_brand","embeddable":true,"href":"https:\/\/neuchatel-vins-terroir.ch\/de\/wp-json\/wp\/v2\/product_brand?post=38544"},{"taxonomy":"product_cat","embeddable":true,"href":"https:\/\/neuchatel-vins-terroir.ch\/de\/wp-json\/wp\/v2\/product_cat?post=38544"},{"taxonomy":"product_tag","embeddable":true,"href":"https:\/\/neuchatel-vins-terroir.ch\/de\/wp-json\/wp\/v2\/product_tag?post=38544"}],"curies":[{"name":"wp","href":"https:\/\/api.w.org\/{rel}","templated":true}]}}