{"id":40570,"date":"2024-11-18T14:27:11","date_gmt":"2024-11-18T14:27:11","guid":{"rendered":"https:\/\/neuchatel-vins-terroir.ch\/produit\/swinis-discover-the-swiss-wineyard\/"},"modified":"2025-09-15T12:38:51","modified_gmt":"2025-09-15T12:38:51","slug":"swinis-discover-the-swiss-wineyard","status":"publish","type":"product","link":"https:\/\/neuchatel-vins-terroir.ch\/de\/produit\/swinis-discover-the-swiss-wineyard\/","title":{"rendered":"SWINIS &#8211; Entdecken Sie das Schweizer Weinbaugebiet"},"content":{"rendered":"<h3>Swinis &#8211; Eine spielerische und lehrreiche Reise durch die Schweizer Weinberge f\u00fcr kleine Entdecker<\/h3>\n<p>Lassen Sie sich vom Reichtum der <a href=\"https:\/\/www.swisswine.ch\/fr\/actualites\/swinis-un-voyage-ludique-et-educatif-a-travers-le-vignoble-suisse-pour-les-petits-explorateurs\" target=\"_blank\" rel=\"noopener\">Schweizer Weinberge <\/a>in diesem &#8222;Suchen und Finden&#8220;-Buch inspirieren. Entdecken Sie die emblematischen Orte und Traditionen in jeder der sechs Schweizer Weinregionen. Unsere Freunde reisen rund um den Genfersee, vom Kanton Genf in den Kanton Waadt und setzen ihre Abenteuer bis ins Wallis fort. Nach einem Besuch der <a href=\"https:\/\/neuchatel-vins-terroir.ch\/de\/weine\/weindegustation-und-kellerbesichtigung\/\" target=\"_blank\" rel=\"noopener\">Drei-Seen-Region<\/a> geht die Reise in der Deutschschweiz weiter und findet ihren H\u00f6hepunkt im Tessin. Ein Spa\u00df f\u00fcr Kinder und Erwachsene!<\/p>\n","protected":false},"excerpt":{"rendered":"<p>Eine Reise durch die reiche Vielfalt und Tradition der Schweizer Weinregionen.<\/p>\n","protected":false},"featured_media":40568,"template":"","meta":{"_acf_changed":false},"product_brand":[],"product_cat":[315,893],"product_tag":[],"class_list":{"0":"post-40570","1":"product","2":"type-product","3":"status-publish","4":"has-post-thumbnail","6":"product_cat-buch","7":"product_cat-cadeaux-de","9":"first","10":"instock","11":"taxable","12":"shipping-taxable","13":"purchasable","14":"product-type-simple"},"acf":[],"publishpress_future_workflow_manual_trigger":{"enabledWorkflows":[]},"_links":{"self":[{"href":"https:\/\/neuchatel-vins-terroir.ch\/de\/wp-json\/wp\/v2\/product\/40570","targetHints":{"allow":["GET"]}}],"collection":[{"href":"https:\/\/neuchatel-vins-terroir.ch\/de\/wp-json\/wp\/v2\/product"}],"about":[{"href":"https:\/\/neuchatel-vins-terroir.ch\/de\/wp-json\/wp\/v2\/types\/product"}],"wp:featuredmedia":[{"embeddable":true,"href":"https:\/\/neuchatel-vins-terroir.ch\/de\/wp-json\/wp\/v2\/media\/40568"}],"wp:attachment":[{"href":"https:\/\/neuchatel-vins-terroir.ch\/de\/wp-json\/wp\/v2\/media?parent=40570"}],"wp:term":[{"taxonomy":"product_brand","embeddable":true,"href":"https:\/\/neuchatel-vins-terroir.ch\/de\/wp-json\/wp\/v2\/product_brand?post=40570"},{"taxonomy":"product_cat","embeddable":true,"href":"https:\/\/neuchatel-vins-terroir.ch\/de\/wp-json\/wp\/v2\/product_cat?post=40570"},{"taxonomy":"product_tag","embeddable":true,"href":"https:\/\/neuchatel-vins-terroir.ch\/de\/wp-json\/wp\/v2\/product_tag?post=40570"}],"curies":[{"name":"wp","href":"https:\/\/api.w.org\/{rel}","templated":true}]}}