{"id":42085,"date":"2024-12-10T16:17:07","date_gmt":"2024-12-10T16:17:07","guid":{"rendered":"https:\/\/neuchatel-vins-terroir.ch\/produit\/geldboerse-aus-recycelter-plane\/"},"modified":"2025-12-09T10:20:54","modified_gmt":"2025-12-09T10:20:54","slug":"geldboerse-aus-recycelter-plane","status":"publish","type":"product","link":"https:\/\/neuchatel-vins-terroir.ch\/de\/produit\/geldboerse-aus-recycelter-plane\/","title":{"rendered":"Geldb\u00f6rse aus recycelter Plane"},"content":{"rendered":"<p data-start=\"134\" data-end=\"209\"><strong>Geldb\u00f6rsen aus recycelten Planen \u2013 einzigartig, nachhaltig und sinnvoll<\/strong><\/p>\n<p data-start=\"211\" data-end=\"515\">Unsere Geldb\u00f6rsen werden aus recycelten Planen unserer Veranstaltungen hergestellt.<\/p>\n<p data-start=\"517\" data-end=\"622\">Keine Geldb\u00f6rse gleicht der anderen: Die Muster, Farben und Schnitte machen jedes Modell zu einem Unikat.<\/p>\n<p data-start=\"624\" data-end=\"697\">Upcycled, lokal, einzigartig \u2013 ein engagierter Stil, der den Unterschied macht.<\/p>\n","protected":false},"excerpt":{"rendered":"<p>Kleine Geldb\u00f6rse, ideal f\u00fcr Reisen, Sport und das t\u00e4gliche Leben.<\/p>\n<p>Hergestellt aus unseren Werbeplanen. Sie sind robust und widerstandsf\u00e4hig. <\/p>\n<p>Jede Geldb\u00f6rse ist ein Unikat: Die Muster k\u00f6nnen je nach Schnitt der verwendeten recycelten Plane von Modell zu Modell variieren.<\/p>\n<p>Farbe: Rosa \u201e\u0152il de Perdrix\u201c<\/p>\n<p>Farbe: braun \u201eMarch\u00e9 du Terroir\u201d<\/p>\n<p>Farbe gr\u00fcn \u201eNon Filtr\u00e9\u201c<\/p>\n<p>Farbe Blau \u201eCaves Ouvertes 2025\u201d<\/p>\n<p>&nbsp;<\/p>\n<p>&nbsp;<\/p>\n","protected":false},"featured_media":45585,"template":"","meta":{"_acf_changed":false},"product_brand":[],"product_cat":[893,969],"product_tag":[],"class_list":{"0":"post-42085","1":"product","2":"type-product","3":"status-publish","4":"has-post-thumbnail","6":"product_cat-cadeaux-de","7":"product_cat-recycelte-produkte","8":"product_shipping_class-standard","10":"first","11":"instock","12":"featured","13":"taxable","14":"shipping-taxable","15":"purchasable","16":"product-type-variable"},"acf":[],"publishpress_future_workflow_manual_trigger":{"enabledWorkflows":[]},"_links":{"self":[{"href":"https:\/\/neuchatel-vins-terroir.ch\/de\/wp-json\/wp\/v2\/product\/42085","targetHints":{"allow":["GET"]}}],"collection":[{"href":"https:\/\/neuchatel-vins-terroir.ch\/de\/wp-json\/wp\/v2\/product"}],"about":[{"href":"https:\/\/neuchatel-vins-terroir.ch\/de\/wp-json\/wp\/v2\/types\/product"}],"wp:featuredmedia":[{"embeddable":true,"href":"https:\/\/neuchatel-vins-terroir.ch\/de\/wp-json\/wp\/v2\/media\/45585"}],"wp:attachment":[{"href":"https:\/\/neuchatel-vins-terroir.ch\/de\/wp-json\/wp\/v2\/media?parent=42085"}],"wp:term":[{"taxonomy":"product_brand","embeddable":true,"href":"https:\/\/neuchatel-vins-terroir.ch\/de\/wp-json\/wp\/v2\/product_brand?post=42085"},{"taxonomy":"product_cat","embeddable":true,"href":"https:\/\/neuchatel-vins-terroir.ch\/de\/wp-json\/wp\/v2\/product_cat?post=42085"},{"taxonomy":"product_tag","embeddable":true,"href":"https:\/\/neuchatel-vins-terroir.ch\/de\/wp-json\/wp\/v2\/product_tag?post=42085"}],"curies":[{"name":"wp","href":"https:\/\/api.w.org\/{rel}","templated":true}]}}