{"id":42089,"date":"2024-12-10T16:13:33","date_gmt":"2024-12-10T16:13:33","guid":{"rendered":"https:\/\/neuchatel-vins-terroir.ch\/produit\/kartenhalter-aus-recycelter-plane\/"},"modified":"2025-09-11T14:12:50","modified_gmt":"2025-09-11T14:12:50","slug":"kartenhalter-aus-recycelter-plane","status":"publish","type":"product","link":"https:\/\/neuchatel-vins-terroir.ch\/de\/produit\/kartenhalter-aus-recycelter-plane\/","title":{"rendered":"Kartenhalter aus recycelter Plane"},"content":{"rendered":"","protected":false},"excerpt":{"rendered":"<p>Kleines Kartenetui, ideal f\u00fcr Reisen, Sport und das t\u00e4gliche Leben.<\/p>\n<p>Hergestellt aus unseren Werbeplanen. Sie sind robust und widerstandsf\u00e4hig <\/p>\n<p>Mehrere Optionen:<\/p>\n<ul>\n<li>Farbe gekochter Lachs &#8222;Offene Weinkeller 2024&#8220;.<\/li>\n<li>Farbe Bordeaux &#8222;Pinot Noir&#8220;.<\/li>\n<li>Farbe braun &#8222;regionales Produkt&#8220;.<\/li>\n<\/ul>\n<p>&nbsp;<\/p>\n<p>Chaque porte-cartes est une pi\u00e8ce unique : les motifs peuvent varier d\u2019un mod\u00e8le \u00e0 l\u2019autre, selon la d\u00e9coupe de la b\u00e2che recycl\u00e9e utilis\u00e9e.<\/p>\n","protected":false},"featured_media":44137,"template":"","meta":{"_acf_changed":false,"_kad_blocks_custom_css":"","_kad_blocks_head_custom_js":"","_kad_blocks_body_custom_js":"","_kad_blocks_footer_custom_js":""},"product_brand":[],"product_cat":[893,969],"product_tag":[],"class_list":{"0":"post-42089","1":"product","2":"type-product","3":"status-publish","4":"has-post-thumbnail","6":"product_cat-cadeaux-de","7":"product_cat-recycelte-produkte","8":"product_shipping_class-standard","10":"first","11":"instock","12":"taxable","13":"shipping-taxable","14":"purchasable","15":"product-type-variable"},"acf":[],"yoast_head":"<!-- This site is optimized with the Yoast SEO plugin v27.5 - https:\/\/yoast.com\/product\/yoast-seo-wordpress\/ -->\n<title>Kartenhalter aus recycelter Plane - Neuch\u00e2tel vins et terroir<\/title>\n<meta name=\"robots\" content=\"index, follow, max-snippet:-1, max-image-preview:large, max-video-preview:-1\" \/>\n<link rel=\"canonical\" href=\"https:\/\/neuchatel-vins-terroir.ch\/de\/produit\/kartenhalter-aus-recycelter-plane\/\" \/>\n<meta property=\"og:locale\" content=\"de_DE\" \/>\n<meta property=\"og:type\" content=\"article\" \/>\n<meta property=\"og:title\" content=\"Kartenhalter aus recycelter Plane - Neuch\u00e2tel vins et terroir\" \/>\n<meta property=\"og:description\" content=\"Kleines Kartenetui, ideal f\u00fcr Reisen, Sport und das t\u00e4gliche Leben. Hergestellt aus unseren Werbeplanen. Sie sind robust und widerstandsf\u00e4hig  Mehrere Optionen:  Farbe gekochter Lachs &quot;Offene Weinkeller 2024&quot;.  Farbe Bordeaux &quot;Pinot Noir&quot;.  Farbe braun &quot;regionales Produkt&quot;. &nbsp; Chaque porte-cartes est une pi\u00e8ce unique : les motifs peuvent varier d\u2019un mod\u00e8le \u00e0 l\u2019autre, selon la d\u00e9coupe de la b\u00e2che recycl\u00e9e utilis\u00e9e.\" \/>\n<meta property=\"og:url\" content=\"https:\/\/neuchatel-vins-terroir.ch\/de\/produit\/kartenhalter-aus-recycelter-plane\/\" \/>\n<meta property=\"og:site_name\" content=\"Neuch\u00e2tel vins et terroir\" \/>\n<meta property=\"article:modified_time\" content=\"2025-09-11T14:12:50+00:00\" \/>\n<meta property=\"og:image\" content=\"https:\/\/neuchatel-vins-terroir.ch\/wp-content\/uploads\/2024\/12\/Articles-baches-recycles-.png\" \/>\n\t<meta property=\"og:image:width\" content=\"1080\" \/>\n\t<meta property=\"og:image:height\" content=\"1080\" \/>\n\t<meta property=\"og:image:type\" content=\"image\/png\" \/>\n<meta name=\"twitter:card\" content=\"summary_large_image\" \/>\n<script type=\"application\/ld+json\" class=\"yoast-schema-graph\">{\"@context\":\"https:\\\/\\\/schema.org\",\"@graph\":[{\"@type\":\"WebPage\",\"@id\":\"https:\\\/\\\/neuchatel-vins-terroir.ch\\\/de\\\/produit\\\/kartenhalter-aus-recycelter-plane\\\/\",\"url\":\"https:\\\/\\\/neuchatel-vins-terroir.ch\\\/de\\\/produit\\\/kartenhalter-aus-recycelter-plane\\\/\",\"name\":\"Kartenhalter aus recycelter Plane - Neuch\u00e2tel vins et terroir\",\"isPartOf\":{\"@id\":\"https:\\\/\\\/neuchatel-vins-terroir.ch\\\/#website\"},\"primaryImageOfPage\":{\"@id\":\"https:\\\/\\\/neuchatel-vins-terroir.ch\\\/de\\\/produit\\\/kartenhalter-aus-recycelter-plane\\\/#primaryimage\"},\"image\":{\"@id\":\"https:\\\/\\\/neuchatel-vins-terroir.ch\\\/de\\\/produit\\\/kartenhalter-aus-recycelter-plane\\\/#primaryimage\"},\"thumbnailUrl\":\"https:\\\/\\\/neuchatel-vins-terroir.ch\\\/wp-content\\\/uploads\\\/2024\\\/12\\\/Articles-baches-recycles-.png\",\"datePublished\":\"2024-12-10T16:13:33+00:00\",\"dateModified\":\"2025-09-11T14:12:50+00:00\",\"breadcrumb\":{\"@id\":\"https:\\\/\\\/neuchatel-vins-terroir.ch\\\/de\\\/produit\\\/kartenhalter-aus-recycelter-plane\\\/#breadcrumb\"},\"inLanguage\":\"de\",\"potentialAction\":[{\"@type\":\"ReadAction\",\"target\":[\"https:\\\/\\\/neuchatel-vins-terroir.ch\\\/de\\\/produit\\\/kartenhalter-aus-recycelter-plane\\\/\"]}]},{\"@type\":\"ImageObject\",\"inLanguage\":\"de\",\"@id\":\"https:\\\/\\\/neuchatel-vins-terroir.ch\\\/de\\\/produit\\\/kartenhalter-aus-recycelter-plane\\\/#primaryimage\",\"url\":\"https:\\\/\\\/neuchatel-vins-terroir.ch\\\/wp-content\\\/uploads\\\/2024\\\/12\\\/Articles-baches-recycles-.png\",\"contentUrl\":\"https:\\\/\\\/neuchatel-vins-terroir.ch\\\/wp-content\\\/uploads\\\/2024\\\/12\\\/Articles-baches-recycles-.png\",\"width\":1080,\"height\":1080},{\"@type\":\"BreadcrumbList\",\"@id\":\"https:\\\/\\\/neuchatel-vins-terroir.ch\\\/de\\\/produit\\\/kartenhalter-aus-recycelter-plane\\\/#breadcrumb\",\"itemListElement\":[{\"@type\":\"ListItem\",\"position\":1,\"name\":\"Accueil\",\"item\":\"https:\\\/\\\/neuchatel-vins-terroir.ch\\\/de\\\/home\\\/\"},{\"@type\":\"ListItem\",\"position\":2,\"name\":\"Shop\",\"item\":\"https:\\\/\\\/neuchatel-vins-terroir.ch\\\/de\\\/shop\\\/\"},{\"@type\":\"ListItem\",\"position\":3,\"name\":\"Kartenhalter aus recycelter Plane\"}]},{\"@type\":\"WebSite\",\"@id\":\"https:\\\/\\\/neuchatel-vins-terroir.ch\\\/#website\",\"url\":\"https:\\\/\\\/neuchatel-vins-terroir.ch\\\/\",\"name\":\"Neuch\u00e2tel vins et terroir\",\"description\":\"Neuch\u00e2tel vins et terroir\",\"publisher\":{\"@id\":\"https:\\\/\\\/neuchatel-vins-terroir.ch\\\/#organization\"},\"potentialAction\":[{\"@type\":\"SearchAction\",\"target\":{\"@type\":\"EntryPoint\",\"urlTemplate\":\"https:\\\/\\\/neuchatel-vins-terroir.ch\\\/?s={search_term_string}\"},\"query-input\":{\"@type\":\"PropertyValueSpecification\",\"valueRequired\":true,\"valueName\":\"search_term_string\"}}],\"inLanguage\":\"de\"},{\"@type\":\"Organization\",\"@id\":\"https:\\\/\\\/neuchatel-vins-terroir.ch\\\/#organization\",\"name\":\"Neuch\u00e2tel vins et terroir\",\"url\":\"https:\\\/\\\/neuchatel-vins-terroir.ch\\\/\",\"logo\":{\"@type\":\"ImageObject\",\"inLanguage\":\"de\",\"@id\":\"https:\\\/\\\/neuchatel-vins-terroir.ch\\\/#\\\/schema\\\/logo\\\/image\\\/\",\"url\":\"https:\\\/\\\/neuchatel-vins-terroir.ch\\\/wp-content\\\/uploads\\\/2021\\\/11\\\/logo_nvt.svg\",\"contentUrl\":\"https:\\\/\\\/neuchatel-vins-terroir.ch\\\/wp-content\\\/uploads\\\/2021\\\/11\\\/logo_nvt.svg\",\"width\":156,\"height\":82,\"caption\":\"Neuch\u00e2tel vins et terroir\"},\"image\":{\"@id\":\"https:\\\/\\\/neuchatel-vins-terroir.ch\\\/#\\\/schema\\\/logo\\\/image\\\/\"}}]}<\/script>\n<!-- \/ Yoast SEO plugin. -->","yoast_head_json":{"title":"Kartenhalter aus recycelter Plane - Neuch\u00e2tel vins et terroir","robots":{"index":"index","follow":"follow","max-snippet":"max-snippet:-1","max-image-preview":"max-image-preview:large","max-video-preview":"max-video-preview:-1"},"canonical":"https:\/\/neuchatel-vins-terroir.ch\/de\/produit\/kartenhalter-aus-recycelter-plane\/","og_locale":"de_DE","og_type":"article","og_title":"Kartenhalter aus recycelter Plane - Neuch\u00e2tel vins et terroir","og_description":"Kleines Kartenetui, ideal f\u00fcr Reisen, Sport und das t\u00e4gliche Leben. Hergestellt aus unseren Werbeplanen. Sie sind robust und widerstandsf\u00e4hig  Mehrere Optionen:  Farbe gekochter Lachs \"Offene Weinkeller 2024\".  Farbe Bordeaux \"Pinot Noir\".  Farbe braun \"regionales Produkt\". &nbsp; Chaque porte-cartes est une pi\u00e8ce unique : les motifs peuvent varier d\u2019un mod\u00e8le \u00e0 l\u2019autre, selon la d\u00e9coupe de la b\u00e2che recycl\u00e9e utilis\u00e9e.","og_url":"https:\/\/neuchatel-vins-terroir.ch\/de\/produit\/kartenhalter-aus-recycelter-plane\/","og_site_name":"Neuch\u00e2tel vins et terroir","article_modified_time":"2025-09-11T14:12:50+00:00","og_image":[{"width":1080,"height":1080,"url":"https:\/\/neuchatel-vins-terroir.ch\/wp-content\/uploads\/2024\/12\/Articles-baches-recycles-.png","type":"image\/png"}],"twitter_card":"summary_large_image","schema":{"@context":"https:\/\/schema.org","@graph":[{"@type":"WebPage","@id":"https:\/\/neuchatel-vins-terroir.ch\/de\/produit\/kartenhalter-aus-recycelter-plane\/","url":"https:\/\/neuchatel-vins-terroir.ch\/de\/produit\/kartenhalter-aus-recycelter-plane\/","name":"Kartenhalter aus recycelter Plane - Neuch\u00e2tel vins et terroir","isPartOf":{"@id":"https:\/\/neuchatel-vins-terroir.ch\/#website"},"primaryImageOfPage":{"@id":"https:\/\/neuchatel-vins-terroir.ch\/de\/produit\/kartenhalter-aus-recycelter-plane\/#primaryimage"},"image":{"@id":"https:\/\/neuchatel-vins-terroir.ch\/de\/produit\/kartenhalter-aus-recycelter-plane\/#primaryimage"},"thumbnailUrl":"https:\/\/neuchatel-vins-terroir.ch\/wp-content\/uploads\/2024\/12\/Articles-baches-recycles-.png","datePublished":"2024-12-10T16:13:33+00:00","dateModified":"2025-09-11T14:12:50+00:00","breadcrumb":{"@id":"https:\/\/neuchatel-vins-terroir.ch\/de\/produit\/kartenhalter-aus-recycelter-plane\/#breadcrumb"},"inLanguage":"de","potentialAction":[{"@type":"ReadAction","target":["https:\/\/neuchatel-vins-terroir.ch\/de\/produit\/kartenhalter-aus-recycelter-plane\/"]}]},{"@type":"ImageObject","inLanguage":"de","@id":"https:\/\/neuchatel-vins-terroir.ch\/de\/produit\/kartenhalter-aus-recycelter-plane\/#primaryimage","url":"https:\/\/neuchatel-vins-terroir.ch\/wp-content\/uploads\/2024\/12\/Articles-baches-recycles-.png","contentUrl":"https:\/\/neuchatel-vins-terroir.ch\/wp-content\/uploads\/2024\/12\/Articles-baches-recycles-.png","width":1080,"height":1080},{"@type":"BreadcrumbList","@id":"https:\/\/neuchatel-vins-terroir.ch\/de\/produit\/kartenhalter-aus-recycelter-plane\/#breadcrumb","itemListElement":[{"@type":"ListItem","position":1,"name":"Accueil","item":"https:\/\/neuchatel-vins-terroir.ch\/de\/home\/"},{"@type":"ListItem","position":2,"name":"Shop","item":"https:\/\/neuchatel-vins-terroir.ch\/de\/shop\/"},{"@type":"ListItem","position":3,"name":"Kartenhalter aus recycelter Plane"}]},{"@type":"WebSite","@id":"https:\/\/neuchatel-vins-terroir.ch\/#website","url":"https:\/\/neuchatel-vins-terroir.ch\/","name":"Neuch\u00e2tel vins et terroir","description":"Neuch\u00e2tel vins et terroir","publisher":{"@id":"https:\/\/neuchatel-vins-terroir.ch\/#organization"},"potentialAction":[{"@type":"SearchAction","target":{"@type":"EntryPoint","urlTemplate":"https:\/\/neuchatel-vins-terroir.ch\/?s={search_term_string}"},"query-input":{"@type":"PropertyValueSpecification","valueRequired":true,"valueName":"search_term_string"}}],"inLanguage":"de"},{"@type":"Organization","@id":"https:\/\/neuchatel-vins-terroir.ch\/#organization","name":"Neuch\u00e2tel vins et terroir","url":"https:\/\/neuchatel-vins-terroir.ch\/","logo":{"@type":"ImageObject","inLanguage":"de","@id":"https:\/\/neuchatel-vins-terroir.ch\/#\/schema\/logo\/image\/","url":"https:\/\/neuchatel-vins-terroir.ch\/wp-content\/uploads\/2021\/11\/logo_nvt.svg","contentUrl":"https:\/\/neuchatel-vins-terroir.ch\/wp-content\/uploads\/2021\/11\/logo_nvt.svg","width":156,"height":82,"caption":"Neuch\u00e2tel vins et terroir"},"image":{"@id":"https:\/\/neuchatel-vins-terroir.ch\/#\/schema\/logo\/image\/"}}]}},"taxonomy_info":{"product_cat":[{"value":893,"label":"Cadeaux"},{"value":969,"label":"Recycelte Produkte"}]},"featured_image_src_large":["https:\/\/neuchatel-vins-terroir.ch\/wp-content\/uploads\/2024\/12\/Articles-baches-recycles--1024x1024.png",1024,1024,true],"author_info":[],"comment_info":"","publishpress_future_action":{"enabled":false,"date":"2026-05-07 08:45:30","action":"change-status","newStatus":"draft","terms":[],"taxonomy":"product_brand","extraData":[]},"publishpress_future_workflow_manual_trigger":{"enabledWorkflows":[]},"_links":{"self":[{"href":"https:\/\/neuchatel-vins-terroir.ch\/de\/wp-json\/wp\/v2\/product\/42089","targetHints":{"allow":["GET"]}}],"collection":[{"href":"https:\/\/neuchatel-vins-terroir.ch\/de\/wp-json\/wp\/v2\/product"}],"about":[{"href":"https:\/\/neuchatel-vins-terroir.ch\/de\/wp-json\/wp\/v2\/types\/product"}],"wp:featuredmedia":[{"embeddable":true,"href":"https:\/\/neuchatel-vins-terroir.ch\/de\/wp-json\/wp\/v2\/media\/44137"}],"wp:attachment":[{"href":"https:\/\/neuchatel-vins-terroir.ch\/de\/wp-json\/wp\/v2\/media?parent=42089"}],"wp:term":[{"taxonomy":"product_brand","embeddable":true,"href":"https:\/\/neuchatel-vins-terroir.ch\/de\/wp-json\/wp\/v2\/product_brand?post=42089"},{"taxonomy":"product_cat","embeddable":true,"href":"https:\/\/neuchatel-vins-terroir.ch\/de\/wp-json\/wp\/v2\/product_cat?post=42089"},{"taxonomy":"product_tag","embeddable":true,"href":"https:\/\/neuchatel-vins-terroir.ch\/de\/wp-json\/wp\/v2\/product_tag?post=42089"}],"curies":[{"name":"wp","href":"https:\/\/api.w.org\/{rel}","templated":true}]}}