{"id":44388,"date":"2025-08-20T08:54:51","date_gmt":"2025-08-20T08:54:51","guid":{"rendered":"https:\/\/neuchatel-vins-terroir.ch\/produit\/sac-a-dos-en-bache-recyclee-non-filtre\/"},"modified":"2025-09-15T12:08:06","modified_gmt":"2025-09-15T12:08:06","slug":"sac-a-dos-en-bache-recyclee-non-filtre","status":"publish","type":"product","link":"https:\/\/neuchatel-vins-terroir.ch\/de\/produit\/sac-a-dos-en-bache-recyclee-non-filtre\/","title":{"rendered":"Rucksack aus recycelter Plane &#8211; Non Filtr\u00e9"},"content":{"rendered":"<p>Farbe gr\u00fcn &#8222;Non Filtr\u00e9&#8220;<br \/>\nJede Tasche ist ein Einzelst\u00fcck: Die Muster k\u00f6nnen von einem Modell zum anderen variieren, je nachdem, wie die verwendete recycelte Plane zugeschnitten ist.<\/p>\n","protected":false},"excerpt":{"rendered":"<p>Farbe gr\u00fcn &#8222;Non Filtr\u00e9&#8220; Jede Tasche ist ein Einzelst\u00fcck: Die Muster k\u00f6nnen von einem Modell zum anderen variieren, je nachdem, [&hellip;]<\/p>\n","protected":false},"featured_media":44382,"template":"","meta":{"_acf_changed":false},"product_brand":[],"product_cat":[893,308,969],"product_tag":[],"class_list":{"0":"post-44388","1":"product","2":"type-product","3":"status-publish","4":"has-post-thumbnail","6":"product_cat-cadeaux-de","7":"product_cat-non-filtre-de","8":"product_cat-recycelte-produkte","9":"product_shipping_class-standard","11":"first","12":"outofstock","13":"taxable","14":"shipping-taxable","15":"purchasable","16":"product-type-simple"},"acf":[],"publishpress_future_workflow_manual_trigger":{"enabledWorkflows":[]},"_links":{"self":[{"href":"https:\/\/neuchatel-vins-terroir.ch\/de\/wp-json\/wp\/v2\/product\/44388","targetHints":{"allow":["GET"]}}],"collection":[{"href":"https:\/\/neuchatel-vins-terroir.ch\/de\/wp-json\/wp\/v2\/product"}],"about":[{"href":"https:\/\/neuchatel-vins-terroir.ch\/de\/wp-json\/wp\/v2\/types\/product"}],"wp:featuredmedia":[{"embeddable":true,"href":"https:\/\/neuchatel-vins-terroir.ch\/de\/wp-json\/wp\/v2\/media\/44382"}],"wp:attachment":[{"href":"https:\/\/neuchatel-vins-terroir.ch\/de\/wp-json\/wp\/v2\/media?parent=44388"}],"wp:term":[{"taxonomy":"product_brand","embeddable":true,"href":"https:\/\/neuchatel-vins-terroir.ch\/de\/wp-json\/wp\/v2\/product_brand?post=44388"},{"taxonomy":"product_cat","embeddable":true,"href":"https:\/\/neuchatel-vins-terroir.ch\/de\/wp-json\/wp\/v2\/product_cat?post=44388"},{"taxonomy":"product_tag","embeddable":true,"href":"https:\/\/neuchatel-vins-terroir.ch\/de\/wp-json\/wp\/v2\/product_tag?post=44388"}],"curies":[{"name":"wp","href":"https:\/\/api.w.org\/{rel}","templated":true}]}}