{"id":44473,"date":"2024-12-10T15:50:39","date_gmt":"2024-12-10T15:50:39","guid":{"rendered":"https:\/\/neuchatel-vins-terroir.ch\/produit\/rundes-maeppchen-aus-recycelter-plane\/"},"modified":"2025-09-15T12:27:30","modified_gmt":"2025-09-15T12:27:30","slug":"rundes-maeppchen-aus-recycelter-plane","status":"publish","type":"product","link":"https:\/\/neuchatel-vins-terroir.ch\/de\/produit\/rundes-maeppchen-aus-recycelter-plane\/","title":{"rendered":"Rundes M\u00e4ppchen aus recycelter Plane"},"content":{"rendered":"","protected":false},"excerpt":{"rendered":"<p>Kleine runde Tasche, ideal f\u00fcr Reisen, unterwegs oder zum Aufbewahren von Kleinteilen.<\/p>\n<p>Hergestellt aus unseren Werbeplanen. Sie sind robust und widerstandsf\u00e4hig <\/p>\n<p>Mehrere Optionen:<\/p>\n<ul>\n<li>Farbe gekochter Lachs &#8222;Offene Weinkeller 2024&#8220;.<\/li>\n<li>Farbe braun &#8222;regionales Produkt&#8220;.<\/li>\n<\/ul>\n<p>&nbsp;<\/p>\n<p>Jedes M\u00e4ppchen ist ein Einzelst\u00fcck: Die Muster k\u00f6nnen von einem Modell zum anderen variieren, je nachdem, wie die verwendete recycelte Plane zugeschnitten ist.<\/p>\n","protected":false},"featured_media":44065,"template":"","meta":{"_acf_changed":false},"product_brand":[],"product_cat":[893,969],"product_tag":[],"class_list":{"0":"post-44473","1":"product","2":"type-product","3":"status-publish","4":"has-post-thumbnail","6":"product_cat-cadeaux-de","7":"product_cat-recycelte-produkte","9":"first","10":"instock","11":"taxable","12":"shipping-taxable","13":"purchasable","14":"product-type-variable"},"acf":[],"publishpress_future_workflow_manual_trigger":{"enabledWorkflows":[]},"_links":{"self":[{"href":"https:\/\/neuchatel-vins-terroir.ch\/de\/wp-json\/wp\/v2\/product\/44473","targetHints":{"allow":["GET"]}}],"collection":[{"href":"https:\/\/neuchatel-vins-terroir.ch\/de\/wp-json\/wp\/v2\/product"}],"about":[{"href":"https:\/\/neuchatel-vins-terroir.ch\/de\/wp-json\/wp\/v2\/types\/product"}],"wp:featuredmedia":[{"embeddable":true,"href":"https:\/\/neuchatel-vins-terroir.ch\/de\/wp-json\/wp\/v2\/media\/44065"}],"wp:attachment":[{"href":"https:\/\/neuchatel-vins-terroir.ch\/de\/wp-json\/wp\/v2\/media?parent=44473"}],"wp:term":[{"taxonomy":"product_brand","embeddable":true,"href":"https:\/\/neuchatel-vins-terroir.ch\/de\/wp-json\/wp\/v2\/product_brand?post=44473"},{"taxonomy":"product_cat","embeddable":true,"href":"https:\/\/neuchatel-vins-terroir.ch\/de\/wp-json\/wp\/v2\/product_cat?post=44473"},{"taxonomy":"product_tag","embeddable":true,"href":"https:\/\/neuchatel-vins-terroir.ch\/de\/wp-json\/wp\/v2\/product_tag?post=44473"}],"curies":[{"name":"wp","href":"https:\/\/api.w.org\/{rel}","templated":true}]}}