{"id":44814,"date":"2025-10-09T08:38:31","date_gmt":"2025-10-09T08:38:31","guid":{"rendered":"https:\/\/neuchatel-vins-terroir.ch\/?post_type=product&#038;p=44814"},"modified":"2025-12-05T10:45:21","modified_gmt":"2025-12-05T10:45:21","slug":"einkaufstascheaus-recycelter-plane-non-filtre-copie-copie-copie-2","status":"publish","type":"product","link":"https:\/\/neuchatel-vins-terroir.ch\/de\/produit\/einkaufstascheaus-recycelter-plane-non-filtre-copie-copie-copie-2\/","title":{"rendered":"Handtasche aus recycelter Plane  &#8211; Non Filtr\u00e9"},"content":{"rendered":"<p>Farbe gr\u00fcn &#8222;Non Filtr\u00e9&#8220;<br \/>\nJede Tasche ist ein Einzelst\u00fcck: Die Muster k\u00f6nnen von einem Modell zum anderen variieren, je nachdem, wie die verwendete recycelte Plane zugeschnitten ist.<\/p>\n","protected":false},"excerpt":{"rendered":"<p>Farbe gr\u00fcn &#8222;Non Filtr\u00e9&#8220; Jede Tasche ist ein Einzelst\u00fcck: Die Muster k\u00f6nnen von einem Modell zum anderen variieren, je nachdem, [&hellip;]<\/p>\n","protected":false},"featured_media":45568,"template":"","meta":{"_acf_changed":false},"product_brand":[],"product_cat":[893,308,969],"product_tag":[],"class_list":{"0":"post-44814","1":"product","2":"type-product","3":"status-publish","4":"has-post-thumbnail","6":"product_cat-cadeaux-de","7":"product_cat-non-filtre-de","8":"product_cat-recycelte-produkte","9":"product_shipping_class-standard","11":"first","12":"instock","13":"taxable","14":"shipping-taxable","15":"purchasable","16":"product-type-simple"},"acf":[],"publishpress_future_workflow_manual_trigger":{"enabledWorkflows":[]},"_links":{"self":[{"href":"https:\/\/neuchatel-vins-terroir.ch\/de\/wp-json\/wp\/v2\/product\/44814","targetHints":{"allow":["GET"]}}],"collection":[{"href":"https:\/\/neuchatel-vins-terroir.ch\/de\/wp-json\/wp\/v2\/product"}],"about":[{"href":"https:\/\/neuchatel-vins-terroir.ch\/de\/wp-json\/wp\/v2\/types\/product"}],"wp:featuredmedia":[{"embeddable":true,"href":"https:\/\/neuchatel-vins-terroir.ch\/de\/wp-json\/wp\/v2\/media\/45568"}],"wp:attachment":[{"href":"https:\/\/neuchatel-vins-terroir.ch\/de\/wp-json\/wp\/v2\/media?parent=44814"}],"wp:term":[{"taxonomy":"product_brand","embeddable":true,"href":"https:\/\/neuchatel-vins-terroir.ch\/de\/wp-json\/wp\/v2\/product_brand?post=44814"},{"taxonomy":"product_cat","embeddable":true,"href":"https:\/\/neuchatel-vins-terroir.ch\/de\/wp-json\/wp\/v2\/product_cat?post=44814"},{"taxonomy":"product_tag","embeddable":true,"href":"https:\/\/neuchatel-vins-terroir.ch\/de\/wp-json\/wp\/v2\/product_tag?post=44814"}],"curies":[{"name":"wp","href":"https:\/\/api.w.org\/{rel}","templated":true}]}}