{"id":33920,"date":"2023-04-21T07:51:06","date_gmt":"2023-04-21T07:51:06","guid":{"rendered":"https:\/\/neuchatel-vins-terroir.ch\/neuchatel-oeil-de-perdrix\/"},"modified":"2026-04-30T14:33:00","modified_gmt":"2026-04-30T12:33:00","slug":"neuchatel-oeil-de-perdrix","status":"publish","type":"page","link":"https:\/\/neuchatel-vins-terroir.ch\/en\/neuchatel-oeil-de-perdrix\/","title":{"rendered":"Partridge eye"},"content":{"rendered":"\n<div class=\"wp-block-group alignfull has-pink-perdrix-background-color has-background is-layout-constrained wp-block-group-is-layout-constrained\" style=\"min-height:px;padding-top:0;padding-bottom:0\">\n<div class=\"wp-block-columns alignwide are-vertically-aligned-center is-layout-flex wp-container-core-columns-is-layout-28f84493 wp-block-columns-is-layout-flex\">\n<div class=\"wp-block-column is-vertically-aligned-center is-layout-flow wp-block-column-is-layout-flow\">\n<div class=\"wp-block-group is-layout-constrained wp-container-core-group-is-layout-cf039733 wp-block-group-is-layout-constrained\" style=\"padding-top:var(--wp--preset--spacing--50);padding-right:var(--wp--preset--spacing--50);padding-bottom:var(--wp--preset--spacing--50);padding-left:var(--wp--preset--spacing--50)\">\n<h2 class=\"wp-block-heading has-white-color has-text-color has-link-color wp-elements-b838b2df76386bd044e4f7e8b36e7faf\"><strong>L&#8217;\u0152IL DE PERDRIX<\/strong><br\/><strong>CELEBRATES 165 YEARS <\/strong><br\/><strong>OF EXISTENCE<\/strong><\/h2>\n\n\n\n<p class=\"has-white-color has-text-color has-link-color has-large-font-size wp-elements-5a4e5440d259c2182bf3f5c4e409e686\"><br\/>This emblematic ros\u00e9 wine comes historically from the region, which is why Neuch\u00e2tel \u0152il de Perdrix is considered by connoisseurs to be &#8220;L&#8217;Original&#8221;.<\/p>\n<\/div>\n<\/div>\n\n\n\n<div class=\"wp-block-column is-vertically-aligned-center is-layout-flow wp-block-column-is-layout-flow\">\n<div class=\"wp-block-cover is-light\" style=\"min-height:600px;aspect-ratio:unset;\"><img loading=\"lazy\" decoding=\"async\" width=\"1024\" height=\"1024\" class=\"wp-block-cover__image-background wp-image-47930 size-large\" alt=\"\" src=\"https:\/\/neuchatel-vins-terroir.ch\/wp-content\/uploads\/2026\/04\/VT-530_BLANC-scaled_square-1024x1024.jpg\" data-object-fit=\"cover\" srcset=\"https:\/\/neuchatel-vins-terroir.ch\/wp-content\/uploads\/2026\/04\/VT-530_BLANC-scaled_square-1024x1024.jpg 1024w, https:\/\/neuchatel-vins-terroir.ch\/wp-content\/uploads\/2026\/04\/VT-530_BLANC-scaled_square-300x300.jpg 300w, https:\/\/neuchatel-vins-terroir.ch\/wp-content\/uploads\/2026\/04\/VT-530_BLANC-scaled_square-150x150.jpg 150w, https:\/\/neuchatel-vins-terroir.ch\/wp-content\/uploads\/2026\/04\/VT-530_BLANC-scaled_square-768x768.jpg 768w, https:\/\/neuchatel-vins-terroir.ch\/wp-content\/uploads\/2026\/04\/VT-530_BLANC-scaled_square-1536x1536.jpg 1536w, https:\/\/neuchatel-vins-terroir.ch\/wp-content\/uploads\/2026\/04\/VT-530_BLANC-scaled_square-600x600.jpg 600w, https:\/\/neuchatel-vins-terroir.ch\/wp-content\/uploads\/2026\/04\/VT-530_BLANC-scaled_square-100x100.jpg 100w, https:\/\/neuchatel-vins-terroir.ch\/wp-content\/uploads\/2026\/04\/VT-530_BLANC-scaled_square.jpg 1853w\" sizes=\"auto, (max-width: 1024px) 100vw, 1024px\" \/><span aria-hidden=\"true\" class=\"wp-block-cover__background has-background-dim-0 has-background-dim\" style=\"background-color:#f9f1ee\"><\/span><div class=\"wp-block-cover__inner-container is-layout-constrained wp-block-cover-is-layout-constrained\">\n<p class=\"has-text-align-center has-large-font-size\"><\/p>\n<\/div><\/div>\n<\/div>\n<\/div>\n<\/div>\n\n<div style=\"height:50px\" aria-hidden=\"true\" class=\"wp-block-spacer wp-embed-aspect-16-9 wp-has-aspect-ratio\"><\/div>\n\n<div class=\"wp-block-columns is-layout-flex wp-container-core-columns-is-layout-28f84493 wp-block-columns-is-layout-flex\">\n<div class=\"wp-block-column is-layout-flow wp-block-column-is-layout-flow\" style=\"flex-basis:25%\"><\/div>\n\n\n\n<div class=\"wp-block-column is-layout-flow wp-block-column-is-layout-flow\" style=\"flex-basis:50%\">\n<div class=\"wp-block-group is-layout-constrained wp-block-group-is-layout-constrained\">\n<p class=\"has-text-align-left\">The first official trace of this emblematic wine appeared in 1861, with the very first label printed by Louis Bovet, a wine-maker in Areuse. Thus was born a ros\u00e9 destined to become a benchmark. <\/p>\n\n\n\n<p class=\"has-text-align-left\">\u0152il de Perdrix is made from Pinot Noir grapes that are only lightly vatted, and has developed and asserted itself in Neuch\u00e2tel, its terroir of origin. Historically rooted in the region, Neuch\u00e2tel \u0152il de Perdrix is recognized by connoisseurs as <strong>&#8220;L&#8217;Original&#8221;.<\/strong> <\/p>\n\n\n\n<p class=\"has-text-align-left\">To mark this anniversary, which will take place over the next few months, the Neuch\u00e2tel winemakers wanted to enhance this iconic wine by presenting it in a magnificent new transparent bottle, highlighting its delicate, luminous color.<\/p>\n\n\n\n<p class=\"has-text-align-left\">To celebrate this unique wine, six mixologists from the canton of Neuch\u00e2tel took up the challenge of creating a signature cocktail. Presented to an expert jury of winemakers and restaurateurs, their creations resulted in a grand prize winner: <strong>&#8220;Le Clin d&#8217;\u0152il&#8221;,<\/strong> imagined by Juleps Cocktail!  <\/p>\n\n\n\n<p>Subtle, elegant and resolutely contemporary, this cocktail revisits the \u0152il de Perdrix with creativity and finesse.<\/p>\n\n\n\n<div class=\"wp-block-buttons is-content-justification-center is-layout-flex wp-container-core-buttons-is-layout-a89b3969 wp-block-buttons-is-layout-flex\">\n<div class=\"wp-block-button\"><a class=\"wp-block-button__link has-white-color has-pink-perdrix-background-color has-text-color has-background has-link-color wp-element-button\" href=\"https:\/\/neuchatel-vins-terroir.ch\/en\/?page_id=47971\">Discover the cocktail<\/a><\/div>\n<\/div>\n<\/div>\n<\/div>\n\n\n\n<div class=\"wp-block-column is-layout-flow wp-block-column-is-layout-flow\" style=\"flex-basis:25%\"><\/div>\n<\/div>\n\n<div style=\"height:96px\" aria-hidden=\"true\" class=\"wp-block-spacer\"><\/div>\n\n<div class=\"wp-block-group alignfull has-lighter-background-color has-background is-layout-constrained wp-block-group-is-layout-constrained\" style=\"padding-top:0;padding-bottom:0\">\n<div class=\"wp-block-columns alignwide are-vertically-aligned-center is-layout-flex wp-container-core-columns-is-layout-28f84493 wp-block-columns-is-layout-flex\" id=\"cta-degustation\">\n<div class=\"wp-block-column is-vertically-aligned-center is-layout-flow wp-block-column-is-layout-flow\">\n<div class=\"wp-block-group is-layout-constrained wp-container-core-group-is-layout-f611be13 wp-block-group-is-layout-constrained\" style=\"padding-top:var(--wp--preset--spacing--50);padding-right:var(--wp--preset--spacing--50);padding-bottom:var(--wp--preset--spacing--50);padding-left:var(--wp--preset--spacing--50)\">\n<h2 class=\"wp-block-heading has-text-align-left has-pink-perdrix-color has-text-color has-link-color wp-elements-0217557162324b3ddd67b43358e1dcca\">PUBLIC TASTING  <\/h2>\n\n\n\n<h2 class=\"wp-block-heading has-text-align-left has-secondary-color has-text-color has-link-color wp-elements-a89d2293a5f92b0f9ff1ad7e8ef26dce\">Thursday, June 18, 2026<br\/>Place du Port &#8211; Neuch\u00e2tel<\/h2>\n\n\n\n<ul class=\"wp-block-list is-style-list-check has-red-perdrix-color has-text-color has-link-color has-regular-font-size wp-elements-d603db55f7803faa8d21e9f1c0061d27\">\n<li class=\"has-secondary-color has-text-color has-link-color wp-elements-b255b296e4368c4d2ad0e45ccdce78be\">Admission with tasting glass CHF 20.00<\/li>\n\n\n\n<li class=\"has-secondary-color has-text-color has-link-color wp-elements-6102642db1765ec0f7b63c3421fd507d\">35 \u0152il de Perdrix to taste<\/li>\n\n\n\n<li class=\"has-secondary-color has-text-color has-link-color wp-elements-f572d2976dd4082ed790df8669272178\">Musical entertainment<\/li>\n\n\n\n<li class=\"has-secondary-color has-text-color has-link-color wp-elements-43f5d00820ef8f195fd1fedf8a090702\">Foodtrucks<\/li>\n<\/ul>\n\n\n\n<p class=\"has-text-align-left\">5:00 to 8:00 pm &#8211; Public tasting <\/p>\n\n\n\n<p>From 9:00 pm &#8211; Swiss match on the big screen<\/p>\n\n\n\n<p>Free return shuttles: La Chaux-de-Fonds &#8211; Boudevilliers &#8211; Neuch\u00e2tel (timetables available when booking your ticket)<\/p>\n\n\n\n<div class=\"wp-block-buttons is-content-justification-left is-layout-flex wp-container-core-buttons-is-layout-fc4fd283 wp-block-buttons-is-layout-flex\">\n<div class=\"wp-block-button is-style-outline is-style-outline--1\"><a class=\"wp-block-button__link has-pink-perdrix-color has-text-color has-link-color wp-element-button\" href=\"https:\/\/neuchatel-vins-terroir.ch\/wp-content\/uploads\/2026\/04\/NVT_ODP_DEGUSTE_PARTICIPANTS_FR_RS_1080X1350_26-scaled.png\" target=\"_blank\" rel=\"noreferrer noopener\">Discover the list of wine-makers present<\/a><\/div>\n\n\n\n<div class=\"wp-block-button is-style-outline is-style-outline--2\"><a class=\"wp-block-button__link has-white-color has-pink-perdrix-background-color has-text-color has-background has-link-color wp-element-button\" href=\"https:\/\/discover.smeetz.com\/fr\/product\/b2b\/degustation-publique-oeil-de-perdrix-2026?referrer=preview&amp;productId=75654\" target=\"_blank\" rel=\"noreferrer noopener\">Buy my ticket<\/a><\/div>\n<\/div>\n<\/div>\n<\/div>\n\n\n\n<div class=\"wp-block-column is-vertically-aligned-center is-layout-flow wp-block-column-is-layout-flow\">\n<figure class=\"wp-block-image size-large\"><img loading=\"lazy\" decoding=\"async\" width=\"1024\" height=\"964\" src=\"https:\/\/neuchatel-vins-terroir.ch\/wp-content\/uploads\/2026\/04\/Design-sans-titre-1-1-e1777383921495-1024x964.jpg\" alt=\"\" class=\"wp-image-47883\" srcset=\"https:\/\/neuchatel-vins-terroir.ch\/wp-content\/uploads\/2026\/04\/Design-sans-titre-1-1-e1777383921495-1024x964.jpg 1024w, https:\/\/neuchatel-vins-terroir.ch\/wp-content\/uploads\/2026\/04\/Design-sans-titre-1-1-e1777383921495-300x283.jpg 300w, https:\/\/neuchatel-vins-terroir.ch\/wp-content\/uploads\/2026\/04\/Design-sans-titre-1-1-e1777383921495-768x723.jpg 768w, https:\/\/neuchatel-vins-terroir.ch\/wp-content\/uploads\/2026\/04\/Design-sans-titre-1-1-e1777383921495-600x565.jpg 600w, https:\/\/neuchatel-vins-terroir.ch\/wp-content\/uploads\/2026\/04\/Design-sans-titre-1-1-e1777383921495.jpg 1080w\" sizes=\"auto, (max-width: 1024px) 100vw, 1024px\" \/><\/figure>\n<\/div>\n<\/div>\n<\/div>\n\n<div style=\"height:75px\" aria-hidden=\"true\" class=\"wp-block-spacer\"><\/div>\n\n<figure class=\"wp-block-embed aligncenter is-type-video is-provider-youtube wp-block-embed-youtube wp-embed-aspect-16-9 wp-has-aspect-ratio\"><div class=\"wp-block-embed__wrapper\">\n<iframe loading=\"lazy\" title=\"Neuch\u00e2tel \u0152il de Perdrix, l&#039;Original\" width=\"500\" height=\"281\" src=\"https:\/\/www.youtube.com\/embed\/kgqtCUsdUVY?feature=oembed\" frameborder=\"0\" allow=\"accelerometer; autoplay; clipboard-write; encrypted-media; gyroscope; picture-in-picture; web-share\" referrerpolicy=\"strict-origin-when-cross-origin\" allowfullscreen><\/iframe>\n<\/div><\/figure>\n\n<div style=\"height:100px\" aria-hidden=\"true\" class=\"wp-block-spacer\"><\/div>\n","protected":false},"excerpt":{"rendered":"<p>L&#8217;\u0152IL DE PERDRIXCELEBRATES 165 YEARS OF EXISTENCE This emblematic ros\u00e9 wine comes historically from the region, which is why Neuch\u00e2tel [&hellip;]<\/p>\n","protected":false},"author":25,"featured_media":34254,"parent":0,"menu_order":30,"comment_status":"closed","ping_status":"closed","template":"","meta":{"_acf_changed":false,"_kad_blocks_custom_css":"","_kad_blocks_head_custom_js":"","_kad_blocks_body_custom_js":"","_kad_blocks_footer_custom_js":"","footnotes":""},"class_list":["post-33920","page","type-page","status-publish","has-post-thumbnail","hentry"],"acf":[],"yoast_head":"<!-- This site is optimized with the Yoast SEO plugin v27.5 - https:\/\/yoast.com\/product\/yoast-seo-wordpress\/ -->\n<title>Partridge eye - Neuch\u00e2tel vins et terroir<\/title>\n<meta name=\"robots\" content=\"index, follow, max-snippet:-1, max-image-preview:large, max-video-preview:-1\" \/>\n<link rel=\"canonical\" href=\"https:\/\/neuchatel-vins-terroir.ch\/en\/neuchatel-oeil-de-perdrix\/\" \/>\n<meta property=\"og:locale\" content=\"en_US\" \/>\n<meta property=\"og:type\" content=\"article\" \/>\n<meta property=\"og:title\" content=\"Partridge eye - Neuch\u00e2tel vins et terroir\" \/>\n<meta property=\"og:description\" content=\"L&#8217;\u0152IL DE PERDRIXCELEBRATES 165 YEARS OF EXISTENCE This emblematic ros\u00e9 wine comes historically from the region, which is why Neuch\u00e2tel [&hellip;]\" \/>\n<meta property=\"og:url\" content=\"https:\/\/neuchatel-vins-terroir.ch\/en\/neuchatel-oeil-de-perdrix\/\" \/>\n<meta property=\"og:site_name\" content=\"Neuch\u00e2tel vins et terroir\" \/>\n<meta property=\"article:modified_time\" content=\"2026-04-30T12:33:00+00:00\" \/>\n<meta property=\"og:image\" content=\"https:\/\/neuchatel-vins-terroir.ch\/wp-content\/uploads\/2023\/05\/Banniere-site-1920-\u00d7-640-px-1920-\u00d7-120-px-2.png\" \/>\n\t<meta property=\"og:image:width\" content=\"1920\" \/>\n\t<meta property=\"og:image:height\" content=\"120\" \/>\n\t<meta property=\"og:image:type\" content=\"image\/png\" \/>\n<meta name=\"twitter:card\" content=\"summary_large_image\" \/>\n<meta name=\"twitter:label1\" content=\"Est. reading time\" \/>\n\t<meta name=\"twitter:data1\" content=\"1 minute\" \/>\n<script type=\"application\/ld+json\" class=\"yoast-schema-graph\">{\"@context\":\"https:\\\/\\\/schema.org\",\"@graph\":[{\"@type\":\"WebPage\",\"@id\":\"https:\\\/\\\/neuchatel-vins-terroir.ch\\\/en\\\/neuchatel-oeil-de-perdrix\\\/\",\"url\":\"https:\\\/\\\/neuchatel-vins-terroir.ch\\\/en\\\/neuchatel-oeil-de-perdrix\\\/\",\"name\":\"Partridge eye - Neuch\u00e2tel vins et terroir\",\"isPartOf\":{\"@id\":\"https:\\\/\\\/neuchatel-vins-terroir.ch\\\/#website\"},\"primaryImageOfPage\":{\"@id\":\"https:\\\/\\\/neuchatel-vins-terroir.ch\\\/en\\\/neuchatel-oeil-de-perdrix\\\/#primaryimage\"},\"image\":{\"@id\":\"https:\\\/\\\/neuchatel-vins-terroir.ch\\\/en\\\/neuchatel-oeil-de-perdrix\\\/#primaryimage\"},\"thumbnailUrl\":\"https:\\\/\\\/neuchatel-vins-terroir.ch\\\/wp-content\\\/uploads\\\/2023\\\/05\\\/Banniere-site-1920-\u00d7-640-px-1920-\u00d7-120-px-2.png\",\"datePublished\":\"2023-04-21T07:51:06+00:00\",\"dateModified\":\"2026-04-30T12:33:00+00:00\",\"breadcrumb\":{\"@id\":\"https:\\\/\\\/neuchatel-vins-terroir.ch\\\/en\\\/neuchatel-oeil-de-perdrix\\\/#breadcrumb\"},\"inLanguage\":\"en-US\",\"potentialAction\":[{\"@type\":\"ReadAction\",\"target\":[\"https:\\\/\\\/neuchatel-vins-terroir.ch\\\/en\\\/neuchatel-oeil-de-perdrix\\\/\"]}]},{\"@type\":\"ImageObject\",\"inLanguage\":\"en-US\",\"@id\":\"https:\\\/\\\/neuchatel-vins-terroir.ch\\\/en\\\/neuchatel-oeil-de-perdrix\\\/#primaryimage\",\"url\":\"https:\\\/\\\/neuchatel-vins-terroir.ch\\\/wp-content\\\/uploads\\\/2023\\\/05\\\/Banniere-site-1920-\u00d7-640-px-1920-\u00d7-120-px-2.png\",\"contentUrl\":\"https:\\\/\\\/neuchatel-vins-terroir.ch\\\/wp-content\\\/uploads\\\/2023\\\/05\\\/Banniere-site-1920-\u00d7-640-px-1920-\u00d7-120-px-2.png\",\"width\":1920,\"height\":120},{\"@type\":\"BreadcrumbList\",\"@id\":\"https:\\\/\\\/neuchatel-vins-terroir.ch\\\/en\\\/neuchatel-oeil-de-perdrix\\\/#breadcrumb\",\"itemListElement\":[{\"@type\":\"ListItem\",\"position\":1,\"name\":\"Accueil\",\"item\":\"https:\\\/\\\/neuchatel-vins-terroir.ch\\\/en\\\/home\\\/\"},{\"@type\":\"ListItem\",\"position\":2,\"name\":\"Partridge eye\"}]},{\"@type\":\"WebSite\",\"@id\":\"https:\\\/\\\/neuchatel-vins-terroir.ch\\\/#website\",\"url\":\"https:\\\/\\\/neuchatel-vins-terroir.ch\\\/\",\"name\":\"Neuch\u00e2tel vins et terroir\",\"description\":\"Votre lien avec un terroir de caract\u00e8re\",\"publisher\":{\"@id\":\"https:\\\/\\\/neuchatel-vins-terroir.ch\\\/#organization\"},\"potentialAction\":[{\"@type\":\"SearchAction\",\"target\":{\"@type\":\"EntryPoint\",\"urlTemplate\":\"https:\\\/\\\/neuchatel-vins-terroir.ch\\\/?s={search_term_string}\"},\"query-input\":{\"@type\":\"PropertyValueSpecification\",\"valueRequired\":true,\"valueName\":\"search_term_string\"}}],\"inLanguage\":\"en-US\"},{\"@type\":\"Organization\",\"@id\":\"https:\\\/\\\/neuchatel-vins-terroir.ch\\\/#organization\",\"name\":\"Neuch\u00e2tel vins et terroir\",\"url\":\"https:\\\/\\\/neuchatel-vins-terroir.ch\\\/\",\"logo\":{\"@type\":\"ImageObject\",\"inLanguage\":\"en-US\",\"@id\":\"https:\\\/\\\/neuchatel-vins-terroir.ch\\\/#\\\/schema\\\/logo\\\/image\\\/\",\"url\":\"https:\\\/\\\/neuchatel-vins-terroir.ch\\\/wp-content\\\/uploads\\\/2021\\\/11\\\/logo_nvt.svg\",\"contentUrl\":\"https:\\\/\\\/neuchatel-vins-terroir.ch\\\/wp-content\\\/uploads\\\/2021\\\/11\\\/logo_nvt.svg\",\"width\":156,\"height\":82,\"caption\":\"Neuch\u00e2tel vins et terroir\"},\"image\":{\"@id\":\"https:\\\/\\\/neuchatel-vins-terroir.ch\\\/#\\\/schema\\\/logo\\\/image\\\/\"}}]}<\/script>\n<!-- \/ Yoast SEO plugin. -->","yoast_head_json":{"title":"Partridge eye - Neuch\u00e2tel vins et terroir","robots":{"index":"index","follow":"follow","max-snippet":"max-snippet:-1","max-image-preview":"max-image-preview:large","max-video-preview":"max-video-preview:-1"},"canonical":"https:\/\/neuchatel-vins-terroir.ch\/en\/neuchatel-oeil-de-perdrix\/","og_locale":"en_US","og_type":"article","og_title":"Partridge eye - Neuch\u00e2tel vins et terroir","og_description":"L&#8217;\u0152IL DE PERDRIXCELEBRATES 165 YEARS OF EXISTENCE This emblematic ros\u00e9 wine comes historically from the region, which is why Neuch\u00e2tel [&hellip;]","og_url":"https:\/\/neuchatel-vins-terroir.ch\/en\/neuchatel-oeil-de-perdrix\/","og_site_name":"Neuch\u00e2tel vins et terroir","article_modified_time":"2026-04-30T12:33:00+00:00","og_image":[{"width":1920,"height":120,"url":"https:\/\/neuchatel-vins-terroir.ch\/wp-content\/uploads\/2023\/05\/Banniere-site-1920-\u00d7-640-px-1920-\u00d7-120-px-2.png","type":"image\/png"}],"twitter_card":"summary_large_image","twitter_misc":{"Est. reading time":"1 minute"},"schema":{"@context":"https:\/\/schema.org","@graph":[{"@type":"WebPage","@id":"https:\/\/neuchatel-vins-terroir.ch\/en\/neuchatel-oeil-de-perdrix\/","url":"https:\/\/neuchatel-vins-terroir.ch\/en\/neuchatel-oeil-de-perdrix\/","name":"Partridge eye - Neuch\u00e2tel vins et terroir","isPartOf":{"@id":"https:\/\/neuchatel-vins-terroir.ch\/#website"},"primaryImageOfPage":{"@id":"https:\/\/neuchatel-vins-terroir.ch\/en\/neuchatel-oeil-de-perdrix\/#primaryimage"},"image":{"@id":"https:\/\/neuchatel-vins-terroir.ch\/en\/neuchatel-oeil-de-perdrix\/#primaryimage"},"thumbnailUrl":"https:\/\/neuchatel-vins-terroir.ch\/wp-content\/uploads\/2023\/05\/Banniere-site-1920-\u00d7-640-px-1920-\u00d7-120-px-2.png","datePublished":"2023-04-21T07:51:06+00:00","dateModified":"2026-04-30T12:33:00+00:00","breadcrumb":{"@id":"https:\/\/neuchatel-vins-terroir.ch\/en\/neuchatel-oeil-de-perdrix\/#breadcrumb"},"inLanguage":"en-US","potentialAction":[{"@type":"ReadAction","target":["https:\/\/neuchatel-vins-terroir.ch\/en\/neuchatel-oeil-de-perdrix\/"]}]},{"@type":"ImageObject","inLanguage":"en-US","@id":"https:\/\/neuchatel-vins-terroir.ch\/en\/neuchatel-oeil-de-perdrix\/#primaryimage","url":"https:\/\/neuchatel-vins-terroir.ch\/wp-content\/uploads\/2023\/05\/Banniere-site-1920-\u00d7-640-px-1920-\u00d7-120-px-2.png","contentUrl":"https:\/\/neuchatel-vins-terroir.ch\/wp-content\/uploads\/2023\/05\/Banniere-site-1920-\u00d7-640-px-1920-\u00d7-120-px-2.png","width":1920,"height":120},{"@type":"BreadcrumbList","@id":"https:\/\/neuchatel-vins-terroir.ch\/en\/neuchatel-oeil-de-perdrix\/#breadcrumb","itemListElement":[{"@type":"ListItem","position":1,"name":"Accueil","item":"https:\/\/neuchatel-vins-terroir.ch\/en\/home\/"},{"@type":"ListItem","position":2,"name":"Partridge eye"}]},{"@type":"WebSite","@id":"https:\/\/neuchatel-vins-terroir.ch\/#website","url":"https:\/\/neuchatel-vins-terroir.ch\/","name":"Neuch\u00e2tel vins et terroir","description":"Votre lien avec un terroir de caract\u00e8re","publisher":{"@id":"https:\/\/neuchatel-vins-terroir.ch\/#organization"},"potentialAction":[{"@type":"SearchAction","target":{"@type":"EntryPoint","urlTemplate":"https:\/\/neuchatel-vins-terroir.ch\/?s={search_term_string}"},"query-input":{"@type":"PropertyValueSpecification","valueRequired":true,"valueName":"search_term_string"}}],"inLanguage":"en-US"},{"@type":"Organization","@id":"https:\/\/neuchatel-vins-terroir.ch\/#organization","name":"Neuch\u00e2tel vins et terroir","url":"https:\/\/neuchatel-vins-terroir.ch\/","logo":{"@type":"ImageObject","inLanguage":"en-US","@id":"https:\/\/neuchatel-vins-terroir.ch\/#\/schema\/logo\/image\/","url":"https:\/\/neuchatel-vins-terroir.ch\/wp-content\/uploads\/2021\/11\/logo_nvt.svg","contentUrl":"https:\/\/neuchatel-vins-terroir.ch\/wp-content\/uploads\/2021\/11\/logo_nvt.svg","width":156,"height":82,"caption":"Neuch\u00e2tel vins et terroir"},"image":{"@id":"https:\/\/neuchatel-vins-terroir.ch\/#\/schema\/logo\/image\/"}}]}},"taxonomy_info":[],"featured_image_src_large":["https:\/\/neuchatel-vins-terroir.ch\/wp-content\/uploads\/2023\/05\/Banniere-site-1920-\u00d7-640-px-1920-\u00d7-120-px-2-1024x64.png",1024,64,true],"author_info":{"display_name":"Neuchatel Vins et Terroir NVT","author_link":"https:\/\/neuchatel-vins-terroir.ch\/en\/author\/nvt\/"},"comment_info":0,"publishpress_future_workflow_manual_trigger":{"enabledWorkflows":[]},"_links":{"self":[{"href":"https:\/\/neuchatel-vins-terroir.ch\/en\/wp-json\/wp\/v2\/pages\/33920","targetHints":{"allow":["GET"]}}],"collection":[{"href":"https:\/\/neuchatel-vins-terroir.ch\/en\/wp-json\/wp\/v2\/pages"}],"about":[{"href":"https:\/\/neuchatel-vins-terroir.ch\/en\/wp-json\/wp\/v2\/types\/page"}],"author":[{"embeddable":true,"href":"https:\/\/neuchatel-vins-terroir.ch\/en\/wp-json\/wp\/v2\/users\/25"}],"replies":[{"embeddable":true,"href":"https:\/\/neuchatel-vins-terroir.ch\/en\/wp-json\/wp\/v2\/comments?post=33920"}],"version-history":[{"count":8,"href":"https:\/\/neuchatel-vins-terroir.ch\/en\/wp-json\/wp\/v2\/pages\/33920\/revisions"}],"predecessor-version":[{"id":48009,"href":"https:\/\/neuchatel-vins-terroir.ch\/en\/wp-json\/wp\/v2\/pages\/33920\/revisions\/48009"}],"wp:featuredmedia":[{"embeddable":true,"href":"https:\/\/neuchatel-vins-terroir.ch\/en\/wp-json\/wp\/v2\/media\/34254"}],"wp:attachment":[{"href":"https:\/\/neuchatel-vins-terroir.ch\/en\/wp-json\/wp\/v2\/media?parent=33920"}],"curies":[{"name":"wp","href":"https:\/\/api.w.org\/{rel}","templated":true}]}}