{"id":33988,"date":"2023-04-24T06:12:22","date_gmt":"2023-04-24T06:12:22","guid":{"rendered":"https:\/\/neuchatel-vins-terroir.ch\/neuchatel-pinot-noir\/"},"modified":"2023-04-24T06:12:23","modified_gmt":"2023-04-24T06:12:23","slug":"neuchatel-pinot-noir","status":"publish","type":"page","link":"https:\/\/neuchatel-vins-terroir.ch\/en\/neuchatel-pinot-noir\/","title":{"rendered":"Neuchatel Pinot Noir"},"content":{"rendered":"\n<p><\/p>\n\n<div style=\"height:100px\" aria-hidden=\"true\" id=\"pinot-noir\" class=\"wp-block-spacer\"><\/div>\n\n<div class=\"wp-block-columns are-vertically-aligned-center is-layout-flex wp-container-core-columns-is-layout-28f84493 wp-block-columns-is-layout-flex\">\n<div class=\"wp-block-column is-vertically-aligned-center is-layout-flow wp-block-column-is-layout-flow\">\n<h2 class=\"wp-block-heading\">Neuchatel Pinot Noir, a must<\/h2>\n\n\n\n<p>Pinot Noir has been established in the Neuch\u00e2tel region for over a thousand years and is native to this region and to the north-eastern part of France, between Burgundy and Alsace. In the nineteenth and twentieth centuries, it was also exported to the vineyards of the United States and Australia.<\/p>\n\n\n\n<p>With its stony and chalky soils, the Neuch\u00e2tel region offers this noble grape variety an ideal location. It currently covers 304 hectares, i.e. a little more than half of the Neuchatel vineyard.<\/p>\n\n\n\n<p>In the canton of Neuch\u00e2tel, the winemakers ensure the high quality of their Pinot Noir by carefully controlling the yields. The regulations of the Appellations d&#8217;Origines Contr\u00f4l\u00e9es of Neuch\u00e2tel authorise the production of a maximum of 800 grams of Pinot Noir per m2, the lowest yield in switzerland.<\/p>\n\n\n\n<p>The numerous medals won by Pinot Noir de Neuch\u00e2tel in national and international competitions testify to their excellent quality. This year, several of these wines have won awards in Robert Parker&#8217;s The Wine Advocat, as well as at the Grand Prix du Vin Suisse and The Mondial des Pinots.<\/p>\n<\/div>\n\n\n\n<div class=\"wp-block-column is-vertically-aligned-center is-layout-flow wp-block-column-is-layout-flow\" style=\"flex-basis:20%\"><\/div>\n\n\n\n<div class=\"wp-block-column is-vertically-aligned-center is-layout-flow wp-block-column-is-layout-flow\" style=\"flex-basis:40%\">\n<div class=\"wp-block-cover is-light\" style=\"min-height:567px;aspect-ratio:unset;\"><span aria-hidden=\"true\" class=\"wp-block-cover__background has-background-dim-0 has-background-dim\"><\/span><img loading=\"lazy\" decoding=\"async\" width=\"800\" height=\"600\" class=\"wp-block-cover__image-background wp-image-122\" alt=\"\" src=\"https:\/\/neuchatelvinsterroir.ch\/wp-content\/uploads\/2021\/11\/583.jpg\" data-object-fit=\"cover\" srcset=\"https:\/\/neuchatel-vins-terroir.ch\/wp-content\/uploads\/2021\/11\/583.jpg 800w, https:\/\/neuchatel-vins-terroir.ch\/wp-content\/uploads\/2021\/11\/583-600x450.jpg 600w, https:\/\/neuchatel-vins-terroir.ch\/wp-content\/uploads\/2021\/11\/583-300x225.jpg 300w, https:\/\/neuchatel-vins-terroir.ch\/wp-content\/uploads\/2021\/11\/583-768x576.jpg 768w\" sizes=\"auto, (max-width: 800px) 100vw, 800px\" \/><div class=\"wp-block-cover__inner-container is-layout-flow wp-block-cover-is-layout-flow\">\n<p class=\"has-text-align-center has-large-font-size\"><\/p>\n<\/div><\/div>\n<\/div>\n<\/div>\n\n<div class=\"wp-block-columns are-vertically-aligned-center is-layout-flex wp-container-core-columns-is-layout-28f84493 wp-block-columns-is-layout-flex\">\n<div class=\"wp-block-column is-vertically-aligned-center is-layout-flow wp-block-column-is-layout-flow\" style=\"flex-basis:40%\">\n<div class=\"wp-block-cover is-light\" style=\"min-height:567px;aspect-ratio:unset;\"><span aria-hidden=\"true\" class=\"wp-block-cover__background has-background-dim-0 has-background-dim\"><\/span><img loading=\"lazy\" decoding=\"async\" width=\"800\" height=\"600\" class=\"wp-block-cover__image-background wp-image-123\" alt=\"\" src=\"https:\/\/neuchatelvinsterroir.ch\/wp-content\/uploads\/2021\/11\/582.jpg\" style=\"object-position:65% 52%\" data-object-fit=\"cover\" data-object-position=\"65% 52%\" srcset=\"https:\/\/neuchatel-vins-terroir.ch\/wp-content\/uploads\/2021\/11\/582.jpg 800w, https:\/\/neuchatel-vins-terroir.ch\/wp-content\/uploads\/2021\/11\/582-600x450.jpg 600w, https:\/\/neuchatel-vins-terroir.ch\/wp-content\/uploads\/2021\/11\/582-300x225.jpg 300w, https:\/\/neuchatel-vins-terroir.ch\/wp-content\/uploads\/2021\/11\/582-768x576.jpg 768w\" sizes=\"auto, (max-width: 800px) 100vw, 800px\" \/><div class=\"wp-block-cover__inner-container is-layout-flow wp-block-cover-is-layout-flow\">\n<p class=\"has-text-align-center has-large-font-size\"><\/p>\n<\/div><\/div>\n<\/div>\n\n\n\n<div class=\"wp-block-column is-vertically-aligned-center is-layout-flow wp-block-column-is-layout-flow\" style=\"flex-basis:20%\"><\/div>\n\n\n\n<div class=\"wp-block-column is-vertically-aligned-center is-layout-flow wp-block-column-is-layout-flow\">\n<h2 class=\"wp-block-heading\">An intense and complex wine<\/h2>\n\n\n\n<p>The Neuch\u00e2tel Pinot Noir is a classy, full and generous wine, capable of aging for several years. For nearly three decades, more and more winemakers have been selecting their most intense and complex vintages to be aged in oak barrels, giving them subtle vanilla nuances and prolonged aging potential.<\/p>\n\n\n\n<p>Pinot Noir is the perfect partner for local Neuch\u00e2tel specialities such as IGP Neuch\u00e2tel sausage or farmhouse tomme, as well as white or red meat, whether prepared in the traditional or more modern way.<\/p>\n\n\n\n<p>The Neuch\u00e2tel Pinot Noir is proudly represented by the various winegrowers of the canton, who are happy to let you taste this typical and authentic wine. To discover or rediscover this speciality, go directly to the producers of Neuch\u00e2tel or during your gourmet and bachic escapades, to restaurants, wine bars and oenotheques.<\/p>\n<\/div>\n<\/div>\n\n<div style=\"height:100px\" aria-hidden=\"true\" class=\"wp-block-spacer\"><\/div>\n","protected":false},"excerpt":{"rendered":"<p>Neuchatel Pinot Noir, a must Pinot Noir has been established in the Neuch\u00e2tel region for over a thousand years and [&hellip;]<\/p>\n","protected":false},"author":25,"featured_media":0,"parent":0,"menu_order":34,"comment_status":"closed","ping_status":"closed","template":"","meta":{"_acf_changed":false,"_kad_blocks_custom_css":"","_kad_blocks_head_custom_js":"","_kad_blocks_body_custom_js":"","_kad_blocks_footer_custom_js":"","footnotes":""},"class_list":["post-33988","page","type-page","status-publish","hentry"],"acf":[],"yoast_head":"<!-- This site is optimized with the Yoast SEO plugin v27.5 - https:\/\/yoast.com\/product\/yoast-seo-wordpress\/ -->\n<title>Neuchatel Pinot Noir - Neuch\u00e2tel vins et terroir<\/title>\n<meta name=\"robots\" content=\"index, follow, max-snippet:-1, max-image-preview:large, max-video-preview:-1\" \/>\n<link rel=\"canonical\" href=\"https:\/\/neuchatel-vins-terroir.ch\/en\/neuchatel-pinot-noir\/\" \/>\n<meta property=\"og:locale\" content=\"en_US\" \/>\n<meta property=\"og:type\" content=\"article\" \/>\n<meta property=\"og:title\" content=\"Neuchatel Pinot Noir - Neuch\u00e2tel vins et terroir\" \/>\n<meta property=\"og:description\" content=\"Neuchatel Pinot Noir, a must Pinot Noir has been established in the Neuch\u00e2tel region for over a thousand years and [&hellip;]\" \/>\n<meta property=\"og:url\" content=\"https:\/\/neuchatel-vins-terroir.ch\/en\/neuchatel-pinot-noir\/\" \/>\n<meta property=\"og:site_name\" content=\"Neuch\u00e2tel vins et terroir\" \/>\n<meta property=\"article:modified_time\" content=\"2023-04-24T06:12:23+00:00\" \/>\n<meta property=\"og:image\" content=\"https:\/\/neuchatel-vins-terroir.ch\/wp-content\/uploads\/2021\/11\/583.jpg\" \/>\n\t<meta property=\"og:image:width\" content=\"800\" \/>\n\t<meta property=\"og:image:height\" content=\"600\" \/>\n\t<meta property=\"og:image:type\" content=\"image\/jpeg\" \/>\n<meta name=\"twitter:card\" content=\"summary_large_image\" \/>\n<meta name=\"twitter:label1\" content=\"Est. reading time\" \/>\n\t<meta name=\"twitter:data1\" content=\"2 minutes\" \/>\n<script type=\"application\/ld+json\" class=\"yoast-schema-graph\">{\"@context\":\"https:\\\/\\\/schema.org\",\"@graph\":[{\"@type\":\"WebPage\",\"@id\":\"https:\\\/\\\/neuchatel-vins-terroir.ch\\\/en\\\/neuchatel-pinot-noir\\\/\",\"url\":\"https:\\\/\\\/neuchatel-vins-terroir.ch\\\/en\\\/neuchatel-pinot-noir\\\/\",\"name\":\"Neuchatel Pinot Noir - Neuch\u00e2tel vins et terroir\",\"isPartOf\":{\"@id\":\"https:\\\/\\\/neuchatel-vins-terroir.ch\\\/#website\"},\"primaryImageOfPage\":{\"@id\":\"https:\\\/\\\/neuchatel-vins-terroir.ch\\\/en\\\/neuchatel-pinot-noir\\\/#primaryimage\"},\"image\":{\"@id\":\"https:\\\/\\\/neuchatel-vins-terroir.ch\\\/en\\\/neuchatel-pinot-noir\\\/#primaryimage\"},\"thumbnailUrl\":\"https:\\\/\\\/neuchatelvinsterroir.ch\\\/wp-content\\\/uploads\\\/2021\\\/11\\\/583.jpg\",\"datePublished\":\"2023-04-24T06:12:22+00:00\",\"dateModified\":\"2023-04-24T06:12:23+00:00\",\"breadcrumb\":{\"@id\":\"https:\\\/\\\/neuchatel-vins-terroir.ch\\\/en\\\/neuchatel-pinot-noir\\\/#breadcrumb\"},\"inLanguage\":\"en-US\",\"potentialAction\":[{\"@type\":\"ReadAction\",\"target\":[\"https:\\\/\\\/neuchatel-vins-terroir.ch\\\/en\\\/neuchatel-pinot-noir\\\/\"]}]},{\"@type\":\"ImageObject\",\"inLanguage\":\"en-US\",\"@id\":\"https:\\\/\\\/neuchatel-vins-terroir.ch\\\/en\\\/neuchatel-pinot-noir\\\/#primaryimage\",\"url\":\"https:\\\/\\\/neuchatelvinsterroir.ch\\\/wp-content\\\/uploads\\\/2021\\\/11\\\/583.jpg\",\"contentUrl\":\"https:\\\/\\\/neuchatelvinsterroir.ch\\\/wp-content\\\/uploads\\\/2021\\\/11\\\/583.jpg\"},{\"@type\":\"BreadcrumbList\",\"@id\":\"https:\\\/\\\/neuchatel-vins-terroir.ch\\\/en\\\/neuchatel-pinot-noir\\\/#breadcrumb\",\"itemListElement\":[{\"@type\":\"ListItem\",\"position\":1,\"name\":\"Accueil\",\"item\":\"https:\\\/\\\/neuchatel-vins-terroir.ch\\\/en\\\/home\\\/\"},{\"@type\":\"ListItem\",\"position\":2,\"name\":\"Neuchatel Pinot Noir\"}]},{\"@type\":\"WebSite\",\"@id\":\"https:\\\/\\\/neuchatel-vins-terroir.ch\\\/#website\",\"url\":\"https:\\\/\\\/neuchatel-vins-terroir.ch\\\/\",\"name\":\"Neuch\u00e2tel vins et terroir\",\"description\":\"Votre lien avec un terroir de caract\u00e8re\",\"publisher\":{\"@id\":\"https:\\\/\\\/neuchatel-vins-terroir.ch\\\/#organization\"},\"potentialAction\":[{\"@type\":\"SearchAction\",\"target\":{\"@type\":\"EntryPoint\",\"urlTemplate\":\"https:\\\/\\\/neuchatel-vins-terroir.ch\\\/?s={search_term_string}\"},\"query-input\":{\"@type\":\"PropertyValueSpecification\",\"valueRequired\":true,\"valueName\":\"search_term_string\"}}],\"inLanguage\":\"en-US\"},{\"@type\":\"Organization\",\"@id\":\"https:\\\/\\\/neuchatel-vins-terroir.ch\\\/#organization\",\"name\":\"Neuch\u00e2tel vins et terroir\",\"url\":\"https:\\\/\\\/neuchatel-vins-terroir.ch\\\/\",\"logo\":{\"@type\":\"ImageObject\",\"inLanguage\":\"en-US\",\"@id\":\"https:\\\/\\\/neuchatel-vins-terroir.ch\\\/#\\\/schema\\\/logo\\\/image\\\/\",\"url\":\"https:\\\/\\\/neuchatel-vins-terroir.ch\\\/wp-content\\\/uploads\\\/2021\\\/11\\\/logo_nvt.svg\",\"contentUrl\":\"https:\\\/\\\/neuchatel-vins-terroir.ch\\\/wp-content\\\/uploads\\\/2021\\\/11\\\/logo_nvt.svg\",\"width\":156,\"height\":82,\"caption\":\"Neuch\u00e2tel vins et terroir\"},\"image\":{\"@id\":\"https:\\\/\\\/neuchatel-vins-terroir.ch\\\/#\\\/schema\\\/logo\\\/image\\\/\"}}]}<\/script>\n<!-- \/ Yoast SEO plugin. -->","yoast_head_json":{"title":"Neuchatel Pinot Noir - Neuch\u00e2tel vins et terroir","robots":{"index":"index","follow":"follow","max-snippet":"max-snippet:-1","max-image-preview":"max-image-preview:large","max-video-preview":"max-video-preview:-1"},"canonical":"https:\/\/neuchatel-vins-terroir.ch\/en\/neuchatel-pinot-noir\/","og_locale":"en_US","og_type":"article","og_title":"Neuchatel Pinot Noir - Neuch\u00e2tel vins et terroir","og_description":"Neuchatel Pinot Noir, a must Pinot Noir has been established in the Neuch\u00e2tel region for over a thousand years and [&hellip;]","og_url":"https:\/\/neuchatel-vins-terroir.ch\/en\/neuchatel-pinot-noir\/","og_site_name":"Neuch\u00e2tel vins et terroir","article_modified_time":"2023-04-24T06:12:23+00:00","og_image":[{"width":800,"height":600,"url":"https:\/\/neuchatel-vins-terroir.ch\/wp-content\/uploads\/2021\/11\/583.jpg","type":"image\/jpeg"}],"twitter_card":"summary_large_image","twitter_misc":{"Est. reading time":"2 minutes"},"schema":{"@context":"https:\/\/schema.org","@graph":[{"@type":"WebPage","@id":"https:\/\/neuchatel-vins-terroir.ch\/en\/neuchatel-pinot-noir\/","url":"https:\/\/neuchatel-vins-terroir.ch\/en\/neuchatel-pinot-noir\/","name":"Neuchatel Pinot Noir - Neuch\u00e2tel vins et terroir","isPartOf":{"@id":"https:\/\/neuchatel-vins-terroir.ch\/#website"},"primaryImageOfPage":{"@id":"https:\/\/neuchatel-vins-terroir.ch\/en\/neuchatel-pinot-noir\/#primaryimage"},"image":{"@id":"https:\/\/neuchatel-vins-terroir.ch\/en\/neuchatel-pinot-noir\/#primaryimage"},"thumbnailUrl":"https:\/\/neuchatelvinsterroir.ch\/wp-content\/uploads\/2021\/11\/583.jpg","datePublished":"2023-04-24T06:12:22+00:00","dateModified":"2023-04-24T06:12:23+00:00","breadcrumb":{"@id":"https:\/\/neuchatel-vins-terroir.ch\/en\/neuchatel-pinot-noir\/#breadcrumb"},"inLanguage":"en-US","potentialAction":[{"@type":"ReadAction","target":["https:\/\/neuchatel-vins-terroir.ch\/en\/neuchatel-pinot-noir\/"]}]},{"@type":"ImageObject","inLanguage":"en-US","@id":"https:\/\/neuchatel-vins-terroir.ch\/en\/neuchatel-pinot-noir\/#primaryimage","url":"https:\/\/neuchatelvinsterroir.ch\/wp-content\/uploads\/2021\/11\/583.jpg","contentUrl":"https:\/\/neuchatelvinsterroir.ch\/wp-content\/uploads\/2021\/11\/583.jpg"},{"@type":"BreadcrumbList","@id":"https:\/\/neuchatel-vins-terroir.ch\/en\/neuchatel-pinot-noir\/#breadcrumb","itemListElement":[{"@type":"ListItem","position":1,"name":"Accueil","item":"https:\/\/neuchatel-vins-terroir.ch\/en\/home\/"},{"@type":"ListItem","position":2,"name":"Neuchatel Pinot Noir"}]},{"@type":"WebSite","@id":"https:\/\/neuchatel-vins-terroir.ch\/#website","url":"https:\/\/neuchatel-vins-terroir.ch\/","name":"Neuch\u00e2tel vins et terroir","description":"Votre lien avec un terroir de caract\u00e8re","publisher":{"@id":"https:\/\/neuchatel-vins-terroir.ch\/#organization"},"potentialAction":[{"@type":"SearchAction","target":{"@type":"EntryPoint","urlTemplate":"https:\/\/neuchatel-vins-terroir.ch\/?s={search_term_string}"},"query-input":{"@type":"PropertyValueSpecification","valueRequired":true,"valueName":"search_term_string"}}],"inLanguage":"en-US"},{"@type":"Organization","@id":"https:\/\/neuchatel-vins-terroir.ch\/#organization","name":"Neuch\u00e2tel vins et terroir","url":"https:\/\/neuchatel-vins-terroir.ch\/","logo":{"@type":"ImageObject","inLanguage":"en-US","@id":"https:\/\/neuchatel-vins-terroir.ch\/#\/schema\/logo\/image\/","url":"https:\/\/neuchatel-vins-terroir.ch\/wp-content\/uploads\/2021\/11\/logo_nvt.svg","contentUrl":"https:\/\/neuchatel-vins-terroir.ch\/wp-content\/uploads\/2021\/11\/logo_nvt.svg","width":156,"height":82,"caption":"Neuch\u00e2tel vins et terroir"},"image":{"@id":"https:\/\/neuchatel-vins-terroir.ch\/#\/schema\/logo\/image\/"}}]}},"taxonomy_info":[],"featured_image_src_large":false,"author_info":{"display_name":"Neuchatel Vins et Terroir NVT","author_link":"https:\/\/neuchatel-vins-terroir.ch\/en\/author\/nvt\/"},"comment_info":0,"publishpress_future_workflow_manual_trigger":{"enabledWorkflows":[]},"_links":{"self":[{"href":"https:\/\/neuchatel-vins-terroir.ch\/en\/wp-json\/wp\/v2\/pages\/33988","targetHints":{"allow":["GET"]}}],"collection":[{"href":"https:\/\/neuchatel-vins-terroir.ch\/en\/wp-json\/wp\/v2\/pages"}],"about":[{"href":"https:\/\/neuchatel-vins-terroir.ch\/en\/wp-json\/wp\/v2\/types\/page"}],"author":[{"embeddable":true,"href":"https:\/\/neuchatel-vins-terroir.ch\/en\/wp-json\/wp\/v2\/users\/25"}],"replies":[{"embeddable":true,"href":"https:\/\/neuchatel-vins-terroir.ch\/en\/wp-json\/wp\/v2\/comments?post=33988"}],"version-history":[{"count":1,"href":"https:\/\/neuchatel-vins-terroir.ch\/en\/wp-json\/wp\/v2\/pages\/33988\/revisions"}],"predecessor-version":[{"id":33989,"href":"https:\/\/neuchatel-vins-terroir.ch\/en\/wp-json\/wp\/v2\/pages\/33988\/revisions\/33989"}],"wp:attachment":[{"href":"https:\/\/neuchatel-vins-terroir.ch\/en\/wp-json\/wp\/v2\/media?parent=33988"}],"curies":[{"name":"wp","href":"https:\/\/api.w.org\/{rel}","templated":true}]}}