{"id":36030,"date":"2023-11-17T10:24:00","date_gmt":"2023-11-17T10:24:00","guid":{"rendered":"https:\/\/neuchatel-vins-terroir.ch\/wines\/"},"modified":"2024-05-08T09:00:01","modified_gmt":"2024-05-08T09:00:01","slug":"wines","status":"publish","type":"page","link":"https:\/\/neuchatel-vins-terroir.ch\/en\/wines\/","title":{"rendered":"Wines"},"content":{"rendered":"\n<div style=\"height:42px\" aria-hidden=\"true\" id=\"non-filtrer\" class=\"wp-block-spacer\"><\/div>\n\n\n\n<p class=\"has-text-align-center\">In its quest for authenticity and quality, the vineyards of Neuch\u00e2tel concentrate on grape varieties with character. Currently, 12 grape varieties bear the Neuch\u00e2tel appellation d&#8217;origine contr\u00f4l\u00e9e. Three wines reflect the character traits of the people of Neuch\u00e2tel: the Non Filtr\u00e9 for its liveliness, the \u0152il de Perdrix for its freshness and the Pinot Noir for its authenticity. <\/p>\n\n\n\n<p class=\"has-text-align-center\">Despite its small surface area, the vineyards of Neuch\u00e2tel have made a name for themselves at various Swiss and international competitions. In Neuch\u00e2tel, each year the cantonal wine selection showcases the day-to-day work of the winegrowers and elects the Neuch\u00e2tel wine ambassador for the year.<br><a href=\"https:\/\/neuchatel-vins-terroir.ch\/resultats-selection-cantonale\/\">Discover the award-winning wines <\/a><\/p>\n\n\n\n<div style=\"height:42px\" aria-hidden=\"true\" id=\"non-filtrer\" class=\"wp-block-spacer\"><\/div>\n\n\n\n<div class=\"wp-block-group has-lighter-background-color has-background is-layout-flow wp-block-group-is-layout-flow\">\n<div class=\"wp-block-columns is-layout-flex wp-container-core-columns-is-layout-28f84493 wp-block-columns-is-layout-flex\">\n<div class=\"wp-block-column is-layout-flow wp-block-column-is-layout-flow\">\n<h2 class=\"wp-block-heading\">Neuch\u00e2tel<br>Non Filtr\u00e9<\/h2>\n\n\n\n<h3 class=\"wp-block-heading\">The first wine of the year<\/h3>\n\n\n\n<figure class=\"wp-block-image aligncenter size-large\"><a href=\"https:\/\/neuchatel-vins-terroir.ch\/en\/neuchatel-%c7%9d%cc%97%ea%93%a4%ea%93%95%ea%93%b6i%e1%96%b5-non-2022\/\"><img loading=\"lazy\" decoding=\"async\" width=\"640\" height=\"1024\" src=\"https:\/\/neuchatel-vins-terroir.ch\/wp-content\/uploads\/2023\/10\/A3_NF_2023.pdf-640x1024.jpg\" alt=\"neuchatel wine non filtr\u00e9\" class=\"wp-image-35530\" srcset=\"https:\/\/neuchatel-vins-terroir.ch\/wp-content\/uploads\/2023\/10\/A3_NF_2023.pdf-640x1024.jpg 640w, https:\/\/neuchatel-vins-terroir.ch\/wp-content\/uploads\/2023\/10\/A3_NF_2023.pdf-187x300.jpg 187w, https:\/\/neuchatel-vins-terroir.ch\/wp-content\/uploads\/2023\/10\/A3_NF_2023.pdf-768x1230.jpg 768w, https:\/\/neuchatel-vins-terroir.ch\/wp-content\/uploads\/2023\/10\/A3_NF_2023.pdf-959x1536.jpg 959w, https:\/\/neuchatel-vins-terroir.ch\/wp-content\/uploads\/2023\/10\/A3_NF_2023.pdf-600x961.jpg 600w, https:\/\/neuchatel-vins-terroir.ch\/wp-content\/uploads\/2023\/10\/A3_NF_2023.pdf.jpg 1279w\" sizes=\"auto, (max-width: 640px) 100vw, 640px\" \/><\/a><\/figure>\n\n\n\n<p>For the amateur, as well as for the specialist, the Neuch\u00e2tel Non Filtr\u00e9 is characterised first of all by its freshness and silky roundness, as an embassador of spring.<\/p>\n\n\n\n<div class=\"wp-block-buttons is-content-justification-center is-layout-flex wp-container-core-buttons-is-layout-a89b3969 wp-block-buttons-is-layout-flex\">\n<div class=\"wp-block-button\"><a class=\"wp-block-button__link wp-element-button\" href=\"https:\/\/neuchatel-vins-terroir.ch\/en\/neuchatel-%c7%9d%cc%97%ea%93%a4%ea%93%95%ea%93%b6i%e1%96%b5-non-2022\/\">Find out more<\/a><\/div>\n<\/div>\n<\/div>\n\n\n\n<div class=\"wp-block-column is-layout-flow wp-block-column-is-layout-flow\">\n<h2 class=\"wp-block-heading\">Neuch\u00e2tel<br>\u0152il de Perdrix<\/h2>\n\n\n\n<h3 class=\"wp-block-heading\">The iconic and the original<\/h3>\n\n\n\n<figure class=\"wp-block-image size-large\"><a href=\"https:\/\/neuchatel-vins-terroir.ch\/en\/neuchatel-oeil-de-perdrix\/\"><img loading=\"lazy\" decoding=\"async\" width=\"1599\" height=\"2560\" src=\"https:\/\/neuchatel-vins-terroir.ch\/wp-content\/uploads\/2022\/10\/Vins_Page_4-edited-1.jpg\" alt=\"neuchatel wine oeil de perdrix\" class=\"wp-image-31576\" srcset=\"https:\/\/neuchatel-vins-terroir.ch\/wp-content\/uploads\/2022\/10\/Vins_Page_4-edited-1.jpg 1599w, https:\/\/neuchatel-vins-terroir.ch\/wp-content\/uploads\/2022\/10\/Vins_Page_4-edited-1-187x300.jpg 187w, https:\/\/neuchatel-vins-terroir.ch\/wp-content\/uploads\/2022\/10\/Vins_Page_4-edited-1-640x1024.jpg 640w, https:\/\/neuchatel-vins-terroir.ch\/wp-content\/uploads\/2022\/10\/Vins_Page_4-edited-1-768x1230.jpg 768w, https:\/\/neuchatel-vins-terroir.ch\/wp-content\/uploads\/2022\/10\/Vins_Page_4-edited-1-959x1536.jpg 959w, https:\/\/neuchatel-vins-terroir.ch\/wp-content\/uploads\/2022\/10\/Vins_Page_4-edited-1-1279x2048.jpg 1279w, https:\/\/neuchatel-vins-terroir.ch\/wp-content\/uploads\/2022\/10\/Vins_Page_4-edited-1-600x961.jpg 600w\" sizes=\"auto, (max-width: 1599px) 100vw, 1599px\" \/><\/a><\/figure>\n\n\n\n<p>Made from Pinot Noir the \u0152il de Perdrix evolves in Neuch\u00e2tel in its place of origin. The winegrowers are proud of their &#8220;Oeil&#8221;, whose first traces of origin date back to the 19th century.<\/p>\n\n\n\n<div class=\"wp-block-buttons is-content-justification-center is-layout-flex wp-container-core-buttons-is-layout-a89b3969 wp-block-buttons-is-layout-flex\">\n<div class=\"wp-block-button\"><a class=\"wp-block-button__link wp-element-button\" href=\"https:\/\/neuchatel-vins-terroir.ch\/en\/neuchatel-oeil-de-perdrix\/\">Find out more<\/a><\/div>\n<\/div>\n<\/div>\n\n\n\n<div class=\"wp-block-column is-layout-flow wp-block-column-is-layout-flow\">\n<h2 class=\"wp-block-heading\">Neuch\u00e2tel<br>Pinot Noir<\/h2>\n\n\n\n<h3 class=\"wp-block-heading\">The must-have<\/h3>\n\n\n\n<figure class=\"wp-block-image size-large\"><a href=\"https:\/\/neuchatel-vins-terroir.ch\/en\/neuchatel-pinot-noir\/\"><img loading=\"lazy\" decoding=\"async\" width=\"1599\" height=\"2560\" src=\"https:\/\/neuchatel-vins-terroir.ch\/wp-content\/uploads\/2022\/10\/Vins_Page_2-edited.jpg\" alt=\"neuchatel wine pinot noir\" class=\"wp-image-31582\" srcset=\"https:\/\/neuchatel-vins-terroir.ch\/wp-content\/uploads\/2022\/10\/Vins_Page_2-edited.jpg 1599w, https:\/\/neuchatel-vins-terroir.ch\/wp-content\/uploads\/2022\/10\/Vins_Page_2-edited-187x300.jpg 187w, https:\/\/neuchatel-vins-terroir.ch\/wp-content\/uploads\/2022\/10\/Vins_Page_2-edited-640x1024.jpg 640w, https:\/\/neuchatel-vins-terroir.ch\/wp-content\/uploads\/2022\/10\/Vins_Page_2-edited-768x1230.jpg 768w, https:\/\/neuchatel-vins-terroir.ch\/wp-content\/uploads\/2022\/10\/Vins_Page_2-edited-959x1536.jpg 959w, https:\/\/neuchatel-vins-terroir.ch\/wp-content\/uploads\/2022\/10\/Vins_Page_2-edited-1279x2048.jpg 1279w, https:\/\/neuchatel-vins-terroir.ch\/wp-content\/uploads\/2022\/10\/Vins_Page_2-edited-600x961.jpg 600w\" sizes=\"auto, (max-width: 1599px) 100vw, 1599px\" \/><\/a><\/figure>\n\n\n\n<p>Pinot Noir has been established in the Neuch\u00e2tel region for over a thousand years and is native to this region and to the north-eastern part of France, between Burgundy and Alsace.<\/p>\n\n\n\n<div class=\"wp-block-buttons is-content-justification-center is-layout-flex wp-container-core-buttons-is-layout-a89b3969 wp-block-buttons-is-layout-flex\">\n<div class=\"wp-block-button\"><a class=\"wp-block-button__link wp-element-button\" href=\"https:\/\/neuchatel-vins-terroir.ch\/en\/neuchatel-pinot-noir\/\">Find out more<\/a><\/div>\n<\/div>\n<\/div>\n<\/div>\n<\/div>\n\n\n\n<div style=\"height:100px\" aria-hidden=\"true\" class=\"wp-block-spacer\"><\/div>\n","protected":false},"excerpt":{"rendered":"<p>In its quest for authenticity and quality, the vineyards of Neuch\u00e2tel concentrate on grape varieties with character. Currently, 12 grape [&hellip;]<\/p>\n","protected":false},"author":9,"featured_media":0,"parent":0,"menu_order":100,"comment_status":"closed","ping_status":"closed","template":"","meta":{"_acf_changed":false,"_kad_blocks_custom_css":"","_kad_blocks_head_custom_js":"","_kad_blocks_body_custom_js":"","_kad_blocks_footer_custom_js":"","footnotes":""},"class_list":["post-36030","page","type-page","status-publish","hentry"],"acf":[],"yoast_head":"<!-- This site is optimized with the Yoast SEO plugin v27.4 - https:\/\/yoast.com\/product\/yoast-seo-wordpress\/ -->\n<title>Wines - Neuch\u00e2tel vins et terroir<\/title>\n<meta name=\"robots\" content=\"index, follow, max-snippet:-1, max-image-preview:large, max-video-preview:-1\" \/>\n<link rel=\"canonical\" href=\"https:\/\/neuchatel-vins-terroir.ch\/en\/wines\/\" \/>\n<meta property=\"og:locale\" content=\"en_US\" \/>\n<meta property=\"og:type\" content=\"article\" \/>\n<meta property=\"og:title\" content=\"Wines - Neuch\u00e2tel vins et terroir\" \/>\n<meta property=\"og:description\" content=\"In its quest for authenticity and quality, the vineyards of Neuch\u00e2tel concentrate on grape varieties with character. Currently, 12 grape [&hellip;]\" \/>\n<meta property=\"og:url\" content=\"https:\/\/neuchatel-vins-terroir.ch\/en\/wines\/\" \/>\n<meta property=\"og:site_name\" content=\"Neuch\u00e2tel vins et terroir\" \/>\n<meta property=\"article:modified_time\" content=\"2024-05-08T09:00:01+00:00\" \/>\n<meta property=\"og:image\" content=\"https:\/\/neuchatel-vins-terroir.ch\/wp-content\/uploads\/2023\/10\/A3_NF_2023.pdf.jpg\" \/>\n\t<meta property=\"og:image:width\" content=\"1279\" \/>\n\t<meta property=\"og:image:height\" content=\"2048\" \/>\n\t<meta property=\"og:image:type\" content=\"image\/jpeg\" \/>\n<meta name=\"twitter:card\" content=\"summary_large_image\" \/>\n<meta name=\"twitter:label1\" content=\"Est. reading time\" \/>\n\t<meta name=\"twitter:data1\" content=\"1 minute\" \/>\n<script type=\"application\/ld+json\" class=\"yoast-schema-graph\">{\"@context\":\"https:\\\/\\\/schema.org\",\"@graph\":[{\"@type\":\"WebPage\",\"@id\":\"https:\\\/\\\/neuchatel-vins-terroir.ch\\\/en\\\/wines\\\/\",\"url\":\"https:\\\/\\\/neuchatel-vins-terroir.ch\\\/en\\\/wines\\\/\",\"name\":\"Wines - Neuch\u00e2tel vins et terroir\",\"isPartOf\":{\"@id\":\"https:\\\/\\\/neuchatel-vins-terroir.ch\\\/#website\"},\"primaryImageOfPage\":{\"@id\":\"https:\\\/\\\/neuchatel-vins-terroir.ch\\\/en\\\/wines\\\/#primaryimage\"},\"image\":{\"@id\":\"https:\\\/\\\/neuchatel-vins-terroir.ch\\\/en\\\/wines\\\/#primaryimage\"},\"thumbnailUrl\":\"https:\\\/\\\/neuchatel-vins-terroir.ch\\\/wp-content\\\/uploads\\\/2023\\\/10\\\/A3_NF_2023.pdf-640x1024.jpg\",\"datePublished\":\"2023-11-17T10:24:00+00:00\",\"dateModified\":\"2024-05-08T09:00:01+00:00\",\"breadcrumb\":{\"@id\":\"https:\\\/\\\/neuchatel-vins-terroir.ch\\\/en\\\/wines\\\/#breadcrumb\"},\"inLanguage\":\"en-US\",\"potentialAction\":[{\"@type\":\"ReadAction\",\"target\":[\"https:\\\/\\\/neuchatel-vins-terroir.ch\\\/en\\\/wines\\\/\"]}]},{\"@type\":\"ImageObject\",\"inLanguage\":\"en-US\",\"@id\":\"https:\\\/\\\/neuchatel-vins-terroir.ch\\\/en\\\/wines\\\/#primaryimage\",\"url\":\"https:\\\/\\\/neuchatel-vins-terroir.ch\\\/wp-content\\\/uploads\\\/2023\\\/10\\\/A3_NF_2023.pdf-640x1024.jpg\",\"contentUrl\":\"https:\\\/\\\/neuchatel-vins-terroir.ch\\\/wp-content\\\/uploads\\\/2023\\\/10\\\/A3_NF_2023.pdf-640x1024.jpg\"},{\"@type\":\"BreadcrumbList\",\"@id\":\"https:\\\/\\\/neuchatel-vins-terroir.ch\\\/en\\\/wines\\\/#breadcrumb\",\"itemListElement\":[{\"@type\":\"ListItem\",\"position\":1,\"name\":\"Accueil\",\"item\":\"https:\\\/\\\/neuchatel-vins-terroir.ch\\\/en\\\/home\\\/\"},{\"@type\":\"ListItem\",\"position\":2,\"name\":\"Wines\"}]},{\"@type\":\"WebSite\",\"@id\":\"https:\\\/\\\/neuchatel-vins-terroir.ch\\\/#website\",\"url\":\"https:\\\/\\\/neuchatel-vins-terroir.ch\\\/\",\"name\":\"Neuch\u00e2tel vins et terroir\",\"description\":\"Votre lien avec un terroir de caract\u00e8re\",\"publisher\":{\"@id\":\"https:\\\/\\\/neuchatel-vins-terroir.ch\\\/#organization\"},\"potentialAction\":[{\"@type\":\"SearchAction\",\"target\":{\"@type\":\"EntryPoint\",\"urlTemplate\":\"https:\\\/\\\/neuchatel-vins-terroir.ch\\\/?s={search_term_string}\"},\"query-input\":{\"@type\":\"PropertyValueSpecification\",\"valueRequired\":true,\"valueName\":\"search_term_string\"}}],\"inLanguage\":\"en-US\"},{\"@type\":\"Organization\",\"@id\":\"https:\\\/\\\/neuchatel-vins-terroir.ch\\\/#organization\",\"name\":\"Neuch\u00e2tel vins et terroir\",\"url\":\"https:\\\/\\\/neuchatel-vins-terroir.ch\\\/\",\"logo\":{\"@type\":\"ImageObject\",\"inLanguage\":\"en-US\",\"@id\":\"https:\\\/\\\/neuchatel-vins-terroir.ch\\\/#\\\/schema\\\/logo\\\/image\\\/\",\"url\":\"https:\\\/\\\/neuchatel-vins-terroir.ch\\\/wp-content\\\/uploads\\\/2021\\\/11\\\/logo_nvt.svg\",\"contentUrl\":\"https:\\\/\\\/neuchatel-vins-terroir.ch\\\/wp-content\\\/uploads\\\/2021\\\/11\\\/logo_nvt.svg\",\"width\":156,\"height\":82,\"caption\":\"Neuch\u00e2tel vins et terroir\"},\"image\":{\"@id\":\"https:\\\/\\\/neuchatel-vins-terroir.ch\\\/#\\\/schema\\\/logo\\\/image\\\/\"}}]}<\/script>\n<!-- \/ Yoast SEO plugin. -->","yoast_head_json":{"title":"Wines - Neuch\u00e2tel vins et terroir","robots":{"index":"index","follow":"follow","max-snippet":"max-snippet:-1","max-image-preview":"max-image-preview:large","max-video-preview":"max-video-preview:-1"},"canonical":"https:\/\/neuchatel-vins-terroir.ch\/en\/wines\/","og_locale":"en_US","og_type":"article","og_title":"Wines - Neuch\u00e2tel vins et terroir","og_description":"In its quest for authenticity and quality, the vineyards of Neuch\u00e2tel concentrate on grape varieties with character. Currently, 12 grape [&hellip;]","og_url":"https:\/\/neuchatel-vins-terroir.ch\/en\/wines\/","og_site_name":"Neuch\u00e2tel vins et terroir","article_modified_time":"2024-05-08T09:00:01+00:00","og_image":[{"width":1279,"height":2048,"url":"https:\/\/neuchatel-vins-terroir.ch\/wp-content\/uploads\/2023\/10\/A3_NF_2023.pdf.jpg","type":"image\/jpeg"}],"twitter_card":"summary_large_image","twitter_misc":{"Est. reading time":"1 minute"},"schema":{"@context":"https:\/\/schema.org","@graph":[{"@type":"WebPage","@id":"https:\/\/neuchatel-vins-terroir.ch\/en\/wines\/","url":"https:\/\/neuchatel-vins-terroir.ch\/en\/wines\/","name":"Wines - Neuch\u00e2tel vins et terroir","isPartOf":{"@id":"https:\/\/neuchatel-vins-terroir.ch\/#website"},"primaryImageOfPage":{"@id":"https:\/\/neuchatel-vins-terroir.ch\/en\/wines\/#primaryimage"},"image":{"@id":"https:\/\/neuchatel-vins-terroir.ch\/en\/wines\/#primaryimage"},"thumbnailUrl":"https:\/\/neuchatel-vins-terroir.ch\/wp-content\/uploads\/2023\/10\/A3_NF_2023.pdf-640x1024.jpg","datePublished":"2023-11-17T10:24:00+00:00","dateModified":"2024-05-08T09:00:01+00:00","breadcrumb":{"@id":"https:\/\/neuchatel-vins-terroir.ch\/en\/wines\/#breadcrumb"},"inLanguage":"en-US","potentialAction":[{"@type":"ReadAction","target":["https:\/\/neuchatel-vins-terroir.ch\/en\/wines\/"]}]},{"@type":"ImageObject","inLanguage":"en-US","@id":"https:\/\/neuchatel-vins-terroir.ch\/en\/wines\/#primaryimage","url":"https:\/\/neuchatel-vins-terroir.ch\/wp-content\/uploads\/2023\/10\/A3_NF_2023.pdf-640x1024.jpg","contentUrl":"https:\/\/neuchatel-vins-terroir.ch\/wp-content\/uploads\/2023\/10\/A3_NF_2023.pdf-640x1024.jpg"},{"@type":"BreadcrumbList","@id":"https:\/\/neuchatel-vins-terroir.ch\/en\/wines\/#breadcrumb","itemListElement":[{"@type":"ListItem","position":1,"name":"Accueil","item":"https:\/\/neuchatel-vins-terroir.ch\/en\/home\/"},{"@type":"ListItem","position":2,"name":"Wines"}]},{"@type":"WebSite","@id":"https:\/\/neuchatel-vins-terroir.ch\/#website","url":"https:\/\/neuchatel-vins-terroir.ch\/","name":"Neuch\u00e2tel vins et terroir","description":"Votre lien avec un terroir de caract\u00e8re","publisher":{"@id":"https:\/\/neuchatel-vins-terroir.ch\/#organization"},"potentialAction":[{"@type":"SearchAction","target":{"@type":"EntryPoint","urlTemplate":"https:\/\/neuchatel-vins-terroir.ch\/?s={search_term_string}"},"query-input":{"@type":"PropertyValueSpecification","valueRequired":true,"valueName":"search_term_string"}}],"inLanguage":"en-US"},{"@type":"Organization","@id":"https:\/\/neuchatel-vins-terroir.ch\/#organization","name":"Neuch\u00e2tel vins et terroir","url":"https:\/\/neuchatel-vins-terroir.ch\/","logo":{"@type":"ImageObject","inLanguage":"en-US","@id":"https:\/\/neuchatel-vins-terroir.ch\/#\/schema\/logo\/image\/","url":"https:\/\/neuchatel-vins-terroir.ch\/wp-content\/uploads\/2021\/11\/logo_nvt.svg","contentUrl":"https:\/\/neuchatel-vins-terroir.ch\/wp-content\/uploads\/2021\/11\/logo_nvt.svg","width":156,"height":82,"caption":"Neuch\u00e2tel vins et terroir"},"image":{"@id":"https:\/\/neuchatel-vins-terroir.ch\/#\/schema\/logo\/image\/"}}]}},"taxonomy_info":[],"featured_image_src_large":false,"author_info":{"display_name":"dc-admin","author_link":"https:\/\/neuchatel-vins-terroir.ch\/en\/author\/tm-admin\/"},"comment_info":0,"publishpress_future_workflow_manual_trigger":{"enabledWorkflows":[]},"_links":{"self":[{"href":"https:\/\/neuchatel-vins-terroir.ch\/en\/wp-json\/wp\/v2\/pages\/36030","targetHints":{"allow":["GET"]}}],"collection":[{"href":"https:\/\/neuchatel-vins-terroir.ch\/en\/wp-json\/wp\/v2\/pages"}],"about":[{"href":"https:\/\/neuchatel-vins-terroir.ch\/en\/wp-json\/wp\/v2\/types\/page"}],"author":[{"embeddable":true,"href":"https:\/\/neuchatel-vins-terroir.ch\/en\/wp-json\/wp\/v2\/users\/9"}],"replies":[{"embeddable":true,"href":"https:\/\/neuchatel-vins-terroir.ch\/en\/wp-json\/wp\/v2\/comments?post=36030"}],"version-history":[{"count":2,"href":"https:\/\/neuchatel-vins-terroir.ch\/en\/wp-json\/wp\/v2\/pages\/36030\/revisions"}],"predecessor-version":[{"id":38429,"href":"https:\/\/neuchatel-vins-terroir.ch\/en\/wp-json\/wp\/v2\/pages\/36030\/revisions\/38429"}],"wp:attachment":[{"href":"https:\/\/neuchatel-vins-terroir.ch\/en\/wp-json\/wp\/v2\/media?parent=36030"}],"curies":[{"name":"wp","href":"https:\/\/api.w.org\/{rel}","templated":true}]}}