{"id":36317,"date":"2023-12-04T13:23:44","date_gmt":"2023-12-04T13:23:44","guid":{"rendered":"https:\/\/neuchatel-vins-terroir.ch\/the-neuchatel-vins-et-terroir-label\/"},"modified":"2024-05-14T11:37:46","modified_gmt":"2024-05-14T11:37:46","slug":"neuchatel-vins-et-terroir-label","status":"publish","type":"page","link":"https:\/\/neuchatel-vins-terroir.ch\/en\/neuchatel-vins-et-terroir-label\/","title":{"rendered":"The Neuch\u00e2tel Vins et Terroir label"},"content":{"rendered":"\n<h2 class=\"wp-block-heading\">Labelled products<\/h2>\n\n<div class=\"wp-block-columns is-layout-flex wp-container-core-columns-is-layout-28f84493 wp-block-columns-is-layout-flex\">\n<div class=\"wp-block-column is-layout-flow wp-block-column-is-layout-flow\">\n<figure class=\"wp-block-image aligncenter size-thumbnail\"><img loading=\"lazy\" decoding=\"async\" width=\"150\" height=\"150\" src=\"https:\/\/neuchatel-vins-terroir.ch\/wp-content\/uploads\/2022\/02\/NVT-Regio-150x150.png\" alt=\"label\" class=\"wp-image-26652\" srcset=\"https:\/\/neuchatel-vins-terroir.ch\/wp-content\/uploads\/2022\/02\/NVT-Regio-150x150.png 150w, https:\/\/neuchatel-vins-terroir.ch\/wp-content\/uploads\/2022\/02\/NVT-Regio-300x300.png 300w, https:\/\/neuchatel-vins-terroir.ch\/wp-content\/uploads\/2022\/02\/NVT-Regio-100x100.png 100w, https:\/\/neuchatel-vins-terroir.ch\/wp-content\/uploads\/2022\/02\/NVT-Regio-600x600.png 600w, https:\/\/neuchatel-vins-terroir.ch\/wp-content\/uploads\/2022\/02\/NVT-Regio-1024x1024.png 1024w, https:\/\/neuchatel-vins-terroir.ch\/wp-content\/uploads\/2022\/02\/NVT-Regio-768x768.png 768w, https:\/\/neuchatel-vins-terroir.ch\/wp-content\/uploads\/2022\/02\/NVT-Regio-1536x1536.png 1536w, https:\/\/neuchatel-vins-terroir.ch\/wp-content\/uploads\/2022\/02\/NVT-Regio.jpg 2000w\" sizes=\"auto, (max-width: 150px) 100vw, 150px\" \/><\/figure>\n<\/div>\n\n\n\n<div class=\"wp-block-column is-layout-flow wp-block-column-is-layout-flow\">\n<p>The &#8220;Neuch\u00e2tel Vins et Terroir&#8221; label follows the precepts of the national regio.garantie guidelines, which are the property of the Swiss Association of Regional Products (ASPR). They ensure the same standards for all regional brands in Switzerland, and apply to the marketing of products of agricultural origin.<\/p>\n<\/div>\n<\/div>\n\n<div style=\"height:46px\" aria-hidden=\"true\" class=\"wp-block-spacer\"><\/div>\n\n<h3 class=\"wp-block-heading\">\n          <strong>the promise of a certified product<\/strong>\n        <\/h3>\n\n<ul class=\"wp-block-list\"><li>Regional raw materials<\/li><li>Developed in the region<\/li><li>Traceability certified by an independent body<\/li><li>Supporting our agriculture and local economy<\/li><\/ul>\n\n<div style=\"height:46px\" aria-hidden=\"true\" class=\"wp-block-spacer\"><\/div>\n\n<h3 class=\"wp-block-heading\">\n          <strong>  The benefits of certification<\/strong>\n        <\/h3>\n\n<div class=\"wp-block-columns has-lighter-background-color has-background is-layout-flex wp-container-core-columns-is-layout-28f84493 wp-block-columns-is-layout-flex\">\n<div class=\"wp-block-column is-layout-flow wp-block-column-is-layout-flow\">\n<h4 class=\"wp-block-heading\">Strong credibility<\/h4>\n\n\n\n<ul class=\"wp-block-list\"><li>The national regio.garantie guidelines were judged by the Alliance of Consumer Organizations to be the most objective, reliable and transparent in the country.<\/li><li>Products are inspected by an independent body to guarantee compliance with specifications.<\/li><\/ul>\n\n\n\n<h4 class=\"wp-block-heading\">Distribution<\/h4>\n\n\n\n<ul class=\"wp-block-list\"><li>Internal to the association: Events organized by the association and reserved exclusively for certified producers.<\/li><li>Externally: networking with &#8220;Partenaires du Terroir&#8221; (restaurants, retail outlets).<\/li><\/ul>\n<\/div>\n\n\n\n<div class=\"wp-block-column is-layout-flow wp-block-column-is-layout-flow\">\n<figure class=\"wp-block-image aligncenter size-thumbnail\"><img loading=\"lazy\" decoding=\"async\" width=\"150\" height=\"150\" src=\"https:\/\/neuchatel-vins-terroir.ch\/wp-content\/uploads\/2021\/11\/IMG_1391-150x150.jpg\" alt=\"\" class=\"wp-image-810\" srcset=\"https:\/\/neuchatel-vins-terroir.ch\/wp-content\/uploads\/2021\/11\/IMG_1391-150x150.jpg 150w, https:\/\/neuchatel-vins-terroir.ch\/wp-content\/uploads\/2021\/11\/IMG_1391-scaled-300x300.jpg 300w, https:\/\/neuchatel-vins-terroir.ch\/wp-content\/uploads\/2021\/11\/IMG_1391-scaled-100x100.jpg 100w\" sizes=\"auto, (max-width: 150px) 100vw, 150px\" \/><\/figure>\n\n\n\n<h4 class=\"wp-block-heading\">Supporting the local economy<\/h4>\n\n\n\n<ul class=\"wp-block-list\"><li>Raw material grown or raised by local farmers.<\/li><li>Local processing.<\/li><li>Maintaining know-how and jobs in the canton.<\/li><\/ul>\n<\/div>\n\n\n\n<div class=\"wp-block-column is-layout-flow wp-block-column-is-layout-flow\">\n<h4 class=\"wp-block-heading\">Simplification for the consumer<\/h4>\n\n\n\n<ul class=\"wp-block-list\"><li>Standardized requirements for all products in the canton.<\/li><li>Increasing awareness of the label, supported by communication measures.<\/li><\/ul>\n\n\n\n<h4 class=\"wp-block-heading\">Communaut\u00e9 Neuch\u00e2tel Vins et Terroir<\/h4>\n\n\n\n<ul class=\"wp-block-list\"><li>Administrative support during the certification process.<\/li><li>Networking, communication support, promotional measures.<\/li><\/ul>\n<\/div>\n<\/div>\n\n<div style=\"height:15px\" aria-hidden=\"true\" class=\"wp-block-spacer\"><\/div>\n\n<h3 class=\"wp-block-heading\">What types of products does the label apply to?<\/h3>\n\n<ul class=\"wp-block-list\"><li>Vegetables (potatoes, onions, tomatoes, squash, beans, cabbage, etc.)<\/li><li>Fruit (apple, pear, strawberry, raspberry, etc.)<\/li><li>Bakery products (Taillaule, bread, meringue, flour, etc.)<\/li><li>Meat products (beef, pork, poultry, charcuterie, etc.)<\/li><li>Dairy products (milk, cheese, yoghurt, butter, etc.)<\/li><li>Beverages (apple juice, grape juice, syrup, brandy, etc.)<\/li><li>Aromatic herbs (basil, mint, wild thyme, etc.)<\/li><li>Other products (honey, eggs, lentils, etc.)<\/li><\/ul>\n\n<div style=\"height:15px\" aria-hidden=\"true\" class=\"wp-block-spacer\"><\/div>\n\n<div class=\"wp-block-file\"><a id=\"wp-block-file--media-14f4f4be-c08d-408b-8593-1a4e1e112e2d\" href=\"https:\/\/neuchatel-vins-terroir.ch\/wp-content\/uploads\/2022\/02\/0.-Reglement-de-la-marque_2022.pdf\">Labeling rules<\/a><a href=\"https:\/\/neuchatel-vins-terroir.ch\/wp-content\/uploads\/2022\/02\/0.-Reglement-de-la-marque_2022.pdf\" class=\"wp-block-file__button\" download=\"\" aria-describedby=\"wp-block-file--media-14f4f4be-c08d-408b-8593-1a4e1e112e2d\">Download<\/a><\/div>\n\n<div class=\"wp-block-buttons is-style-default is-content-justification-center is-layout-flex wp-container-core-buttons-is-layout-a89b3969 wp-block-buttons-is-layout-flex\">\n<div class=\"wp-block-button\"><a class=\"wp-block-button__link\" href=\"https:\/\/neuchatel-vins-terroir.edirekt.app\/\" target=\"_blank\" rel=\"noreferrer noopener\">Label registration<\/a><\/div>\n<\/div>\n\n<div style=\"height:55px\" aria-hidden=\"true\" class=\"wp-block-spacer\"><\/div>\n\n<h2 class=\"wp-block-heading\">Partenaire du Terroir<\/h2>\n\n<p>The promotional body &#8220;Neuch\u00e2tel Vins et Terroir&#8221; (NVT) encourages sales outlets in the Canton of Neuch\u00e2tel to include local products bearing the &#8220;Neuch\u00e2tel Vins et Terroir&#8221; label in their product range. The aim is to support local players and promote the consumption of local products to customers from near and far. This will enable participating stores to stand out from other establishments that don&#8217;t fit into this concept.<\/p>\n\n<h3 class=\"wp-block-heading\">Criteria<\/h3>\n\n<div class=\"wp-block-columns has-light-skin-background-color has-background is-layout-flex wp-container-core-columns-is-layout-28f84493 wp-block-columns-is-layout-flex\">\n<div class=\"wp-block-column is-layout-flow wp-block-column-is-layout-flow\">\n<h4 class=\"wp-block-heading\">Wines<\/h4>\n\n\n\n<p>Neuch\u00e2tel wines need to be promoted. a minimum of one Chasselas, one \u0152il de Perdrix and one Pinot Noir from Neuch\u00e2tel is required<\/p>\n<\/div>\n\n\n\n<div class=\"wp-block-column is-layout-flow wp-block-column-is-layout-flow\">\n<h4 class=\"wp-block-heading\">Local produce<\/h4>\n\n\n\n<p><strong>Trade<\/strong><br\/>Minimum 5 NVT-labeled products<\/p>\n\n\n\n<p><strong>Restaurant<\/strong><br\/>1 menu with 3 labelled products<br\/>4 dishes featuring label products<br\/>4 label cheeses  <br\/>4 Neuch\u00e2tel products for breakfast<\/p>\n<\/div>\n\n\n\n<div class=\"wp-block-column is-layout-flow wp-block-column-is-layout-flow\">\n<h4 class=\"wp-block-heading\">Beverages<\/h4>\n\n\n\n<p>Minimum 1 local non-alcoholic beverage<\/p>\n<\/div>\n\n\n\n<div class=\"wp-block-column is-layout-flow wp-block-column-is-layout-flow\">\n<h4 class=\"wp-block-heading\">Mineral water<\/h4>\n\n\n\n<p>If water is sold, it must be Swiss.<\/p>\n<\/div>\n<\/div>\n\n<div class=\"wp-block-buttons is-content-justification-center is-layout-flex wp-container-core-buttons-is-layout-a89b3969 wp-block-buttons-is-layout-flex\">\n<div class=\"wp-block-button\"><a class=\"wp-block-button__link\" href=\"https:\/\/neuchatel-vins-terroir.ch\/partenaire-du-terroir\/\" target=\"_blank\" rel=\"noreferrer noopener\">Partenaire du Terroir registration<\/a><\/div>\n<\/div>\n\n<div style=\"height:44px\" aria-hidden=\"true\" class=\"wp-block-spacer\"><\/div>\n\n<h2 class=\"wp-block-heading\">Traditional Products  <\/h2>\n\n<p>Traditional products are a product category highlighting the emblematic products of our canton that are part of our heritage, but which unfortunately, for some, cannot meet the criteria for the label.<\/p>\n\n<div class=\"wp-block-columns is-layout-flex wp-container-core-columns-is-layout-28f84493 wp-block-columns-is-layout-flex\">\n<div class=\"wp-block-column is-layout-flow wp-block-column-is-layout-flow\">\n<h4 class=\"has-text-align-center wp-block-heading\">Absinthe<br\/><\/h4>\n\n\n\n<figure class=\"wp-block-image aligncenter size-thumbnail\"><img decoding=\"async\" src=\"https:\/\/neuchatel-vins-terroir.ch\/wp-content\/uploads\/2022\/02\/Association-Pays-de-labsinthe-&#xAE;Guillaume-Perret_absinthe2-150x150.jpg\" alt=\"\" class=\"wp-image-27010\"\/><\/figure>\n<\/div>\n\n\n\n<div class=\"wp-block-column is-layout-flow wp-block-column-is-layout-flow\">\n<h4 class=\"has-text-align-center wp-block-heading\">Chocolate<br\/><\/h4>\n\n\n\n<figure class=\"wp-block-image aligncenter size-thumbnail\"><img loading=\"lazy\" decoding=\"async\" width=\"150\" height=\"150\" src=\"https:\/\/neuchatel-vins-terroir.ch\/wp-content\/uploads\/2022\/02\/chocolates-2224998_640-150x150.jpg\" alt=\"\" class=\"wp-image-27013\" srcset=\"https:\/\/neuchatel-vins-terroir.ch\/wp-content\/uploads\/2022\/02\/chocolates-2224998_640-150x150.jpg 150w, https:\/\/neuchatel-vins-terroir.ch\/wp-content\/uploads\/2022\/02\/chocolates-2224998_640-300x300.jpg 300w, https:\/\/neuchatel-vins-terroir.ch\/wp-content\/uploads\/2022\/02\/chocolates-2224998_640-100x100.jpg 100w\" sizes=\"auto, (max-width: 150px) 100vw, 150px\" \/><\/figure>\n<\/div>\n\n\n\n<div class=\"wp-block-column is-layout-flow wp-block-column-is-layout-flow\">\n<h4 class=\"has-text-align-center wp-block-heading\">Neuch\u00e2tel sausage<\/h4>\n\n\n\n<figure class=\"wp-block-image aligncenter size-thumbnail\"><img loading=\"lazy\" decoding=\"async\" width=\"150\" height=\"150\" src=\"https:\/\/neuchatel-vins-terroir.ch\/wp-content\/uploads\/2022\/02\/MartinWeiss_MONT_TDR_NERando_Torree_24-150x150.jpg\" alt=\"\" class=\"wp-image-27019\" srcset=\"https:\/\/neuchatel-vins-terroir.ch\/wp-content\/uploads\/2022\/02\/MartinWeiss_MONT_TDR_NERando_Torree_24-150x150.jpg 150w, https:\/\/neuchatel-vins-terroir.ch\/wp-content\/uploads\/2022\/02\/MartinWeiss_MONT_TDR_NERando_Torree_24-300x300.jpg 300w, https:\/\/neuchatel-vins-terroir.ch\/wp-content\/uploads\/2022\/02\/MartinWeiss_MONT_TDR_NERando_Torree_24-100x100.jpg 100w\" sizes=\"auto, (max-width: 150px) 100vw, 150px\" \/><\/figure>\n<\/div>\n\n\n\n<div class=\"wp-block-column is-layout-flow wp-block-column-is-layout-flow\">\n<h4 class=\"has-text-align-center wp-block-heading\">Cheeses<br\/><\/h4>\n\n\n\n<figure class=\"wp-block-image aligncenter size-thumbnail\"><img loading=\"lazy\" decoding=\"async\" width=\"150\" height=\"150\" src=\"https:\/\/neuchatel-vins-terroir.ch\/wp-content\/uploads\/2022\/02\/V2_Guillaume-Perret-3-1-150x150.jpg\" alt=\"\" class=\"wp-image-27031\" srcset=\"https:\/\/neuchatel-vins-terroir.ch\/wp-content\/uploads\/2022\/02\/V2_Guillaume-Perret-3-1-150x150.jpg 150w, https:\/\/neuchatel-vins-terroir.ch\/wp-content\/uploads\/2022\/02\/V2_Guillaume-Perret-3-1-300x300.jpg 300w, https:\/\/neuchatel-vins-terroir.ch\/wp-content\/uploads\/2022\/02\/V2_Guillaume-Perret-3-1-100x100.jpg 100w\" sizes=\"auto, (max-width: 150px) 100vw, 150px\" \/><\/figure>\n<\/div>\n\n\n\n<div class=\"wp-block-column is-layout-flow wp-block-column-is-layout-flow\">\n<h4 class=\"has-text-align-center wp-block-heading\">Taillaule<br\/><\/h4>\n\n\n\n<figure class=\"wp-block-image aligncenter size-thumbnail\"><img loading=\"lazy\" decoding=\"async\" width=\"150\" height=\"150\" src=\"https:\/\/neuchatel-vins-terroir.ch\/wp-content\/uploads\/2022\/02\/taillaule-neuchatel-drapeau-ne-150x150.jpg\" alt=\"\" class=\"wp-image-27025\" srcset=\"https:\/\/neuchatel-vins-terroir.ch\/wp-content\/uploads\/2022\/02\/taillaule-neuchatel-drapeau-ne-150x150.jpg 150w, https:\/\/neuchatel-vins-terroir.ch\/wp-content\/uploads\/2022\/02\/taillaule-neuchatel-drapeau-ne-300x300.jpg 300w, https:\/\/neuchatel-vins-terroir.ch\/wp-content\/uploads\/2022\/02\/taillaule-neuchatel-drapeau-ne-100x100.jpg 100w\" sizes=\"auto, (max-width: 150px) 100vw, 150px\" \/><\/figure>\n<\/div>\n<\/div>\n\n<div class=\"wp-block-buttons is-content-justification-center is-layout-flex wp-container-core-buttons-is-layout-a89b3969 wp-block-buttons-is-layout-flex\">\n<div class=\"wp-block-button\"><a class=\"wp-block-button__link\" href=\"https:\/\/neuchatel-vins-terroir.ch\/produits-traditionnels\/\" target=\"_blank\" rel=\"noreferrer noopener\">Registration and payment<\/a><\/div>\n<\/div>\n","protected":false},"excerpt":{"rendered":"<p>Labelled products The &#8220;Neuch\u00e2tel Vins et Terroir&#8221; label follows the precepts of the national regio.garantie guidelines, which are the property [&hellip;]<\/p>\n","protected":false},"author":25,"featured_media":0,"parent":0,"menu_order":55,"comment_status":"closed","ping_status":"closed","template":"","meta":{"_acf_changed":false,"footnotes":""},"class_list":["post-36317","page","type-page","status-publish","hentry"],"acf":[],"publishpress_future_workflow_manual_trigger":{"enabledWorkflows":[]},"_links":{"self":[{"href":"https:\/\/neuchatel-vins-terroir.ch\/en\/wp-json\/wp\/v2\/pages\/36317","targetHints":{"allow":["GET"]}}],"collection":[{"href":"https:\/\/neuchatel-vins-terroir.ch\/en\/wp-json\/wp\/v2\/pages"}],"about":[{"href":"https:\/\/neuchatel-vins-terroir.ch\/en\/wp-json\/wp\/v2\/types\/page"}],"author":[{"embeddable":true,"href":"https:\/\/neuchatel-vins-terroir.ch\/en\/wp-json\/wp\/v2\/users\/25"}],"replies":[{"embeddable":true,"href":"https:\/\/neuchatel-vins-terroir.ch\/en\/wp-json\/wp\/v2\/comments?post=36317"}],"version-history":[{"count":1,"href":"https:\/\/neuchatel-vins-terroir.ch\/en\/wp-json\/wp\/v2\/pages\/36317\/revisions"}],"predecessor-version":[{"id":36318,"href":"https:\/\/neuchatel-vins-terroir.ch\/en\/wp-json\/wp\/v2\/pages\/36317\/revisions\/36318"}],"wp:attachment":[{"href":"https:\/\/neuchatel-vins-terroir.ch\/en\/wp-json\/wp\/v2\/media?parent=36317"}],"curies":[{"name":"wp","href":"https:\/\/api.w.org\/{rel}","templated":true}]}}