{"id":36321,"date":"2023-12-04T13:24:33","date_gmt":"2023-12-04T13:24:33","guid":{"rendered":"https:\/\/neuchatel-vins-terroir.ch\/neuchatel-bread\/"},"modified":"2023-12-04T13:24:35","modified_gmt":"2023-12-04T13:24:35","slug":"neuchatel-bread","status":"publish","type":"page","link":"https:\/\/neuchatel-vins-terroir.ch\/en\/neuchatel-bread\/","title":{"rendered":"Neuch\u00e2tel bread"},"content":{"rendered":"\n<h2 class=\"wp-block-heading\">Do we have official bread in Neuch\u00e2tel?<\/h2>\n\n<blockquote class=\"wp-block-quote is-layout-flow wp-block-quote-is-layout-flow\"><p>And yes, like all Swiss cantons, Neuch\u00e2tel also has its own bread!<\/p><\/blockquote>\n\n<div style=\"height:42px\" aria-hidden=\"true\" class=\"wp-block-spacer\"><\/div>\n\n<h3 class=\"wp-block-heading\">Its history<\/h3>\n\n<p>As many enthusiasts can attest, Pain Neuch\u00e2telois has been part of our tradition for over 100 years, well before the formation of the Association neuch\u00e2teloise des patrons boulangers-p\u00e2tissiers. Its first written record dates back to 1964. It appears in the bakery and pastry manual &#8220;Le boulanger-p\u00e2tissier suisse&#8221; published by the Richemont School.  <\/p>\n\n<p>In the 1960s, a delegation from the Association neuch\u00e2teloise des patrons boulangers-p\u00e2tissiers (Neuch\u00e2tel association of bakers and confectioners) published a recipe to be followed in order to create a cantonal bread. With the evolution of agriculture, the recipe has somewhat lost the rules laid down in 1960. Its shape, on the other hand, has never changed, and the two bonded balls can be separated at the time of purchase to suit the customer&#8217;s wishes.<\/p>\n\n<p>At the time, Neuch\u00e2tel bread was known and consumed by everyone in our canton.<\/p>\n\n<div style=\"height:42px\" aria-hidden=\"true\" class=\"wp-block-spacer\"><\/div>\n\n<h3 class=\"wp-block-heading\">Its rebirth<\/h3>\n\n<p><\/p>\n\n<div class=\"wp-block-columns is-layout-flex wp-container-core-columns-is-layout-28f84493 wp-block-columns-is-layout-flex\">\n<div class=\"wp-block-column is-layout-flow wp-block-column-is-layout-flow\">\n<p>Today, our bakeries offer a wide range of breads. The owner&#8217;s specialities, as well as traditional breads such as the Taillaule. Yet few bakeries still stock Pain Neuch\u00e2telois on their shelves. In order not to lose this cantonal tradition, a working group was set up, with the support of local artisan bakers.<\/p>\n<\/div>\n\n\n\n<div class=\"wp-block-column is-layout-flow wp-block-column-is-layout-flow\">\n<h4 class=\"wp-block-heading\">Working group<\/h4>\n\n\n\n<ul class=\"wp-block-list\"><li>Boulangerie Conrad au Landeron &#8211; Mr Jean-Pierre Conrad and Mr Damien Dubois &#8211; <em>Initiators<\/em><\/li><li>Tarterie du Littoral &#8211; Mr Nicolas Perriard &#8211; <em>Initiator and President Boulangers neuch\u00e2telois<\/em><\/li><li>Neuch\u00e2tel Vins et Terroir &#8211; Ms Sophie Rohrer<em> &#8211; Project coordinator<\/em><\/li><li>Moulin de Valangin &#8211; Mr G\u00e9rald Tock<em> &#8211; Milling coordinator<\/em><\/li><li>CNAV &#8211; Mr. Yann Huguelit to Director &#8211; <em>Agricultural<em>coordinator <\/em><\/em><\/li><li>Boulangerie M\u00e4der &#8211; Mr Christian Maeder &#8211; <em>Bread quality manager<\/em><\/li><\/ul>\n<\/div>\n<\/div>\n\n<h4 class=\"wp-block-heading\"><\/h4>\n\n<div style=\"height:42px\" aria-hidden=\"true\" class=\"wp-block-spacer\"><\/div>\n\n<h3 class=\"wp-block-heading\">its innovation<\/h3>\n\n<p>A basic recipe, made from Neuch\u00e2tel flour, governs the production of Pain Neuch\u00e2telois. The baker then adds his personal ingredient. The latter can be of various kinds, but must be from Neuch\u00e2tel. Our aim with this project is to revive this tradition, while respecting the values of the Neuch\u00e2tel Vins et Terroir label.<\/p>\n\n<p>Bakers have accustomed their customers to modern, more complex products that meet consumer expectations. The working group felt it was important not to restrict bakers&#8217; imagination, and to give them the opportunity to personalize their breads and adapt them to the different seasons.<\/p>\n\n<div style=\"height:42px\" aria-hidden=\"true\" class=\"wp-block-spacer\"><\/div>\n\n<h3 class=\"wp-block-heading\">Where do you get this bread?<\/h3>\n<div id=\"block-block_62ff3d80ec51a\" class=\"block-product-nvt\">\n    \n    \n    \n\n<\/div>\n<div class=\"wp-block-columns is-layout-flex wp-container-core-columns-is-layout-28f84493 wp-block-columns-is-layout-flex\">\n<div class=\"wp-block-column is-layout-flow wp-block-column-is-layout-flow\" style=\"flex-basis:33.33%\">\n<figure class=\"wp-block-image size-large\"><img loading=\"lazy\" decoding=\"async\" width=\"1024\" height=\"1024\" src=\"https:\/\/neuchatel-vins-terroir.ch\/wp-content\/uploads\/2021\/12\/Moulin-de-Valangin-1024x1024.png\" alt=\"\" class=\"wp-image-1281\" srcset=\"https:\/\/neuchatel-vins-terroir.ch\/wp-content\/uploads\/2021\/12\/Moulin-de-Valangin-1024x1024.png 1024w, https:\/\/neuchatel-vins-terroir.ch\/wp-content\/uploads\/2021\/12\/Moulin-de-Valangin-300x300.png 300w, https:\/\/neuchatel-vins-terroir.ch\/wp-content\/uploads\/2021\/12\/Moulin-de-Valangin-100x100.png 100w, https:\/\/neuchatel-vins-terroir.ch\/wp-content\/uploads\/2021\/12\/Moulin-de-Valangin-600x600.png 600w, https:\/\/neuchatel-vins-terroir.ch\/wp-content\/uploads\/2021\/12\/Moulin-de-Valangin-150x150.png 150w, https:\/\/neuchatel-vins-terroir.ch\/wp-content\/uploads\/2021\/12\/Moulin-de-Valangin-768x768.png 768w, https:\/\/neuchatel-vins-terroir.ch\/wp-content\/uploads\/2021\/12\/Moulin-de-Valangin.png 1181w\" sizes=\"auto, (max-width: 1024px) 100vw, 1024px\" \/><\/figure>\n<\/div>\n\n\n\n<div class=\"wp-block-column is-layout-flow wp-block-column-is-layout-flow\" style=\"flex-basis:66.66%\">\n<h2 class=\"wp-block-heading\">These bakers work with flour from Valangin Mill<\/h2>\n\n\n\n<ul class=\"wp-block-list\"><li>Boulangerie de la Br\u00e9vine<\/li><li>Boulangerie de la Gourmandise<\/li><li>Tarterie du Littoral<\/li><\/ul>\n<\/div>\n<\/div>\n\n<h3 class=\"wp-block-heading\">And the recipe?<\/h3>\n\n<div class=\"wp-block-columns is-layout-flex wp-container-core-columns-is-layout-28f84493 wp-block-columns-is-layout-flex\">\n<div class=\"wp-block-column is-layout-flow wp-block-column-is-layout-flow\" style=\"flex-basis:66.66%\">\n<h4 class=\"wp-block-heading\">Basic ingredients<\/h4>\n\n\n\n<ul class=\"wp-block-list\"><li>1\/3 Bise neuch\u00e2teloise flour and 2\/3 semi-white flour<\/li><li>Water<\/li><li>Swiss salt<\/li><li>Yeast<\/li><\/ul>\n\n\n\n<h4 class=\"wp-block-heading\">Customization possible<\/h4>\n\n\n\n<figure class=\"wp-block-table\"><table><tbody><tr><td>\n          <strong>Personalization<\/strong>\n        <\/td><td>\n          <strong>Examples<\/strong>\n        <\/td><\/tr><tr><td>\n          <em>Addition of a Neuch\u00e2tel cereal or grain<\/em>\n        <\/td><td>Rapeseed, quinoa, mustard, others&#8230;<\/td><\/tr><tr><td>\n          <em>Neuch\u00e2tel herb infusion for autolysis<\/em>\n        <\/td><td>Absinthe, linden, others&#8230;<\/td><\/tr><tr><td>\n          <em>Add 1 more Neuch&#8217;ateloise flour<\/em>\n        <\/td><td>Rouge de Bordeau, petit \u00e9peautre, others&#8230;<\/td><\/tr><\/tbody><\/table><\/figure>\n\n\n\n<p>Any additions must be approved by the working group beforehand.<\/p>\n\n\n\n<h4 class=\"wp-block-heading\"><\/h4>\n<\/div>\n\n\n\n<div class=\"wp-block-column is-layout-flow wp-block-column-is-layout-flow\" style=\"flex-basis:33.33%\">\n<div style=\"height:31px\" aria-hidden=\"true\" class=\"wp-block-spacer\"><\/div>\n\n\n\n<figure class=\"wp-block-image size-full\"><img loading=\"lazy\" decoding=\"async\" width=\"801\" height=\"601\" src=\"https:\/\/neuchatel-vins-terroir.ch\/wp-content\/uploads\/2022\/08\/PainNeuch.jpg\" alt=\"\" class=\"wp-image-30177\" srcset=\"https:\/\/neuchatel-vins-terroir.ch\/wp-content\/uploads\/2022\/08\/PainNeuch.jpg 801w, https:\/\/neuchatel-vins-terroir.ch\/wp-content\/uploads\/2022\/08\/PainNeuch-300x225.jpg 300w, https:\/\/neuchatel-vins-terroir.ch\/wp-content\/uploads\/2022\/08\/PainNeuch-768x576.jpg 768w, https:\/\/neuchatel-vins-terroir.ch\/wp-content\/uploads\/2022\/08\/PainNeuch-600x450.jpg 600w\" sizes=\"auto, (max-width: 801px) 100vw, 801px\" \/><figcaption>The traditional shape of Neuch\u00e2tel bread<\/figcaption><\/figure>\n\n\n\n<h4 class=\"wp-block-heading\">Shape<\/h4>\n\n\n\n<p>The idea is to keep the traditional shape and flock it with the NE initials of our canton.<\/p>\n<\/div>\n<\/div>\n\n<h3 class=\"wp-block-heading\">NVT certification (mandatory)<\/h3>\n\n<p>Participating bakeries must obtain the Neuch\u00e2tel Vins et Terroir label to produce their Neuch\u00e2tel bread. This label guarantees that at least 80% of your product&#8217;s raw materials come from the Canton of Neuch\u00e2tel.<\/p>\n\n<p><\/p>\n","protected":false},"excerpt":{"rendered":"<p>Do we have official bread in Neuch\u00e2tel? And yes, like all Swiss cantons, Neuch\u00e2tel also has its own bread! Its [&hellip;]<\/p>\n","protected":false},"author":25,"featured_media":0,"parent":0,"menu_order":47,"comment_status":"closed","ping_status":"closed","template":"","meta":{"_acf_changed":false,"_kad_blocks_custom_css":"","_kad_blocks_head_custom_js":"","_kad_blocks_body_custom_js":"","_kad_blocks_footer_custom_js":"","footnotes":""},"class_list":["post-36321","page","type-page","status-publish","hentry"],"acf":[],"yoast_head":"<!-- This site is optimized with the Yoast SEO plugin v27.4 - https:\/\/yoast.com\/product\/yoast-seo-wordpress\/ -->\n<title>Neuch\u00e2tel bread - Neuch\u00e2tel vins et terroir<\/title>\n<meta name=\"robots\" content=\"index, follow, max-snippet:-1, max-image-preview:large, max-video-preview:-1\" \/>\n<link rel=\"canonical\" href=\"https:\/\/neuchatel-vins-terroir.ch\/en\/neuchatel-bread\/\" \/>\n<meta property=\"og:locale\" content=\"en_US\" \/>\n<meta property=\"og:type\" content=\"article\" \/>\n<meta property=\"og:title\" content=\"Neuch\u00e2tel bread - Neuch\u00e2tel vins et terroir\" \/>\n<meta property=\"og:description\" content=\"Do we have official bread in Neuch\u00e2tel? And yes, like all Swiss cantons, Neuch\u00e2tel also has its own bread! Its [&hellip;]\" \/>\n<meta property=\"og:url\" content=\"https:\/\/neuchatel-vins-terroir.ch\/en\/neuchatel-bread\/\" \/>\n<meta property=\"og:site_name\" content=\"Neuch\u00e2tel vins et terroir\" \/>\n<meta property=\"article:modified_time\" content=\"2023-12-04T13:24:35+00:00\" \/>\n<meta property=\"og:image\" content=\"https:\/\/neuchatel-vins-terroir.ch\/wp-content\/uploads\/2021\/12\/Moulin-de-Valangin.png\" \/>\n\t<meta property=\"og:image:width\" content=\"1181\" \/>\n\t<meta property=\"og:image:height\" content=\"1181\" \/>\n\t<meta property=\"og:image:type\" content=\"image\/png\" \/>\n<meta name=\"twitter:card\" content=\"summary_large_image\" \/>\n<meta name=\"twitter:label1\" content=\"Est. reading time\" \/>\n\t<meta name=\"twitter:data1\" content=\"3 minutes\" \/>\n<script type=\"application\/ld+json\" class=\"yoast-schema-graph\">{\"@context\":\"https:\\\/\\\/schema.org\",\"@graph\":[{\"@type\":\"WebPage\",\"@id\":\"https:\\\/\\\/neuchatel-vins-terroir.ch\\\/en\\\/neuchatel-bread\\\/\",\"url\":\"https:\\\/\\\/neuchatel-vins-terroir.ch\\\/en\\\/neuchatel-bread\\\/\",\"name\":\"Neuch\u00e2tel bread - Neuch\u00e2tel vins et terroir\",\"isPartOf\":{\"@id\":\"https:\\\/\\\/neuchatel-vins-terroir.ch\\\/#website\"},\"primaryImageOfPage\":{\"@id\":\"https:\\\/\\\/neuchatel-vins-terroir.ch\\\/en\\\/neuchatel-bread\\\/#primaryimage\"},\"image\":{\"@id\":\"https:\\\/\\\/neuchatel-vins-terroir.ch\\\/en\\\/neuchatel-bread\\\/#primaryimage\"},\"thumbnailUrl\":\"https:\\\/\\\/neuchatel-vins-terroir.ch\\\/wp-content\\\/uploads\\\/2021\\\/12\\\/Moulin-de-Valangin-1024x1024.png\",\"datePublished\":\"2023-12-04T13:24:33+00:00\",\"dateModified\":\"2023-12-04T13:24:35+00:00\",\"breadcrumb\":{\"@id\":\"https:\\\/\\\/neuchatel-vins-terroir.ch\\\/en\\\/neuchatel-bread\\\/#breadcrumb\"},\"inLanguage\":\"en-US\",\"potentialAction\":[{\"@type\":\"ReadAction\",\"target\":[\"https:\\\/\\\/neuchatel-vins-terroir.ch\\\/en\\\/neuchatel-bread\\\/\"]}]},{\"@type\":\"ImageObject\",\"inLanguage\":\"en-US\",\"@id\":\"https:\\\/\\\/neuchatel-vins-terroir.ch\\\/en\\\/neuchatel-bread\\\/#primaryimage\",\"url\":\"https:\\\/\\\/neuchatel-vins-terroir.ch\\\/wp-content\\\/uploads\\\/2021\\\/12\\\/Moulin-de-Valangin-1024x1024.png\",\"contentUrl\":\"https:\\\/\\\/neuchatel-vins-terroir.ch\\\/wp-content\\\/uploads\\\/2021\\\/12\\\/Moulin-de-Valangin-1024x1024.png\"},{\"@type\":\"BreadcrumbList\",\"@id\":\"https:\\\/\\\/neuchatel-vins-terroir.ch\\\/en\\\/neuchatel-bread\\\/#breadcrumb\",\"itemListElement\":[{\"@type\":\"ListItem\",\"position\":1,\"name\":\"Accueil\",\"item\":\"https:\\\/\\\/neuchatel-vins-terroir.ch\\\/en\\\/home\\\/\"},{\"@type\":\"ListItem\",\"position\":2,\"name\":\"Neuch\u00e2tel bread\"}]},{\"@type\":\"WebSite\",\"@id\":\"https:\\\/\\\/neuchatel-vins-terroir.ch\\\/#website\",\"url\":\"https:\\\/\\\/neuchatel-vins-terroir.ch\\\/\",\"name\":\"Neuch\u00e2tel vins et terroir\",\"description\":\"Votre lien avec un terroir de caract\u00e8re\",\"publisher\":{\"@id\":\"https:\\\/\\\/neuchatel-vins-terroir.ch\\\/#organization\"},\"potentialAction\":[{\"@type\":\"SearchAction\",\"target\":{\"@type\":\"EntryPoint\",\"urlTemplate\":\"https:\\\/\\\/neuchatel-vins-terroir.ch\\\/?s={search_term_string}\"},\"query-input\":{\"@type\":\"PropertyValueSpecification\",\"valueRequired\":true,\"valueName\":\"search_term_string\"}}],\"inLanguage\":\"en-US\"},{\"@type\":\"Organization\",\"@id\":\"https:\\\/\\\/neuchatel-vins-terroir.ch\\\/#organization\",\"name\":\"Neuch\u00e2tel vins et terroir\",\"url\":\"https:\\\/\\\/neuchatel-vins-terroir.ch\\\/\",\"logo\":{\"@type\":\"ImageObject\",\"inLanguage\":\"en-US\",\"@id\":\"https:\\\/\\\/neuchatel-vins-terroir.ch\\\/#\\\/schema\\\/logo\\\/image\\\/\",\"url\":\"https:\\\/\\\/neuchatel-vins-terroir.ch\\\/wp-content\\\/uploads\\\/2021\\\/11\\\/logo_nvt.svg\",\"contentUrl\":\"https:\\\/\\\/neuchatel-vins-terroir.ch\\\/wp-content\\\/uploads\\\/2021\\\/11\\\/logo_nvt.svg\",\"width\":156,\"height\":82,\"caption\":\"Neuch\u00e2tel vins et terroir\"},\"image\":{\"@id\":\"https:\\\/\\\/neuchatel-vins-terroir.ch\\\/#\\\/schema\\\/logo\\\/image\\\/\"}}]}<\/script>\n<!-- \/ Yoast SEO plugin. -->","yoast_head_json":{"title":"Neuch\u00e2tel bread - Neuch\u00e2tel vins et terroir","robots":{"index":"index","follow":"follow","max-snippet":"max-snippet:-1","max-image-preview":"max-image-preview:large","max-video-preview":"max-video-preview:-1"},"canonical":"https:\/\/neuchatel-vins-terroir.ch\/en\/neuchatel-bread\/","og_locale":"en_US","og_type":"article","og_title":"Neuch\u00e2tel bread - Neuch\u00e2tel vins et terroir","og_description":"Do we have official bread in Neuch\u00e2tel? And yes, like all Swiss cantons, Neuch\u00e2tel also has its own bread! Its [&hellip;]","og_url":"https:\/\/neuchatel-vins-terroir.ch\/en\/neuchatel-bread\/","og_site_name":"Neuch\u00e2tel vins et terroir","article_modified_time":"2023-12-04T13:24:35+00:00","og_image":[{"width":1181,"height":1181,"url":"https:\/\/neuchatel-vins-terroir.ch\/wp-content\/uploads\/2021\/12\/Moulin-de-Valangin.png","type":"image\/png"}],"twitter_card":"summary_large_image","twitter_misc":{"Est. reading time":"3 minutes"},"schema":{"@context":"https:\/\/schema.org","@graph":[{"@type":"WebPage","@id":"https:\/\/neuchatel-vins-terroir.ch\/en\/neuchatel-bread\/","url":"https:\/\/neuchatel-vins-terroir.ch\/en\/neuchatel-bread\/","name":"Neuch\u00e2tel bread - Neuch\u00e2tel vins et terroir","isPartOf":{"@id":"https:\/\/neuchatel-vins-terroir.ch\/#website"},"primaryImageOfPage":{"@id":"https:\/\/neuchatel-vins-terroir.ch\/en\/neuchatel-bread\/#primaryimage"},"image":{"@id":"https:\/\/neuchatel-vins-terroir.ch\/en\/neuchatel-bread\/#primaryimage"},"thumbnailUrl":"https:\/\/neuchatel-vins-terroir.ch\/wp-content\/uploads\/2021\/12\/Moulin-de-Valangin-1024x1024.png","datePublished":"2023-12-04T13:24:33+00:00","dateModified":"2023-12-04T13:24:35+00:00","breadcrumb":{"@id":"https:\/\/neuchatel-vins-terroir.ch\/en\/neuchatel-bread\/#breadcrumb"},"inLanguage":"en-US","potentialAction":[{"@type":"ReadAction","target":["https:\/\/neuchatel-vins-terroir.ch\/en\/neuchatel-bread\/"]}]},{"@type":"ImageObject","inLanguage":"en-US","@id":"https:\/\/neuchatel-vins-terroir.ch\/en\/neuchatel-bread\/#primaryimage","url":"https:\/\/neuchatel-vins-terroir.ch\/wp-content\/uploads\/2021\/12\/Moulin-de-Valangin-1024x1024.png","contentUrl":"https:\/\/neuchatel-vins-terroir.ch\/wp-content\/uploads\/2021\/12\/Moulin-de-Valangin-1024x1024.png"},{"@type":"BreadcrumbList","@id":"https:\/\/neuchatel-vins-terroir.ch\/en\/neuchatel-bread\/#breadcrumb","itemListElement":[{"@type":"ListItem","position":1,"name":"Accueil","item":"https:\/\/neuchatel-vins-terroir.ch\/en\/home\/"},{"@type":"ListItem","position":2,"name":"Neuch\u00e2tel bread"}]},{"@type":"WebSite","@id":"https:\/\/neuchatel-vins-terroir.ch\/#website","url":"https:\/\/neuchatel-vins-terroir.ch\/","name":"Neuch\u00e2tel vins et terroir","description":"Votre lien avec un terroir de caract\u00e8re","publisher":{"@id":"https:\/\/neuchatel-vins-terroir.ch\/#organization"},"potentialAction":[{"@type":"SearchAction","target":{"@type":"EntryPoint","urlTemplate":"https:\/\/neuchatel-vins-terroir.ch\/?s={search_term_string}"},"query-input":{"@type":"PropertyValueSpecification","valueRequired":true,"valueName":"search_term_string"}}],"inLanguage":"en-US"},{"@type":"Organization","@id":"https:\/\/neuchatel-vins-terroir.ch\/#organization","name":"Neuch\u00e2tel vins et terroir","url":"https:\/\/neuchatel-vins-terroir.ch\/","logo":{"@type":"ImageObject","inLanguage":"en-US","@id":"https:\/\/neuchatel-vins-terroir.ch\/#\/schema\/logo\/image\/","url":"https:\/\/neuchatel-vins-terroir.ch\/wp-content\/uploads\/2021\/11\/logo_nvt.svg","contentUrl":"https:\/\/neuchatel-vins-terroir.ch\/wp-content\/uploads\/2021\/11\/logo_nvt.svg","width":156,"height":82,"caption":"Neuch\u00e2tel vins et terroir"},"image":{"@id":"https:\/\/neuchatel-vins-terroir.ch\/#\/schema\/logo\/image\/"}}]}},"taxonomy_info":[],"featured_image_src_large":false,"author_info":{"display_name":"Neuchatel Vins et Terroir NVT","author_link":"https:\/\/neuchatel-vins-terroir.ch\/en\/author\/nvt\/"},"comment_info":0,"publishpress_future_workflow_manual_trigger":{"enabledWorkflows":[]},"_links":{"self":[{"href":"https:\/\/neuchatel-vins-terroir.ch\/en\/wp-json\/wp\/v2\/pages\/36321","targetHints":{"allow":["GET"]}}],"collection":[{"href":"https:\/\/neuchatel-vins-terroir.ch\/en\/wp-json\/wp\/v2\/pages"}],"about":[{"href":"https:\/\/neuchatel-vins-terroir.ch\/en\/wp-json\/wp\/v2\/types\/page"}],"author":[{"embeddable":true,"href":"https:\/\/neuchatel-vins-terroir.ch\/en\/wp-json\/wp\/v2\/users\/25"}],"replies":[{"embeddable":true,"href":"https:\/\/neuchatel-vins-terroir.ch\/en\/wp-json\/wp\/v2\/comments?post=36321"}],"version-history":[{"count":1,"href":"https:\/\/neuchatel-vins-terroir.ch\/en\/wp-json\/wp\/v2\/pages\/36321\/revisions"}],"predecessor-version":[{"id":36322,"href":"https:\/\/neuchatel-vins-terroir.ch\/en\/wp-json\/wp\/v2\/pages\/36321\/revisions\/36322"}],"wp:attachment":[{"href":"https:\/\/neuchatel-vins-terroir.ch\/en\/wp-json\/wp\/v2\/media?parent=36321"}],"curies":[{"name":"wp","href":"https:\/\/api.w.org\/{rel}","templated":true}]}}