{"id":36352,"date":"2023-12-04T13:28:05","date_gmt":"2023-12-04T13:28:05","guid":{"rendered":"https:\/\/neuchatel-vins-terroir.ch\/wines\/grape-varieties\/"},"modified":"2024-05-08T10:21:30","modified_gmt":"2024-05-08T10:21:30","slug":"grape-varieties","status":"publish","type":"page","link":"https:\/\/neuchatel-vins-terroir.ch\/en\/wines\/grape-varieties\/","title":{"rendered":"Grape varieties"},"content":{"rendered":"\n<h3 class=\"wp-block-heading has-text-align-center\">In its quest for authenticity and quality, the vineyards of Neuch\u00e2tel have deliberately restricted their choice of grape varieties. Here are descriptions of the main grape varieties planted in the canton of Neuch\u00e2tel.<\/h3>\n\n\n\n<p class=\"has-text-align-center\">Currently, white grape varieties occupy 40% of the surface area, mainly Chasselas, Pinot Gris, and Chardonnay. As for red grape varieties, 60% consists mainly of Pinot Noir. Only twelve grape varieties are eligible for the Neuch\u00e2tel appellation d&#8217;origine contr\u00f4l\u00e9e label, the goal is to preserve quality and authenticity. Take a look at these different grape varieties.<\/p>\n\n\n\n<div style=\"height:41px\" aria-hidden=\"true\" class=\"wp-block-spacer\"><\/div>\n","protected":false},"excerpt":{"rendered":"<p>In its quest for authenticity and quality, the vineyards of Neuch\u00e2tel have deliberately restricted their choice of grape varieties. Here [&hellip;]<\/p>\n","protected":false},"author":9,"featured_media":0,"parent":36030,"menu_order":108,"comment_status":"closed","ping_status":"closed","template":"template-cepage.php","meta":{"_acf_changed":false,"footnotes":""},"class_list":["post-36352","page","type-page","status-publish","hentry"],"acf":[],"publishpress_future_workflow_manual_trigger":{"enabledWorkflows":[]},"_links":{"self":[{"href":"https:\/\/neuchatel-vins-terroir.ch\/en\/wp-json\/wp\/v2\/pages\/36352","targetHints":{"allow":["GET"]}}],"collection":[{"href":"https:\/\/neuchatel-vins-terroir.ch\/en\/wp-json\/wp\/v2\/pages"}],"about":[{"href":"https:\/\/neuchatel-vins-terroir.ch\/en\/wp-json\/wp\/v2\/types\/page"}],"author":[{"embeddable":true,"href":"https:\/\/neuchatel-vins-terroir.ch\/en\/wp-json\/wp\/v2\/users\/9"}],"replies":[{"embeddable":true,"href":"https:\/\/neuchatel-vins-terroir.ch\/en\/wp-json\/wp\/v2\/comments?post=36352"}],"version-history":[{"count":2,"href":"https:\/\/neuchatel-vins-terroir.ch\/en\/wp-json\/wp\/v2\/pages\/36352\/revisions"}],"predecessor-version":[{"id":38446,"href":"https:\/\/neuchatel-vins-terroir.ch\/en\/wp-json\/wp\/v2\/pages\/36352\/revisions\/38446"}],"up":[{"embeddable":true,"href":"https:\/\/neuchatel-vins-terroir.ch\/en\/wp-json\/wp\/v2\/pages\/36030"}],"wp:attachment":[{"href":"https:\/\/neuchatel-vins-terroir.ch\/en\/wp-json\/wp\/v2\/media?parent=36352"}],"curies":[{"name":"wp","href":"https:\/\/api.w.org\/{rel}","templated":true}]}}